{"id":2650,"date":"2020-09-29T19:27:23","date_gmt":"2020-09-29T19:27:23","guid":{"rendered":"https:\/\/opticomtech.com\/garantia\/"},"modified":"2022-02-10T16:48:08","modified_gmt":"2022-02-10T16:48:08","slug":"garantia","status":"publish","type":"page","link":"https:\/\/opticomtech.com\/es\/garantia\/","title":{"rendered":"Garant\u00eda"},"content":{"rendered":"\t\t<div data-elementor-type=\"wp-page\" data-elementor-id=\"2650\" class=\"elementor elementor-2650 elementor-1138\" data-elementor-post-type=\"page\">\n\t\t\t\t\t\t<section class=\"elementor-section elementor-top-section elementor-element elementor-element-09da30c elementor-section-boxed elementor-section-height-default elementor-section-height-default\" data-id=\"09da30c\" data-element_type=\"section\" data-e-type=\"section\">\n\t\t\t\t\t\t<div class=\"elementor-container elementor-column-gap-default\">\n\t\t\t\t\t<div class=\"elementor-column elementor-col-100 elementor-top-column elementor-element elementor-element-f9be57a\" data-id=\"f9be57a\" data-element_type=\"column\" data-e-type=\"column\">\n\t\t\t<div class=\"elementor-widget-wrap elementor-element-populated\">\n\t\t\t\t\t\t<div class=\"elementor-element elementor-element-83170ca elementor-widget elementor-widget-text-editor\" data-id=\"83170ca\" data-element_type=\"widget\" data-e-type=\"widget\" data-widget_type=\"text-editor.default\">\n\t\t\t\t<div class=\"elementor-widget-container\">\n\t\t\t\t\t\t\t\t\t<p><strong>LA GARANT\u00cdA DEL PRODUCTO<\/strong><br>Opticom reparar\u00e1 o reemplazar\u00e1, sin cargo, cualquier mercanc\u00eda que presente defectos de material o mano de obra durante un per\u00edodo de un (1) a\u00f1o a partir de la fecha de env\u00edo. Todas las piezas de repuesto y las reparaciones realizadas bajo garant\u00eda tendr\u00e1n una garant\u00eda adicional de 90 d\u00edas a partir de la fecha de env\u00edo.<\/p><p><strong>Excepciones de garant\u00eda:<\/strong><\/p><p>Per\u00edodo de garant\u00eda de 2 a\u00f1os: c\u00e1maras de la serie CC03 y c\u00e1maras de la serie CC-04 3 a\u00f1os<\/p><p>Per\u00edodo de garant\u00eda: c\u00e1maras de la serie CC02 y CC02-TVI<\/p><p><strong>Informaci\u00f3n de garant\u00eda:<\/strong><br>Todos los productos que requieran reparaci\u00f3n en garant\u00eda se enviar\u00e1n con flete prepago a un centro de reparaci\u00f3n designado por Opticom. Los da\u00f1os causados por mal uso, alteraci\u00f3n o accidente no est\u00e1n cubiertos por esta garant\u00eda. Opticom no asume ning\u00fan riesgo ni responsabilidad por da\u00f1os o p\u00e9rdidas resultantes del uso o aplicaci\u00f3n espec\u00edficos de sus productos.<\/p><p>Si se requiere un servicio, se debe obtener un RMA comunic\u00e1ndose con Opticom al 1-800-578-1853 o al 1-855-569-3240.<\/p><p>Se debe proporcionar la siguiente informaci\u00f3n:<\/p><ul><li>Modelo del producto y n\u00famero de serie.<\/li><li>Fecha de env\u00edo original, n\u00famero de orden de compra, n\u00famero de orden de venta o n\u00famero de factura de Opticom.<\/li><li>Detalles del defecto o problema.<\/li><\/ul><p>Si hay una disputa con respecto a la garant\u00eda de un producto que no se encuentra dentro de las condiciones de garant\u00eda establecidas anteriormente, incluya una explicaci\u00f3n por escrito con el producto cuando lo devuelva.<\/p><p>Los bienes devueltos para reparaci\u00f3n deben estar claramente identificados con el n\u00famero de RMA asignado y el flete debe pagarse por adelantado. El m\u00e9todo de env\u00edo de devoluci\u00f3n ser\u00e1 el mismo o igual al m\u00e9todo por el cual Opticom recibi\u00f3 el art\u00edculo.<\/p>\t\t\t\t\t\t\t\t<\/div>\n\t\t\t\t<\/div>\n\t\t\t\t\t<\/div>\n\t\t<\/div>\n\t\t\t\t\t<\/div>\n\t\t<\/section>\n\t\t\t\t<\/div>\n\t\t","protected":false},"excerpt":{"rendered":"<p>LA GARANT\u00cdA DEL PRODUCTOOpticom reparar\u00e1 o reemplazar\u00e1, sin cargo, cualquier mercanc\u00eda que presente defectos de material o mano de obra durante un per\u00edodo de un (1) a\u00f1o a partir de la fecha de env\u00edo. Todas las piezas de repuesto y las reparaciones realizadas bajo garant\u00eda tendr\u00e1n una garant\u00eda adicional de 90 d\u00edas a partir de [&hellip;]<\/p>\n","protected":false},"author":1,"featured_media":0,"parent":0,"menu_order":0,"comment_status":"closed","ping_status":"closed","template":"","meta":{"footnotes":""},"class_list":["post-2650","page","type-page","status-publish","hentry"],"yoast_head":"<!-- This site is optimized with the Yoast SEO plugin v27.4 - https:\/\/yoast.com\/product\/yoast-seo-wordpress\/ -->\n<title>Garant\u00eda - Opticom Technologies<\/title>\n<meta name=\"robots\" content=\"index, follow, max-snippet:-1, max-image-preview:large, max-video-preview:-1\" \/>\n<link rel=\"canonical\" href=\"https:\/\/opticomtech.com\/es\/garantia\/\" \/>\n<meta property=\"og:locale\" content=\"es_ES\" \/>\n<meta property=\"og:type\" content=\"article\" \/>\n<meta property=\"og:title\" content=\"Garant\u00eda - Opticom Technologies\" \/>\n<meta property=\"og:description\" content=\"LA GARANT\u00cdA DEL PRODUCTOOpticom reparar\u00e1 o reemplazar\u00e1, sin cargo, cualquier mercanc\u00eda que presente defectos de material o mano de obra durante un per\u00edodo de un (1) a\u00f1o a partir de la fecha de env\u00edo. Todas las piezas de repuesto y las reparaciones realizadas bajo garant\u00eda tendr\u00e1n una garant\u00eda adicional de 90 d\u00edas a partir de [&hellip;]\" \/>\n<meta property=\"og:url\" content=\"https:\/\/opticomtech.com\/es\/garantia\/\" \/>\n<meta property=\"og:site_name\" content=\"Opticom Technologies\" \/>\n<meta property=\"article:modified_time\" content=\"2022-02-10T16:48:08+00:00\" \/>\n<meta name=\"twitter:card\" content=\"summary_large_image\" \/>\n<script type=\"application\/ld+json\" class=\"yoast-schema-graph\">{\"@context\":\"https:\\\/\\\/schema.org\",\"@graph\":[{\"@type\":\"WebPage\",\"@id\":\"https:\\\/\\\/opticomtech.com\\\/es\\\/garantia\\\/\",\"url\":\"https:\\\/\\\/opticomtech.com\\\/es\\\/garantia\\\/\",\"name\":\"Garant\u00eda - Opticom Technologies\",\"isPartOf\":{\"@id\":\"https:\\\/\\\/opticomtech.com\\\/#website\"},\"datePublished\":\"2020-09-29T19:27:23+00:00\",\"dateModified\":\"2022-02-10T16:48:08+00:00\",\"breadcrumb\":{\"@id\":\"https:\\\/\\\/opticomtech.com\\\/es\\\/garantia\\\/#breadcrumb\"},\"inLanguage\":\"es\",\"potentialAction\":[{\"@type\":\"ReadAction\",\"target\":[\"https:\\\/\\\/opticomtech.com\\\/es\\\/garantia\\\/\"]}]},{\"@type\":\"BreadcrumbList\",\"@id\":\"https:\\\/\\\/opticomtech.com\\\/es\\\/garantia\\\/#breadcrumb\",\"itemListElement\":[{\"@type\":\"ListItem\",\"position\":1,\"name\":\"Home\",\"item\":\"https:\\\/\\\/opticomtech.com\\\/\"},{\"@type\":\"ListItem\",\"position\":2,\"name\":\"Garant\u00eda\"}]},{\"@type\":\"WebSite\",\"@id\":\"https:\\\/\\\/opticomtech.com\\\/#website\",\"url\":\"https:\\\/\\\/opticomtech.com\\\/\",\"name\":\"Opticom Technologies\",\"description\":\"Industrial CCTV Specialists - Providing a Complete Line of Video Surveillance Products.\",\"publisher\":{\"@id\":\"https:\\\/\\\/opticomtech.com\\\/#organization\"},\"potentialAction\":[{\"@type\":\"SearchAction\",\"target\":{\"@type\":\"EntryPoint\",\"urlTemplate\":\"https:\\\/\\\/opticomtech.com\\\/?s={search_term_string}\"},\"query-input\":{\"@type\":\"PropertyValueSpecification\",\"valueRequired\":true,\"valueName\":\"search_term_string\"}}],\"inLanguage\":\"es\"},{\"@type\":\"Organization\",\"@id\":\"https:\\\/\\\/opticomtech.com\\\/#organization\",\"name\":\"Opticom Technologies\",\"url\":\"https:\\\/\\\/opticomtech.com\\\/\",\"logo\":{\"@type\":\"ImageObject\",\"inLanguage\":\"es\",\"@id\":\"https:\\\/\\\/opticomtech.com\\\/#\\\/schema\\\/logo\\\/image\\\/\",\"url\":\"https:\\\/\\\/opticomtech.com\\\/wp-content\\\/uploads\\\/2020\\\/08\\\/cropped-opticom_logo_2020-silver.png\",\"contentUrl\":\"https:\\\/\\\/opticomtech.com\\\/wp-content\\\/uploads\\\/2020\\\/08\\\/cropped-opticom_logo_2020-silver.png\",\"width\":441,\"height\":144,\"caption\":\"Opticom Technologies\"},\"image\":{\"@id\":\"https:\\\/\\\/opticomtech.com\\\/#\\\/schema\\\/logo\\\/image\\\/\"}}]}<\/script>\n<!-- \/ Yoast SEO plugin. -->","yoast_head_json":{"title":"Garant\u00eda - Opticom Technologies","robots":{"index":"index","follow":"follow","max-snippet":"max-snippet:-1","max-image-preview":"max-image-preview:large","max-video-preview":"max-video-preview:-1"},"canonical":"https:\/\/opticomtech.com\/es\/garantia\/","og_locale":"es_ES","og_type":"article","og_title":"Garant\u00eda - Opticom Technologies","og_description":"LA GARANT\u00cdA DEL PRODUCTOOpticom reparar\u00e1 o reemplazar\u00e1, sin cargo, cualquier mercanc\u00eda que presente defectos de material o mano de obra durante un per\u00edodo de un (1) a\u00f1o a partir de la fecha de env\u00edo. Todas las piezas de repuesto y las reparaciones realizadas bajo garant\u00eda tendr\u00e1n una garant\u00eda adicional de 90 d\u00edas a partir de [&hellip;]","og_url":"https:\/\/opticomtech.com\/es\/garantia\/","og_site_name":"Opticom Technologies","article_modified_time":"2022-02-10T16:48:08+00:00","twitter_card":"summary_large_image","schema":{"@context":"https:\/\/schema.org","@graph":[{"@type":"WebPage","@id":"https:\/\/opticomtech.com\/es\/garantia\/","url":"https:\/\/opticomtech.com\/es\/garantia\/","name":"Garant\u00eda - Opticom Technologies","isPartOf":{"@id":"https:\/\/opticomtech.com\/#website"},"datePublished":"2020-09-29T19:27:23+00:00","dateModified":"2022-02-10T16:48:08+00:00","breadcrumb":{"@id":"https:\/\/opticomtech.com\/es\/garantia\/#breadcrumb"},"inLanguage":"es","potentialAction":[{"@type":"ReadAction","target":["https:\/\/opticomtech.com\/es\/garantia\/"]}]},{"@type":"BreadcrumbList","@id":"https:\/\/opticomtech.com\/es\/garantia\/#breadcrumb","itemListElement":[{"@type":"ListItem","position":1,"name":"Home","item":"https:\/\/opticomtech.com\/"},{"@type":"ListItem","position":2,"name":"Garant\u00eda"}]},{"@type":"WebSite","@id":"https:\/\/opticomtech.com\/#website","url":"https:\/\/opticomtech.com\/","name":"Opticom Technologies","description":"Industrial CCTV Specialists - Providing a Complete Line of Video Surveillance Products.","publisher":{"@id":"https:\/\/opticomtech.com\/#organization"},"potentialAction":[{"@type":"SearchAction","target":{"@type":"EntryPoint","urlTemplate":"https:\/\/opticomtech.com\/?s={search_term_string}"},"query-input":{"@type":"PropertyValueSpecification","valueRequired":true,"valueName":"search_term_string"}}],"inLanguage":"es"},{"@type":"Organization","@id":"https:\/\/opticomtech.com\/#organization","name":"Opticom Technologies","url":"https:\/\/opticomtech.com\/","logo":{"@type":"ImageObject","inLanguage":"es","@id":"https:\/\/opticomtech.com\/#\/schema\/logo\/image\/","url":"https:\/\/opticomtech.com\/wp-content\/uploads\/2020\/08\/cropped-opticom_logo_2020-silver.png","contentUrl":"https:\/\/opticomtech.com\/wp-content\/uploads\/2020\/08\/cropped-opticom_logo_2020-silver.png","width":441,"height":144,"caption":"Opticom Technologies"},"image":{"@id":"https:\/\/opticomtech.com\/#\/schema\/logo\/image\/"}}]}},"_links":{"self":[{"href":"https:\/\/opticomtech.com\/es\/wp-json\/wp\/v2\/pages\/2650","targetHints":{"allow":["GET"]}}],"collection":[{"href":"https:\/\/opticomtech.com\/es\/wp-json\/wp\/v2\/pages"}],"about":[{"href":"https:\/\/opticomtech.com\/es\/wp-json\/wp\/v2\/types\/page"}],"author":[{"embeddable":true,"href":"https:\/\/opticomtech.com\/es\/wp-json\/wp\/v2\/users\/1"}],"replies":[{"embeddable":true,"href":"https:\/\/opticomtech.com\/es\/wp-json\/wp\/v2\/comments?post=2650"}],"version-history":[{"count":4,"href":"https:\/\/opticomtech.com\/es\/wp-json\/wp\/v2\/pages\/2650\/revisions"}],"predecessor-version":[{"id":2687,"href":"https:\/\/opticomtech.com\/es\/wp-json\/wp\/v2\/pages\/2650\/revisions\/2687"}],"wp:attachment":[{"href":"https:\/\/opticomtech.com\/es\/wp-json\/wp\/v2\/media?parent=2650"}],"curies":[{"name":"wp","href":"https:\/\/api.w.org\/{rel}","templated":true}]}}