{"id":2665,"date":"2020-09-07T15:07:20","date_gmt":"2020-09-07T15:07:20","guid":{"rendered":"https:\/\/opticomtech.com\/sobre-nosotros\/"},"modified":"2023-02-20T14:14:40","modified_gmt":"2023-02-20T14:14:40","slug":"sobre-nosotros","status":"publish","type":"page","link":"https:\/\/opticomtech.com\/es\/sobre-nosotros\/","title":{"rendered":"Sobre nosotros"},"content":{"rendered":"\t\t<div data-elementor-type=\"wp-page\" data-elementor-id=\"2665\" class=\"elementor elementor-2665 elementor-817\" data-elementor-post-type=\"page\">\n\t\t\t\t\t\t<section class=\"elementor-section elementor-top-section elementor-element elementor-element-f66449c elementor-section-content-middle elementor-section-boxed elementor-section-height-default elementor-section-height-default\" data-id=\"f66449c\" data-element_type=\"section\" data-e-type=\"section\" data-settings=\"{&quot;background_background&quot;:&quot;classic&quot;}\">\n\t\t\t\t\t\t<div class=\"elementor-container elementor-column-gap-no\">\n\t\t\t\t\t<div class=\"elementor-column elementor-col-100 elementor-top-column elementor-element elementor-element-a4860de\" data-id=\"a4860de\" data-element_type=\"column\" data-e-type=\"column\">\n\t\t\t<div class=\"elementor-widget-wrap elementor-element-populated\">\n\t\t\t\t\t\t<section class=\"elementor-section elementor-inner-section elementor-element elementor-element-817b69f elementor-section-boxed elementor-section-height-default elementor-section-height-default\" data-id=\"817b69f\" data-element_type=\"section\" data-e-type=\"section\">\n\t\t\t\t\t\t<div class=\"elementor-container elementor-column-gap-no\">\n\t\t\t\t\t<div class=\"elementor-column elementor-col-100 elementor-inner-column elementor-element elementor-element-5812627\" data-id=\"5812627\" data-element_type=\"column\" data-e-type=\"column\">\n\t\t\t<div class=\"elementor-widget-wrap elementor-element-populated\">\n\t\t\t\t\t\t<div class=\"elementor-element elementor-element-75ee1915 elementor-widget elementor-widget-heading\" data-id=\"75ee1915\" data-element_type=\"widget\" data-e-type=\"widget\" data-widget_type=\"heading.default\">\n\t\t\t\t<div class=\"elementor-widget-container\">\n\t\t\t\t\t<h4 class=\"elementor-heading-title elementor-size-default\">50 a\u00f1os de experiencia en circuito cerrado de televisi\u00f3n<\/h4>\t\t\t\t<\/div>\n\t\t\t\t<\/div>\n\t\t\t\t<div class=\"elementor-element elementor-element-32da6a75 elementor-widget elementor-widget-heading\" data-id=\"32da6a75\" data-element_type=\"widget\" data-e-type=\"widget\" data-widget_type=\"heading.default\">\n\t\t\t\t<div class=\"elementor-widget-container\">\n\t\t\t\t\t<h2 class=\"elementor-heading-title elementor-size-default\">estamos<b> OPTICOM<b><\/b><\/h2>\t\t\t\t<\/div>\n\t\t\t\t<\/div>\n\t\t\t\t<div class=\"elementor-element elementor-element-40cdb20 elementor-widget-divider--view-line elementor-widget elementor-widget-divider\" data-id=\"40cdb20\" data-element_type=\"widget\" data-e-type=\"widget\" data-widget_type=\"divider.default\">\n\t\t\t\t<div class=\"elementor-widget-container\">\n\t\t\t\t\t\t\t<div class=\"elementor-divider\">\n\t\t\t<span class=\"elementor-divider-separator\">\n\t\t\t\t\t\t<\/span>\n\t\t<\/div>\n\t\t\t\t\t\t<\/div>\n\t\t\t\t<\/div>\n\t\t\t\t<div class=\"elementor-element elementor-element-eee74d2 elementor-widget elementor-widget-text-editor\" data-id=\"eee74d2\" data-element_type=\"widget\" data-e-type=\"widget\" data-widget_type=\"text-editor.default\">\n\t\t\t\t<div class=\"elementor-widget-container\">\n\t\t\t\t\t\t\t\t\t<p style=\"text-align: left;\">Opticom Technologies se incorpor\u00f3 en 1973. A trav\u00e9s de los a\u00f1os nos hemos integrado en todos los aspectos de la industria de CCTV. Durante los \u00faltimos 15 a\u00f1os, hemos desarrollado una gama de productos de calidad superior para satisfacer las necesidades de las aplicaciones industriales y comerciales m\u00e1s exigentes. Tras m\u00e1s de 50 a\u00f1os en el negocio, mantenemos relaciones s\u00f3lidas y consolidadas con una red mundial de f\u00e1bricas OEM de vanguardia.<\/p>\n<p style=\"text-align: left;\">El CC-02 fue dise\u00f1ado por Opticom en Canad\u00e1 y se fabrica exclusivamente para Opticom en Corea. Otra clave de nuestro \u00e9xito continuo es nuestro programa de distribuci\u00f3n muy selectivo. Vendemos solo a trav\u00e9s de los revendedores m\u00e1s responsables y confiables para garantizar que nuestros clientes sean tratados de manera profesional.<\/p>\n<p style=\"text-align: left;\">Creemos en la confiabilidad del servicio y del producto.<\/p>\n\t\t\t\t\t\t\t\t<\/div>\n\t\t\t\t<\/div>\n\t\t\t\t<div class=\"elementor-element elementor-element-1f262bb elementor-widget elementor-widget-heading\" data-id=\"1f262bb\" data-element_type=\"widget\" data-e-type=\"widget\" data-widget_type=\"heading.default\">\n\t\t\t\t<div class=\"elementor-widget-container\">\n\t\t\t\t\t<h4 class=\"elementor-heading-title elementor-size-default\">POL\u00cdTICA DE VENTAS DE OPTICOM TECHNOLOGIES INC \/ OPTICOM TECH LLC<\/h4>\t\t\t\t<\/div>\n\t\t\t\t<\/div>\n\t\t\t\t<div class=\"elementor-element elementor-element-e2cc590 elementor-widget-divider--view-line elementor-widget elementor-widget-divider\" data-id=\"e2cc590\" data-element_type=\"widget\" data-e-type=\"widget\" data-widget_type=\"divider.default\">\n\t\t\t\t<div class=\"elementor-widget-container\">\n\t\t\t\t\t\t\t<div class=\"elementor-divider\">\n\t\t\t<span class=\"elementor-divider-separator\">\n\t\t\t\t\t\t<\/span>\n\t\t<\/div>\n\t\t\t\t\t\t<\/div>\n\t\t\t\t<\/div>\n\t\t\t\t<div class=\"elementor-element elementor-element-15e9624 elementor-widget elementor-widget-text-editor\" data-id=\"15e9624\" data-element_type=\"widget\" data-e-type=\"widget\" data-widget_type=\"text-editor.default\">\n\t\t\t\t<div class=\"elementor-widget-container\">\n\t\t\t\t\t\t\t\t\t<p>Vendemos nuestros productos a trav\u00e9s de nuestros distribuidores autorizados, integradores de sistemas o, en determinadas circunstancias, directamente al usuario final.<\/p>\n<ol>\n<li><strong>Distribuidores Autorizados<\/strong><br \/>una. Nuestros distribuidores cuentan con personal de ventas externo que se comunica con todos los clientes potenciales en su \u00e1rea y se han comprometido a mantener un inventario razonable para proporcionar una entrega r\u00e1pida y mantener el volumen de ventas anual acordado. Todas las distribuciones son no exclusivas.<\/li>\n<li><strong>Integradores de sistemas aprobados<\/strong><br \/>una. Los clientes, a medida que reconstruyen sus sistemas CCTV existentes, contratan integradores de sistemas experimentados para dise\u00f1ar e instalar un sistema llave en mano. Opticom les proporcionar\u00e1 nuestro equipo para satisfacer las necesidades de sus clientes.<\/li>\n<li><strong>Ventas directas de Opticom a usuarios finales.<\/strong><br \/>una. Como Opticom no tiene distribuidores autorizados en todos los territorios, venderemos a estos clientes directamente.<\/li>\n<\/ol>\n\t\t\t\t\t\t\t\t<\/div>\n\t\t\t\t<\/div>\n\t\t\t\t<div class=\"elementor-element elementor-element-5a77487 elementor-widget elementor-widget-global elementor-global-1804 elementor-widget-button\" data-id=\"5a77487\" data-element_type=\"widget\" data-e-type=\"widget\" data-widget_type=\"button.default\">\n\t\t\t\t<div class=\"elementor-widget-container\">\n\t\t\t\t\t\t\t\t\t<div class=\"elementor-button-wrapper\">\n\t\t\t\t\t<a class=\"elementor-button elementor-button-link elementor-size-sm\" href=\"https:\/\/opticomtech.com\/wp-content\/uploads\/2020\/10\/Terms-and-Conditions-of-Sale-sept2020.pdf\" target=\"_blank\" rel=\"nofollow\">\n\t\t\t\t\t\t<span class=\"elementor-button-content-wrapper\">\n\t\t\t\t\t\t\t\t\t<span class=\"elementor-button-text\">Terms and Conditions .PDF <\/span>\n\t\t\t\t\t<\/span>\n\t\t\t\t\t<\/a>\n\t\t\t\t<\/div>\n\t\t\t\t\t\t\t\t<\/div>\n\t\t\t\t<\/div>\n\t\t\t\t\t<\/div>\n\t\t<\/div>\n\t\t\t\t\t<\/div>\n\t\t<\/section>\n\t\t\t\t\t<\/div>\n\t\t<\/div>\n\t\t\t\t\t<\/div>\n\t\t<\/section>\n\t\t\t\t<\/div>\n\t\t","protected":false},"excerpt":{"rendered":"<p>50 a\u00f1os de experiencia en circuito cerrado de televisi\u00f3n estamos OPTICOM Opticom Technologies se incorpor\u00f3 en 1973. A trav\u00e9s de los a\u00f1os nos hemos integrado en todos los aspectos de la industria de CCTV. Durante los \u00faltimos 15 a\u00f1os, hemos desarrollado una gama de productos de calidad superior para satisfacer las necesidades de las aplicaciones [&hellip;]<\/p>\n","protected":false},"author":1,"featured_media":0,"parent":0,"menu_order":0,"comment_status":"closed","ping_status":"closed","template":"","meta":{"footnotes":""},"class_list":["post-2665","page","type-page","status-publish","hentry"],"yoast_head":"<!-- This site is optimized with the Yoast SEO plugin v27.4 - https:\/\/yoast.com\/product\/yoast-seo-wordpress\/ -->\n<title>Sobre nosotros - Opticom Technologies<\/title>\n<meta name=\"robots\" content=\"index, follow, max-snippet:-1, max-image-preview:large, max-video-preview:-1\" \/>\n<link rel=\"canonical\" href=\"https:\/\/opticomtech.com\/es\/sobre-nosotros\/\" \/>\n<meta property=\"og:locale\" content=\"es_ES\" \/>\n<meta property=\"og:type\" content=\"article\" \/>\n<meta property=\"og:title\" content=\"Sobre nosotros - Opticom Technologies\" \/>\n<meta property=\"og:description\" content=\"50 a\u00f1os de experiencia en circuito cerrado de televisi\u00f3n estamos OPTICOM Opticom Technologies se incorpor\u00f3 en 1973. A trav\u00e9s de los a\u00f1os nos hemos integrado en todos los aspectos de la industria de CCTV. Durante los \u00faltimos 15 a\u00f1os, hemos desarrollado una gama de productos de calidad superior para satisfacer las necesidades de las aplicaciones [&hellip;]\" \/>\n<meta property=\"og:url\" content=\"https:\/\/opticomtech.com\/es\/sobre-nosotros\/\" \/>\n<meta property=\"og:site_name\" content=\"Opticom Technologies\" \/>\n<meta property=\"article:modified_time\" content=\"2023-02-20T14:14:40+00:00\" \/>\n<meta name=\"twitter:card\" content=\"summary_large_image\" \/>\n<script type=\"application\/ld+json\" class=\"yoast-schema-graph\">{\"@context\":\"https:\\\/\\\/schema.org\",\"@graph\":[{\"@type\":\"WebPage\",\"@id\":\"https:\\\/\\\/opticomtech.com\\\/es\\\/sobre-nosotros\\\/\",\"url\":\"https:\\\/\\\/opticomtech.com\\\/es\\\/sobre-nosotros\\\/\",\"name\":\"Sobre nosotros - Opticom Technologies\",\"isPartOf\":{\"@id\":\"https:\\\/\\\/opticomtech.com\\\/#website\"},\"datePublished\":\"2020-09-07T15:07:20+00:00\",\"dateModified\":\"2023-02-20T14:14:40+00:00\",\"breadcrumb\":{\"@id\":\"https:\\\/\\\/opticomtech.com\\\/es\\\/sobre-nosotros\\\/#breadcrumb\"},\"inLanguage\":\"es\",\"potentialAction\":[{\"@type\":\"ReadAction\",\"target\":[\"https:\\\/\\\/opticomtech.com\\\/es\\\/sobre-nosotros\\\/\"]}]},{\"@type\":\"BreadcrumbList\",\"@id\":\"https:\\\/\\\/opticomtech.com\\\/es\\\/sobre-nosotros\\\/#breadcrumb\",\"itemListElement\":[{\"@type\":\"ListItem\",\"position\":1,\"name\":\"Home\",\"item\":\"https:\\\/\\\/opticomtech.com\\\/\"},{\"@type\":\"ListItem\",\"position\":2,\"name\":\"Sobre nosotros\"}]},{\"@type\":\"WebSite\",\"@id\":\"https:\\\/\\\/opticomtech.com\\\/#website\",\"url\":\"https:\\\/\\\/opticomtech.com\\\/\",\"name\":\"Opticom Technologies\",\"description\":\"Industrial CCTV Specialists - Providing a Complete Line of Video Surveillance Products.\",\"publisher\":{\"@id\":\"https:\\\/\\\/opticomtech.com\\\/#organization\"},\"potentialAction\":[{\"@type\":\"SearchAction\",\"target\":{\"@type\":\"EntryPoint\",\"urlTemplate\":\"https:\\\/\\\/opticomtech.com\\\/?s={search_term_string}\"},\"query-input\":{\"@type\":\"PropertyValueSpecification\",\"valueRequired\":true,\"valueName\":\"search_term_string\"}}],\"inLanguage\":\"es\"},{\"@type\":\"Organization\",\"@id\":\"https:\\\/\\\/opticomtech.com\\\/#organization\",\"name\":\"Opticom Technologies\",\"url\":\"https:\\\/\\\/opticomtech.com\\\/\",\"logo\":{\"@type\":\"ImageObject\",\"inLanguage\":\"es\",\"@id\":\"https:\\\/\\\/opticomtech.com\\\/#\\\/schema\\\/logo\\\/image\\\/\",\"url\":\"https:\\\/\\\/opticomtech.com\\\/wp-content\\\/uploads\\\/2020\\\/08\\\/cropped-opticom_logo_2020-silver.png\",\"contentUrl\":\"https:\\\/\\\/opticomtech.com\\\/wp-content\\\/uploads\\\/2020\\\/08\\\/cropped-opticom_logo_2020-silver.png\",\"width\":441,\"height\":144,\"caption\":\"Opticom Technologies\"},\"image\":{\"@id\":\"https:\\\/\\\/opticomtech.com\\\/#\\\/schema\\\/logo\\\/image\\\/\"}}]}<\/script>\n<!-- \/ Yoast SEO plugin. -->","yoast_head_json":{"title":"Sobre nosotros - Opticom Technologies","robots":{"index":"index","follow":"follow","max-snippet":"max-snippet:-1","max-image-preview":"max-image-preview:large","max-video-preview":"max-video-preview:-1"},"canonical":"https:\/\/opticomtech.com\/es\/sobre-nosotros\/","og_locale":"es_ES","og_type":"article","og_title":"Sobre nosotros - Opticom Technologies","og_description":"50 a\u00f1os de experiencia en circuito cerrado de televisi\u00f3n estamos OPTICOM Opticom Technologies se incorpor\u00f3 en 1973. A trav\u00e9s de los a\u00f1os nos hemos integrado en todos los aspectos de la industria de CCTV. Durante los \u00faltimos 15 a\u00f1os, hemos desarrollado una gama de productos de calidad superior para satisfacer las necesidades de las aplicaciones [&hellip;]","og_url":"https:\/\/opticomtech.com\/es\/sobre-nosotros\/","og_site_name":"Opticom Technologies","article_modified_time":"2023-02-20T14:14:40+00:00","twitter_card":"summary_large_image","schema":{"@context":"https:\/\/schema.org","@graph":[{"@type":"WebPage","@id":"https:\/\/opticomtech.com\/es\/sobre-nosotros\/","url":"https:\/\/opticomtech.com\/es\/sobre-nosotros\/","name":"Sobre nosotros - Opticom Technologies","isPartOf":{"@id":"https:\/\/opticomtech.com\/#website"},"datePublished":"2020-09-07T15:07:20+00:00","dateModified":"2023-02-20T14:14:40+00:00","breadcrumb":{"@id":"https:\/\/opticomtech.com\/es\/sobre-nosotros\/#breadcrumb"},"inLanguage":"es","potentialAction":[{"@type":"ReadAction","target":["https:\/\/opticomtech.com\/es\/sobre-nosotros\/"]}]},{"@type":"BreadcrumbList","@id":"https:\/\/opticomtech.com\/es\/sobre-nosotros\/#breadcrumb","itemListElement":[{"@type":"ListItem","position":1,"name":"Home","item":"https:\/\/opticomtech.com\/"},{"@type":"ListItem","position":2,"name":"Sobre nosotros"}]},{"@type":"WebSite","@id":"https:\/\/opticomtech.com\/#website","url":"https:\/\/opticomtech.com\/","name":"Opticom Technologies","description":"Industrial CCTV Specialists - Providing a Complete Line of Video Surveillance Products.","publisher":{"@id":"https:\/\/opticomtech.com\/#organization"},"potentialAction":[{"@type":"SearchAction","target":{"@type":"EntryPoint","urlTemplate":"https:\/\/opticomtech.com\/?s={search_term_string}"},"query-input":{"@type":"PropertyValueSpecification","valueRequired":true,"valueName":"search_term_string"}}],"inLanguage":"es"},{"@type":"Organization","@id":"https:\/\/opticomtech.com\/#organization","name":"Opticom Technologies","url":"https:\/\/opticomtech.com\/","logo":{"@type":"ImageObject","inLanguage":"es","@id":"https:\/\/opticomtech.com\/#\/schema\/logo\/image\/","url":"https:\/\/opticomtech.com\/wp-content\/uploads\/2020\/08\/cropped-opticom_logo_2020-silver.png","contentUrl":"https:\/\/opticomtech.com\/wp-content\/uploads\/2020\/08\/cropped-opticom_logo_2020-silver.png","width":441,"height":144,"caption":"Opticom Technologies"},"image":{"@id":"https:\/\/opticomtech.com\/#\/schema\/logo\/image\/"}}]}},"_links":{"self":[{"href":"https:\/\/opticomtech.com\/es\/wp-json\/wp\/v2\/pages\/2665","targetHints":{"allow":["GET"]}}],"collection":[{"href":"https:\/\/opticomtech.com\/es\/wp-json\/wp\/v2\/pages"}],"about":[{"href":"https:\/\/opticomtech.com\/es\/wp-json\/wp\/v2\/types\/page"}],"author":[{"embeddable":true,"href":"https:\/\/opticomtech.com\/es\/wp-json\/wp\/v2\/users\/1"}],"replies":[{"embeddable":true,"href":"https:\/\/opticomtech.com\/es\/wp-json\/wp\/v2\/comments?post=2665"}],"version-history":[{"count":9,"href":"https:\/\/opticomtech.com\/es\/wp-json\/wp\/v2\/pages\/2665\/revisions"}],"predecessor-version":[{"id":5057,"href":"https:\/\/opticomtech.com\/es\/wp-json\/wp\/v2\/pages\/2665\/revisions\/5057"}],"wp:attachment":[{"href":"https:\/\/opticomtech.com\/es\/wp-json\/wp\/v2\/media?parent=2665"}],"curies":[{"name":"wp","href":"https:\/\/api.w.org\/{rel}","templated":true}]}}