{"id":2667,"date":"2020-08-05T17:14:51","date_gmt":"2020-08-05T17:14:51","guid":{"rendered":"https:\/\/opticomtech.com\/hojas-de-especificaciones\/"},"modified":"2024-09-11T22:34:09","modified_gmt":"2024-09-11T22:34:09","slug":"hojas-de-especificaciones","status":"publish","type":"page","link":"https:\/\/opticomtech.com\/es\/hojas-de-especificaciones\/","title":{"rendered":"Hojas de especificaciones"},"content":{"rendered":"<h1>Hojas de especificaciones<\/h1>\n<h1>c\u00e1maras <b>industriales<\/b><\/h1>\n<h5>C\u00e1maras Industriales<\/h5>\n<ul>\n<li><a href=\"https:\/\/opticomtech.com\/wp-content\/uploads\/2024\/09\/CC04-IP2MV.pdf\">CC04-IP2MV<\/a><a href=\"https:\/\/opticomtech.com\/wp-content\/uploads\/2020\/10\/CC02.pdf\">\n<p><\/a><\/li>\n<li><a href=\"https:\/\/opticomtech.com\/wp-content\/uploads\/2020\/10\/CC02-TVI.pdf\">  CC02 C\u00e1mara HDTVI  <\/a><\/li>\n<li><a href=\"https:\/\/opticomtech.com\/wp-content\/uploads\/2020\/10\/CC04-IP2MV.pdf\">  C\u00e1mara CC04-IPMV  <\/a><\/li>\n<li><a href=\"https:\/\/opticomtech.com\/wp-content\/uploads\/2021\/02\/CC04-IP3MV.pdf\">  C\u00e1mara CC04-IP3MV  <\/a><\/li>\n<\/ul>\n<h5>C\u00e1maras de acero inoxidable<\/h5>\n<ul>\n<li><a href=\"https:\/\/opticomtech.com\/wp-content\/uploads\/2020\/10\/CC06-HBU36F-K-underwater-camera.pdf\">  CC06-HBU36F-K  <\/a><\/li>\n<li><a href=\"https:\/\/opticomtech.com\/wp-content\/uploads\/2020\/10\/CC06-HB36F-ir-bullet-camera.pdf\">  CC06-HB36F  <\/a><\/li>\n<li><a href=\"https:\/\/opticomtech.com\/wp-content\/uploads\/2020\/10\/CC06-HB23F-ir-bullet-camera.pdf\">  CC06-HB23F  <\/a><\/li>\n<li><a href=\"https:\/\/opticomtech.com\/wp-content\/uploads\/2020\/10\/CC06-TD12VF-X-ir-dome-camera.pdf\">  CC06-TD12VF-X  <\/a><\/li>\n<li><a href=\"https:\/\/opticomtech.com\/wp-content\/uploads\/2020\/10\/CC06-NB12VF-M-ip-bullet-camera.pdf\">  CC06-NB12VF-M  <\/a><\/li>\n<li><a href=\"https:\/\/opticomtech.com\/wp-content\/uploads\/2020\/10\/CC06-ND12VF-ip-dome-camera.pdf\">  CC06-ND12VF  <\/a><\/li>\n<li><a href=\"https:\/\/opticomtech.com\/wp-content\/uploads\/2021\/02\/CC03-IP2MZ30-E-Series-datasheet-opt.pdf\">  CC03-IP2MZ30-E  <\/a><\/li>\n<\/ul>\n<h5>C\u00e1maras con clasificaci\u00f3n de explosi\u00f3n<\/h5>\n<ul>\n<li><a href=\"https:\/\/opticomtech.com\/wp-content\/uploads\/2020\/10\/CC03-1F.pdf\">  CC03-1F  <\/a><\/li>\n<li><a href=\"https:\/\/opticomtech.com\/wp-content\/uploads\/2020\/10\/CC03-TV2MF36IR.pdf\">  CC03-TV2MF36IR  <\/a><\/li>\n<li><a href=\"https:\/\/opticomtech.com\/wp-content\/uploads\/2020\/10\/CC03-TV2MVFIR.pdf\">  CC03-TV2MVFIR  <\/a><\/li>\n<li><a href=\"https:\/\/opticomtech.com\/wp-content\/uploads\/2020\/10\/CC03-IP2MF36IR.pdf\">  CC03-IP2M36FIR  <\/a><\/li>\n<li><a href=\"https:\/\/opticomtech.com\/wp-content\/uploads\/2020\/10\/CC03-IP2MVFIR.pdf\">  CC03-IP2MVFIR  <\/a><\/li>\n<li><a href=\"https:\/\/opticomtech.com\/wp-content\/uploads\/2021\/02\/CC03-IP2MZ30-E-Series-datasheet-opt.pdf\">  CC03-IP2MZ30-E  <\/a><\/li>\n<\/ul>\n<h1>C\u00e1maras <b>Comerciales<\/b><\/h1>\n<h5>c\u00e1mara de caja<\/h5>\n<ul>\n<li><a href=\"https:\/\/opticomtech.com\/wp-content\/uploads\/2020\/10\/TIX-204.pdf\">  TIX-204  <\/a><\/li>\n<\/ul>\n<h5>C\u00e1maras de bala<\/h5>\n<ul>\n<li><a href=\"https:\/\/opticomtech.com\/wp-content\/uploads\/2020\/10\/TIB-2103SV.pdf\">  TIB-2103SV  <\/a><\/li>\n<li><a href=\"https:\/\/opticomtech.com\/wp-content\/uploads\/2020\/10\/TIB-2801PX.pdf\">  TIB-2801PX  <\/a><\/li>\n<li><a href=\"https:\/\/opticomtech.com\/wp-content\/uploads\/2020\/10\/TIB-2805PX.pdf\">  TIB-2805PX  <\/a><\/li>\n<li><a href=\"https:\/\/opticomtech.com\/wp-content\/uploads\/2020\/10\/MIB-4131SV2.pdf\">  MIB-4131SV2  <\/a><\/li>\n<li><a href=\"https:\/\/opticomtech.com\/wp-content\/uploads\/2020\/10\/MIB-4151SV2.pdf\">  MIB-4151SV2  <\/a><\/li>\n<li><a href=\"https:\/\/opticomtech.com\/wp-content\/uploads\/2020\/10\/MIB-8151SV.pdf\">  MIB-8151SV  <\/a><\/li>\n<li><a href=\"https:\/\/opticomtech.com\/wp-content\/uploads\/2021\/02\/MIB-4171SV.pdfpdf\">  MIB-4171SV  <\/a><\/li>\n<li><a href=\"https:\/\/opticomtech.com\/wp-content\/uploads\/2021\/02\/TIS-2802.pdf\">  TIS-2802  <\/a><\/li>\n<\/ul>\n<h5>C\u00e1maras para matr\u00edculas<\/h5>\n<ul>\n<li><a href=\"https:\/\/opticomtech.com\/wp-content\/uploads\/2020\/10\/TIL-8903.pdf\">  TIL-8903  <\/a><\/li>\n<li><a href=\"https:\/\/opticomtech.com\/wp-content\/uploads\/2020\/10\/MIL-8901SV.pdf\">  MIL-8901SV  <\/a><\/li>\n<\/ul>\n<h5>C\u00e1maras Domo<\/h5>\n<ul>\n<li><a href=\"https:\/\/opticomtech.com\/wp-content\/uploads\/2020\/10\/TID-2800PX.pdf\">  TID-2800PX  <\/a><\/li>\n<li><a href=\"https:\/\/opticomtech.com\/wp-content\/uploads\/2020\/10\/TIV-2101SV.pdf\">  TIV-2101SV  <\/a><\/li>\n<li><a href=\"https:\/\/opticomtech.com\/wp-content\/uploads\/2020\/10\/MIS-4131SV-2.8.pdf\">  MIS-4131SV-2.8  <\/a><\/li>\n<li><a href=\"https:\/\/opticomtech.com\/wp-content\/uploads\/2020\/10\/MIV-4131SV.pdf\">  MIV-4131SV  <\/a><\/li>\n<li><a href=\"https:\/\/opticomtech.com\/wp-content\/uploads\/2020\/10\/MIV-4141SV.pdf\">  MIV-4141SV  <\/a><\/li>\n<li><a href=\"https:\/\/opticomtech.com\/wp-content\/uploads\/2020\/10\/MIV-4151SV.pdf\">  MIV-4151SV  <\/a><\/li>\n<li><a href=\"https:\/\/opticomtech.com\/wp-content\/uploads\/2020\/10\/MIV-8131SV.pdf\">  MIV-8131SV  <\/a><\/li>\n<li><a href=\"https:\/\/opticomtech.com\/wp-content\/uploads\/2020\/10\/MIV-8151SV.pdf\">  MIV-8151SV  <\/a><\/li>\n<li><a href=\"https:\/\/opticomtech.com\/wp-content\/uploads\/2021\/02\/MIF-6131SV.pdf\">  MIF-6131SV  <\/a><\/li>\n<\/ul>\n<h5>C\u00e1maras PTZ<\/h5>\n<ul>\n<li><a href=\"https:\/\/opticomtech.com\/wp-content\/uploads\/2020\/10\/TIP-4003.pdf\">  TIP-4003  <\/a><\/li>\n<li><a href=\"https:\/\/opticomtech.com\/wp-content\/uploads\/2020\/10\/TIP-4005.pdf\">  TIP-4005  <\/a><\/li>\n<li><a href=\"https:\/\/opticomtech.com\/wp-content\/uploads\/2020\/10\/MIP-4002.pdf\">  MIP-4002  <\/a><\/li>\n<li><a href=\"https:\/\/opticomtech.com\/wp-content\/uploads\/2020\/10\/MIP-4003.pdf\">  MIP-4003  <\/a><\/li>\n<li><a href=\"https:\/\/opticomtech.com\/wp-content\/uploads\/2020\/10\/MIP-3120.pdf\">  MIP-3120  <\/a><\/li>\n<li><a href=\"https:\/\/opticomtech.com\/wp-content\/uploads\/2021\/02\/MIP-3020.pdf\">  MIP-3020  <\/a><\/li>\n<li><a href=\"https:\/\/opticomtech.com\/wp-content\/uploads\/2021\/02\/MIP-3220.pdf\">  MIP-3220  <\/a><\/li>\n<\/ul>\n<h1><b>grabadoras<\/b><\/h1>\n<h5>Grabadoras de video digitales<\/h5>\n<ul>\n<li><a href=\"https:\/\/opticomtech.com\/wp-content\/uploads\/2020\/10\/SVD-2400.pdf\">  SVD-2404 \/ 2408 \/ 2416  <\/a><\/li>\n<li><a href=\"https:\/\/opticomtech.com\/wp-content\/uploads\/2020\/10\/SVD-2432.pdf\">  SVD-2432  <\/a><\/li>\n<\/ul>\n<h5>Grabadores de video en red POE<\/h5>\n<ul>\n<li><a href=\"https:\/\/opticomtech.com\/wp-content\/uploads\/2020\/10\/SVN-2500P.pdf\">  SVN-2516P16 \/ 2532P16  <\/a><\/li>\n<li><a href=\"https:\/\/opticomtech.com\/wp-content\/uploads\/2021\/02\/SVN-2532P16.pdf\">  SVN-2532P16  <\/a><\/li>\n<\/ul>\n<h5>Videograbadores en red no OPOE<\/h5>\n<ul>\n<li><a href=\"https:\/\/opticomtech.com\/wp-content\/uploads\/2020\/10\/SVN-2500E.pdf%20\">  SVN-2532E \/ 2564E  <\/a><\/li>\n<\/ul>\n<h1><b>Kits de c\u00e1mara<\/b><\/h1>\n<h5>Kits de c\u00e1mara<\/h5>\n<ul>\n<li><a href=\"https:\/\/opticomtech.com\/wp-content\/uploads\/2023\/03\/IPK-1504P4-1T-kit-Spec.pdf\">  Especificaciones del kit IPK-1504P4-T1  <\/a><\/li>\n<li><a href=\"https:\/\/opticomtech.com\/wp-content\/uploads\/2023\/03\/IPK-1504P4-1T-Spec-sheet.pdf\">  Especificaciones IPK-1504P4-T1  <\/a><\/li>\n<\/ul>\n<h1><b>monitores<\/b><\/h1>\n<h5>Monitores de pantalla plana<\/h5>\n<ul>\n<li><a href=\"https:\/\/opticomtech.com\/wp-content\/uploads\/2020\/10\/FSM-19HDP.pdf\">  FSM-195HDP  <\/a><\/li>\n<\/ul>\n<h5>Monitores industriales de pantalla plana<\/h5>\n<ul>\n<li><a href=\"https:\/\/opticomtech.com\/wp-content\/uploads\/2020\/10\/FSM-101b.pdf\">  FSM-101b  <\/a><\/li>\n<li><a href=\"https:\/\/opticomtech.com\/wp-content\/uploads\/2020\/10\/FSM-17b-19b-215b-27b.pdf\">  FSM-17b-19b-215b-27b  <\/a><\/li>\n<li><a href=\"https:\/\/opticomtech.com\/wp-content\/uploads\/2020\/10\/FSM-32b.pdf\">  FSM-32b  <\/a><\/li>\n<li><a href=\"https:\/\/opticomtech.com\/wp-content\/uploads\/2020\/10\/FSM-55c.pdf\">  FSM-55c  <\/a><\/li>\n<\/ul>\n<h5>Monitores industriales HDTVI<\/h5>\n<ul>\n<li><a href=\"https:\/\/opticomtech.com\/wp-content\/uploads\/2020\/10\/LCDI-215TVI.pdf\">  LCDI-215TVI  <\/a><\/li>\n<\/ul>\n<h5>Monitores de red IP industriales<\/h5>\n<ul>\n<li><a href=\"https:\/\/opticomtech.com\/wp-content\/uploads\/2020\/10\/LCDI-32IP-42IP-46IP-55IP.pdf\">  LCDI-32IP-42IP-46IP-55IP  <\/a><\/li>\n<li><a href=\"https:\/\/opticomtech.com\/wp-content\/uploads\/2020\/10\/LCDI-215IP-24IP-32IP.pdf%20\">  LCDI-215IP-24IP-32IP  <\/a><\/li>\n<\/ul>\n<h5>monitor de prueba<\/h5>\n<ul>\n<li><a href=\"https:\/\/opticomtech.com\/wp-content\/uploads\/2020\/10\/LCDI-35T.pdf\">  LCDI-35T  <\/a><\/li>\n<\/ul>\n<h1><b>Inal\u00e1mbrico<\/b><\/h1>\n<h5>Inal\u00e1mbrico anal\u00f3gico<\/h5>\n<ul>\n<li><a href=\"https:\/\/opticomtech.com\/wp-content\/uploads\/2020\/10\/AR-4000I.pdf\">  AR-4000-I \/ 4000-IH  <\/a><\/li>\n<\/ul>\n<h5>Red IP Inal\u00e1mbrica<\/h5>\n<ul>\n<li><a href=\"https:\/\/opticomtech.com\/wp-content\/uploads\/2020\/10\/AR-5803-900.pdf\">  AR-5803-900  <\/a><\/li>\n<li><a href=\"https:\/\/opticomtech.com\/wp-content\/uploads\/2021\/02\/AR-5808-900.pdf\">  AR-5808-900  <\/a><\/li>\n<\/ul>\n<h1><b>Accesorios<\/b><\/h1>\n<h5>Conectores<\/h5>\n<ul>\n<li><a href=\"https:\/\/opticomtech.com\/wp-content\/uploads\/2020\/10\/Connetor-Spec-Sheet.pdf\">  Connetor-Hoja de especificaciones  <\/a><\/li>\n<\/ul>\n<h5>Distribuidores de Video \/ Amplificadores<\/h5>\n<ul>\n<li><a href=\"https:\/\/opticomtech.com\/wp-content\/uploads\/2020\/10\/video-amplifiers-distributors-datasheet.pdf\">  V\u00eddeo-amplificadores-distribuidores  <\/a><\/li>\n<li><a href=\"https:\/\/opticomtech.com\/wp-content\/uploads\/2020\/10\/HD-Video-Distribution.pdf\">  Distribuci\u00f3n de v\u00eddeo HD  <\/a><\/li>\n<li><a href=\"https:\/\/opticomtech.com\/wp-content\/uploads\/2020\/10\/CPS-101HD-CPS-201.pdf\">  CPS-101HD-CPS-201  <\/a><\/li>\n<\/ul>\n<h5>Conversores de v\u00eddeo<\/h5>\n<ul>\n<li><a href=\"https:\/\/opticomtech.com\/wp-content\/uploads\/2020\/10\/KIV-Spec-Sheet.pdf\">  Ficha KIV-Spec  <\/a><\/li>\n<\/ul>\n<h5>Fuentes de alimentaci\u00f3n<\/h5>\n<ul>\n<li><a href=\"https:\/\/opticomtech.com\/wp-content\/uploads\/2020\/10\/Distributed_Power_Supplies-1.pdf\">  Fuentes_de_energ\u00eda_distribuidas-1  <\/a><\/li>\n<li><a href=\"https:\/\/opticomtech.com\/wp-content\/uploads\/2020\/10\/power-transformers-converters-datasheet.pdf\">  hoja-datos-transformadores-convertidores-de-potencia  <\/a><\/li>\n<\/ul>\n<h5>Accesorios de alimentaci\u00f3n<\/h5>\n<ul>\n<li><a href=\"https:\/\/opticomtech.com\/wp-content\/uploads\/2020\/10\/Cable-Spec-Sheet.pdf\">  Hoja de especificaciones del cable  <\/a><\/li>\n<\/ul>\n<h5>Cajas de seguridad<\/h5>\n<ul>\n<li><a href=\"https:\/\/opticomtech.com\/wp-content\/uploads\/2020\/10\/LB-Series-dvr-lock-boxes-datasheet.pdf\">  LB-Series-dvr-lock-boxes-datasheet  <\/a><\/li>\n<\/ul>\n<h5>Balones de v\u00eddeo<\/h5>\n<ul>\n<li><a href=\"https:\/\/opticomtech.com\/wp-content\/uploads\/2020\/10\/Video-Baluns.pdf\">  Video-Baluns  <\/a><\/li>\n<\/ul>\n<h5>Monturas de c\u00e1mara<\/h5>\n<ul>\n<li><a href=\"https:\/\/opticomtech.com\/wp-content\/uploads\/2020\/10\/Mounts-and-Housings.pdf\">  Soportes y carcasas  <\/a><\/li>\n<\/ul>\n<h5>Cajas de conexi\u00f3n<\/h5>\n<ul>\n<li><a href=\"https:\/\/opticomtech.com\/wp-content\/uploads\/2020\/10\/Mounts-and-Housings.pdf\">  Soportes y carcasas  <\/a><\/li>\n<\/ul>\n<h5>Monturas de monitor<\/h5>\n<ul>\n<li><a href=\"https:\/\/opticomtech.com\/wp-content\/uploads\/2020\/10\/opticom-vibration-mounts-datasheet.pdf\">  Soportes antivibraci\u00f3n Opticom  <\/a><\/li>\n<li><a href=\"https:\/\/opticomtech.com\/wp-content\/uploads\/2020\/10\/Monitor-Mounts.pdf\">  Soportes para monitores  <\/a><\/li>\n<\/ul>\n<h5>Gabinetes de monitores<\/h5>\n<ul>\n<li><a href=\"https:\/\/opticomtech.com\/wp-content\/uploads\/2020\/10\/MH-IDV_Spec_Sheet.pdf\">  MH-IDV_hoja_especificaciones  <\/a><\/li>\n<li><a href=\"https:\/\/opticomtech.com\/wp-content\/uploads\/2020\/10\/MH-ITV-Spec-Sheet.pdf\">  MH-ITV-Hoja de especificaciones  <\/a><\/li>\n<li><a href=\"https:\/\/opticomtech.com\/wp-content\/uploads\/2020\/10\/MH-OVW-Spec-Sheet.pdf\">  MH-OVW-Hoja de especificaciones  <\/a><\/li>\n<\/ul>\n","protected":false},"excerpt":{"rendered":"<p>Hojas de especificaciones c\u00e1maras industriales C\u00e1maras Industriales CC04-IP2MV CC02 C\u00e1mara HDTVI C\u00e1mara CC04-IPMV C\u00e1mara CC04-IP3MV C\u00e1maras de acero inoxidable CC06-HBU36F-K CC06-HB36F CC06-HB23F CC06-TD12VF-X CC06-NB12VF-M CC06-ND12VF CC03-IP2MZ30-E C\u00e1maras con clasificaci\u00f3n de explosi\u00f3n CC03-1F CC03-TV2MF36IR CC03-TV2MVFIR CC03-IP2M36FIR CC03-IP2MVFIR CC03-IP2MZ30-E C\u00e1maras Comerciales c\u00e1mara de caja TIX-204 C\u00e1maras de bala TIB-2103SV TIB-2801PX TIB-2805PX MIB-4131SV2 MIB-4151SV2 MIB-8151SV MIB-4171SV TIS-2802 C\u00e1maras [&hellip;]<\/p>\n","protected":false},"author":1,"featured_media":0,"parent":0,"menu_order":0,"comment_status":"closed","ping_status":"closed","template":"","meta":{"footnotes":""},"class_list":["post-2667","page","type-page","status-publish","hentry"],"yoast_head":"<!-- This site is optimized with the Yoast SEO plugin v27.4 - https:\/\/yoast.com\/product\/yoast-seo-wordpress\/ -->\n<title>Hojas de especificaciones - Opticom Technologies<\/title>\n<meta name=\"robots\" content=\"index, follow, max-snippet:-1, max-image-preview:large, max-video-preview:-1\" \/>\n<link rel=\"canonical\" href=\"https:\/\/opticomtech.com\/es\/hojas-de-especificaciones\/\" \/>\n<meta property=\"og:locale\" content=\"es_ES\" \/>\n<meta property=\"og:type\" content=\"article\" \/>\n<meta property=\"og:title\" content=\"Hojas de especificaciones - Opticom Technologies\" \/>\n<meta property=\"og:description\" content=\"Hojas de especificaciones c\u00e1maras industriales C\u00e1maras Industriales CC04-IP2MV CC02 C\u00e1mara HDTVI C\u00e1mara CC04-IPMV C\u00e1mara CC04-IP3MV C\u00e1maras de acero inoxidable CC06-HBU36F-K CC06-HB36F CC06-HB23F CC06-TD12VF-X CC06-NB12VF-M CC06-ND12VF CC03-IP2MZ30-E C\u00e1maras con clasificaci\u00f3n de explosi\u00f3n CC03-1F CC03-TV2MF36IR CC03-TV2MVFIR CC03-IP2M36FIR CC03-IP2MVFIR CC03-IP2MZ30-E C\u00e1maras Comerciales c\u00e1mara de caja TIX-204 C\u00e1maras de bala TIB-2103SV TIB-2801PX TIB-2805PX MIB-4131SV2 MIB-4151SV2 MIB-8151SV MIB-4171SV TIS-2802 C\u00e1maras [&hellip;]\" \/>\n<meta property=\"og:url\" content=\"https:\/\/opticomtech.com\/es\/hojas-de-especificaciones\/\" \/>\n<meta property=\"og:site_name\" content=\"Opticom Technologies\" \/>\n<meta property=\"article:modified_time\" content=\"2024-09-11T22:34:09+00:00\" \/>\n<meta name=\"twitter:card\" content=\"summary_large_image\" \/>\n<meta name=\"twitter:label1\" content=\"Tiempo de lectura\" \/>\n\t<meta name=\"twitter:data1\" content=\"2 minutos\" \/>\n<script type=\"application\/ld+json\" class=\"yoast-schema-graph\">{\"@context\":\"https:\\\/\\\/schema.org\",\"@graph\":[{\"@type\":\"WebPage\",\"@id\":\"https:\\\/\\\/opticomtech.com\\\/es\\\/hojas-de-especificaciones\\\/\",\"url\":\"https:\\\/\\\/opticomtech.com\\\/es\\\/hojas-de-especificaciones\\\/\",\"name\":\"Hojas de especificaciones - Opticom Technologies\",\"isPartOf\":{\"@id\":\"https:\\\/\\\/opticomtech.com\\\/#website\"},\"datePublished\":\"2020-08-05T17:14:51+00:00\",\"dateModified\":\"2024-09-11T22:34:09+00:00\",\"breadcrumb\":{\"@id\":\"https:\\\/\\\/opticomtech.com\\\/es\\\/hojas-de-especificaciones\\\/#breadcrumb\"},\"inLanguage\":\"es\",\"potentialAction\":[{\"@type\":\"ReadAction\",\"target\":[\"https:\\\/\\\/opticomtech.com\\\/es\\\/hojas-de-especificaciones\\\/\"]}]},{\"@type\":\"BreadcrumbList\",\"@id\":\"https:\\\/\\\/opticomtech.com\\\/es\\\/hojas-de-especificaciones\\\/#breadcrumb\",\"itemListElement\":[{\"@type\":\"ListItem\",\"position\":1,\"name\":\"Home\",\"item\":\"https:\\\/\\\/opticomtech.com\\\/\"},{\"@type\":\"ListItem\",\"position\":2,\"name\":\"Hojas de especificaciones\"}]},{\"@type\":\"WebSite\",\"@id\":\"https:\\\/\\\/opticomtech.com\\\/#website\",\"url\":\"https:\\\/\\\/opticomtech.com\\\/\",\"name\":\"Opticom Technologies\",\"description\":\"Industrial CCTV Specialists - Providing a Complete Line of Video Surveillance Products.\",\"publisher\":{\"@id\":\"https:\\\/\\\/opticomtech.com\\\/#organization\"},\"potentialAction\":[{\"@type\":\"SearchAction\",\"target\":{\"@type\":\"EntryPoint\",\"urlTemplate\":\"https:\\\/\\\/opticomtech.com\\\/?s={search_term_string}\"},\"query-input\":{\"@type\":\"PropertyValueSpecification\",\"valueRequired\":true,\"valueName\":\"search_term_string\"}}],\"inLanguage\":\"es\"},{\"@type\":\"Organization\",\"@id\":\"https:\\\/\\\/opticomtech.com\\\/#organization\",\"name\":\"Opticom Technologies\",\"url\":\"https:\\\/\\\/opticomtech.com\\\/\",\"logo\":{\"@type\":\"ImageObject\",\"inLanguage\":\"es\",\"@id\":\"https:\\\/\\\/opticomtech.com\\\/#\\\/schema\\\/logo\\\/image\\\/\",\"url\":\"https:\\\/\\\/opticomtech.com\\\/wp-content\\\/uploads\\\/2020\\\/08\\\/cropped-opticom_logo_2020-silver.png\",\"contentUrl\":\"https:\\\/\\\/opticomtech.com\\\/wp-content\\\/uploads\\\/2020\\\/08\\\/cropped-opticom_logo_2020-silver.png\",\"width\":441,\"height\":144,\"caption\":\"Opticom Technologies\"},\"image\":{\"@id\":\"https:\\\/\\\/opticomtech.com\\\/#\\\/schema\\\/logo\\\/image\\\/\"}}]}<\/script>\n<!-- \/ Yoast SEO plugin. -->","yoast_head_json":{"title":"Hojas de especificaciones - Opticom Technologies","robots":{"index":"index","follow":"follow","max-snippet":"max-snippet:-1","max-image-preview":"max-image-preview:large","max-video-preview":"max-video-preview:-1"},"canonical":"https:\/\/opticomtech.com\/es\/hojas-de-especificaciones\/","og_locale":"es_ES","og_type":"article","og_title":"Hojas de especificaciones - Opticom Technologies","og_description":"Hojas de especificaciones c\u00e1maras industriales C\u00e1maras Industriales CC04-IP2MV CC02 C\u00e1mara HDTVI C\u00e1mara CC04-IPMV C\u00e1mara CC04-IP3MV C\u00e1maras de acero inoxidable CC06-HBU36F-K CC06-HB36F CC06-HB23F CC06-TD12VF-X CC06-NB12VF-M CC06-ND12VF CC03-IP2MZ30-E C\u00e1maras con clasificaci\u00f3n de explosi\u00f3n CC03-1F CC03-TV2MF36IR CC03-TV2MVFIR CC03-IP2M36FIR CC03-IP2MVFIR CC03-IP2MZ30-E C\u00e1maras Comerciales c\u00e1mara de caja TIX-204 C\u00e1maras de bala TIB-2103SV TIB-2801PX TIB-2805PX MIB-4131SV2 MIB-4151SV2 MIB-8151SV MIB-4171SV TIS-2802 C\u00e1maras [&hellip;]","og_url":"https:\/\/opticomtech.com\/es\/hojas-de-especificaciones\/","og_site_name":"Opticom Technologies","article_modified_time":"2024-09-11T22:34:09+00:00","twitter_card":"summary_large_image","twitter_misc":{"Tiempo de lectura":"2 minutos"},"schema":{"@context":"https:\/\/schema.org","@graph":[{"@type":"WebPage","@id":"https:\/\/opticomtech.com\/es\/hojas-de-especificaciones\/","url":"https:\/\/opticomtech.com\/es\/hojas-de-especificaciones\/","name":"Hojas de especificaciones - Opticom Technologies","isPartOf":{"@id":"https:\/\/opticomtech.com\/#website"},"datePublished":"2020-08-05T17:14:51+00:00","dateModified":"2024-09-11T22:34:09+00:00","breadcrumb":{"@id":"https:\/\/opticomtech.com\/es\/hojas-de-especificaciones\/#breadcrumb"},"inLanguage":"es","potentialAction":[{"@type":"ReadAction","target":["https:\/\/opticomtech.com\/es\/hojas-de-especificaciones\/"]}]},{"@type":"BreadcrumbList","@id":"https:\/\/opticomtech.com\/es\/hojas-de-especificaciones\/#breadcrumb","itemListElement":[{"@type":"ListItem","position":1,"name":"Home","item":"https:\/\/opticomtech.com\/"},{"@type":"ListItem","position":2,"name":"Hojas de especificaciones"}]},{"@type":"WebSite","@id":"https:\/\/opticomtech.com\/#website","url":"https:\/\/opticomtech.com\/","name":"Opticom Technologies","description":"Industrial CCTV Specialists - Providing a Complete Line of Video Surveillance Products.","publisher":{"@id":"https:\/\/opticomtech.com\/#organization"},"potentialAction":[{"@type":"SearchAction","target":{"@type":"EntryPoint","urlTemplate":"https:\/\/opticomtech.com\/?s={search_term_string}"},"query-input":{"@type":"PropertyValueSpecification","valueRequired":true,"valueName":"search_term_string"}}],"inLanguage":"es"},{"@type":"Organization","@id":"https:\/\/opticomtech.com\/#organization","name":"Opticom Technologies","url":"https:\/\/opticomtech.com\/","logo":{"@type":"ImageObject","inLanguage":"es","@id":"https:\/\/opticomtech.com\/#\/schema\/logo\/image\/","url":"https:\/\/opticomtech.com\/wp-content\/uploads\/2020\/08\/cropped-opticom_logo_2020-silver.png","contentUrl":"https:\/\/opticomtech.com\/wp-content\/uploads\/2020\/08\/cropped-opticom_logo_2020-silver.png","width":441,"height":144,"caption":"Opticom Technologies"},"image":{"@id":"https:\/\/opticomtech.com\/#\/schema\/logo\/image\/"}}]}},"_links":{"self":[{"href":"https:\/\/opticomtech.com\/es\/wp-json\/wp\/v2\/pages\/2667","targetHints":{"allow":["GET"]}}],"collection":[{"href":"https:\/\/opticomtech.com\/es\/wp-json\/wp\/v2\/pages"}],"about":[{"href":"https:\/\/opticomtech.com\/es\/wp-json\/wp\/v2\/types\/page"}],"author":[{"embeddable":true,"href":"https:\/\/opticomtech.com\/es\/wp-json\/wp\/v2\/users\/1"}],"replies":[{"embeddable":true,"href":"https:\/\/opticomtech.com\/es\/wp-json\/wp\/v2\/comments?post=2667"}],"version-history":[{"count":8,"href":"https:\/\/opticomtech.com\/es\/wp-json\/wp\/v2\/pages\/2667\/revisions"}],"predecessor-version":[{"id":7139,"href":"https:\/\/opticomtech.com\/es\/wp-json\/wp\/v2\/pages\/2667\/revisions\/7139"}],"wp:attachment":[{"href":"https:\/\/opticomtech.com\/es\/wp-json\/wp\/v2\/media?parent=2667"}],"curies":[{"name":"wp","href":"https:\/\/api.w.org\/{rel}","templated":true}]}}