{"id":5530,"date":"2023-05-18T18:28:59","date_gmt":"2023-05-18T18:28:59","guid":{"rendered":"https:\/\/opticomtech.com\/catalogo-de-productos\/"},"modified":"2024-01-31T16:55:09","modified_gmt":"2024-01-31T16:55:09","slug":"catalogo-de-productos","status":"publish","type":"page","link":"https:\/\/opticomtech.com\/es\/catalogo-de-productos\/","title":{"rendered":"Cat\u00e1logo de productos"},"content":{"rendered":"\t\t<div data-elementor-type=\"wp-page\" data-elementor-id=\"5530\" class=\"elementor elementor-5530 elementor-5527\" data-elementor-post-type=\"page\">\n\t\t\t\t\t\t<section class=\"elementor-section elementor-top-section elementor-element elementor-element-50c1b20c elementor-section-boxed elementor-section-height-default elementor-section-height-default\" data-id=\"50c1b20c\" data-element_type=\"section\" data-e-type=\"section\">\n\t\t\t\t\t\t<div class=\"elementor-container elementor-column-gap-default\">\n\t\t\t\t\t<div class=\"elementor-column elementor-col-33 elementor-top-column elementor-element elementor-element-4452edc1 elementor-hidden-tablet elementor-hidden-phone\" data-id=\"4452edc1\" data-element_type=\"column\" data-e-type=\"column\">\n\t\t\t<div class=\"elementor-widget-wrap elementor-element-populated\">\n\t\t\t\t\t\t<div class=\"elementor-element elementor-element-6fe7462a elementor-nav-menu--dropdown-mobile elementor-nav-menu__text-align-aside elementor-nav-menu--toggle elementor-nav-menu--burger elementor-widget elementor-widget-nav-menu\" data-id=\"6fe7462a\" data-element_type=\"widget\" data-e-type=\"widget\" data-settings=\"{&quot;layout&quot;:&quot;vertical&quot;,&quot;submenu_icon&quot;:{&quot;value&quot;:&quot;&lt;i aria-hidden=\\&quot;true\\&quot; class=\\&quot;fas e-plus-icon\\&quot;&gt;&lt;\\\/i&gt;&quot;,&quot;library&quot;:&quot;&quot;},&quot;toggle&quot;:&quot;burger&quot;}\" data-widget_type=\"nav-menu.default\">\n\t\t\t\t<div class=\"elementor-widget-container\">\n\t\t\t\t\t\t\t\t<nav aria-label=\"Men\u00fa\" class=\"elementor-nav-menu--main elementor-nav-menu__container elementor-nav-menu--layout-vertical e--pointer-background e--animation-sweep-right\">\n\t\t\t\t<ul id=\"menu-1-6fe7462a\" class=\"elementor-nav-menu sm-vertical\"><li class=\"menu-item menu-item-type-post_type menu-item-object-page menu-item-2931\"><a href=\"https:\/\/opticomtech.com\/es\/firmware\/\" class=\"elementor-item\">firmware<\/a><\/li>\n<li class=\"menu-item menu-item-type-post_type menu-item-object-page menu-item-2932\"><a href=\"https:\/\/opticomtech.com\/es\/manuales-de-productos\/\" class=\"elementor-item\">Manuales de productos<\/a><\/li>\n<li class=\"menu-item menu-item-type-post_type menu-item-object-page menu-item-5582\"><a href=\"https:\/\/opticomtech.com\/es\/catalogo-de-productos\/\" class=\"elementor-item\">Cat\u00e1logo de productos<\/a><\/li>\n<li class=\"menu-item menu-item-type-post_type menu-item-object-page menu-item-2933\"><a href=\"https:\/\/opticomtech.com\/es\/software\/\" class=\"elementor-item\">Software<\/a><\/li>\n<li class=\"menu-item menu-item-type-post_type menu-item-object-page menu-item-2934\"><a href=\"https:\/\/opticomtech.com\/es\/hojas-de-especificaciones\/\" class=\"elementor-item\">Hojas de especificaciones<\/a><\/li>\n<li class=\"menu-item menu-item-type-post_type menu-item-object-page menu-item-3087\"><a href=\"https:\/\/opticomtech.com\/es\/calculadora-de-lentes\/\" class=\"elementor-item\">Calculadora de lentes<\/a><\/li>\n<li class=\"menu-item menu-item-type-post_type menu-item-object-page menu-item-3088\"><a href=\"https:\/\/opticomtech.com\/es\/calculadora-de-ancho-de-banda\/\" class=\"elementor-item\">Calculadora de ancho de banda<\/a><\/li>\n<\/ul>\t\t\t<\/nav>\n\t\t\t\t\t<div class=\"elementor-menu-toggle\" role=\"button\" tabindex=\"0\" aria-label=\"Alternar men\u00fa\" aria-expanded=\"false\">\n\t\t\t<svg aria-hidden=\"true\" role=\"presentation\" class=\"elementor-menu-toggle__icon--open e-font-icon-svg e-eicon-menu-bar\" viewBox=\"0 0 1000 1000\" xmlns=\"http:\/\/www.w3.org\/2000\/svg\"><path d=\"M104 333H896C929 333 958 304 958 271S929 208 896 208H104C71 208 42 237 42 271S71 333 104 333ZM104 583H896C929 583 958 554 958 521S929 458 896 458H104C71 458 42 487 42 521S71 583 104 583ZM104 833H896C929 833 958 804 958 771S929 708 896 708H104C71 708 42 737 42 771S71 833 104 833Z\"><\/path><\/svg><svg aria-hidden=\"true\" role=\"presentation\" class=\"elementor-menu-toggle__icon--close e-font-icon-svg e-eicon-close\" viewBox=\"0 0 1000 1000\" xmlns=\"http:\/\/www.w3.org\/2000\/svg\"><path d=\"M742 167L500 408 258 167C246 154 233 150 217 150 196 150 179 158 167 167 154 179 150 196 150 212 150 229 154 242 171 254L408 500 167 742C138 771 138 800 167 829 196 858 225 858 254 829L496 587 738 829C750 842 767 846 783 846 800 846 817 842 829 829 842 817 846 804 846 783 846 767 842 750 829 737L588 500 833 258C863 229 863 200 833 171 804 137 775 137 742 167Z\"><\/path><\/svg>\t\t<\/div>\n\t\t\t\t\t<nav class=\"elementor-nav-menu--dropdown elementor-nav-menu__container\" aria-hidden=\"true\">\n\t\t\t\t<ul id=\"menu-2-6fe7462a\" class=\"elementor-nav-menu sm-vertical\"><li class=\"menu-item menu-item-type-post_type menu-item-object-page menu-item-2931\"><a href=\"https:\/\/opticomtech.com\/es\/firmware\/\" class=\"elementor-item\" tabindex=\"-1\">firmware<\/a><\/li>\n<li class=\"menu-item menu-item-type-post_type menu-item-object-page menu-item-2932\"><a href=\"https:\/\/opticomtech.com\/es\/manuales-de-productos\/\" class=\"elementor-item\" tabindex=\"-1\">Manuales de productos<\/a><\/li>\n<li class=\"menu-item menu-item-type-post_type menu-item-object-page menu-item-5582\"><a href=\"https:\/\/opticomtech.com\/es\/catalogo-de-productos\/\" class=\"elementor-item\" tabindex=\"-1\">Cat\u00e1logo de productos<\/a><\/li>\n<li class=\"menu-item menu-item-type-post_type menu-item-object-page menu-item-2933\"><a href=\"https:\/\/opticomtech.com\/es\/software\/\" class=\"elementor-item\" tabindex=\"-1\">Software<\/a><\/li>\n<li class=\"menu-item menu-item-type-post_type menu-item-object-page menu-item-2934\"><a href=\"https:\/\/opticomtech.com\/es\/hojas-de-especificaciones\/\" class=\"elementor-item\" tabindex=\"-1\">Hojas de especificaciones<\/a><\/li>\n<li class=\"menu-item menu-item-type-post_type menu-item-object-page menu-item-3087\"><a href=\"https:\/\/opticomtech.com\/es\/calculadora-de-lentes\/\" class=\"elementor-item\" tabindex=\"-1\">Calculadora de lentes<\/a><\/li>\n<li class=\"menu-item menu-item-type-post_type menu-item-object-page menu-item-3088\"><a href=\"https:\/\/opticomtech.com\/es\/calculadora-de-ancho-de-banda\/\" class=\"elementor-item\" tabindex=\"-1\">Calculadora de ancho de banda<\/a><\/li>\n<\/ul>\t\t\t<\/nav>\n\t\t\t\t\t\t<\/div>\n\t\t\t\t<\/div>\n\t\t\t\t\t<\/div>\n\t\t<\/div>\n\t\t\t\t<div class=\"elementor-column elementor-col-66 elementor-top-column elementor-element elementor-element-1f85767e\" data-id=\"1f85767e\" data-element_type=\"column\" data-e-type=\"column\">\n\t\t\t<div class=\"elementor-widget-wrap elementor-element-populated\">\n\t\t\t\t\t\t<section class=\"elementor-section elementor-inner-section elementor-element elementor-element-1ad33e5d elementor-section-boxed elementor-section-height-default elementor-section-height-default\" data-id=\"1ad33e5d\" data-element_type=\"section\" data-e-type=\"section\">\n\t\t\t\t\t\t<div class=\"elementor-container elementor-column-gap-default\">\n\t\t\t\t\t<div class=\"elementor-column elementor-col-100 elementor-inner-column elementor-element elementor-element-6ca6bcdc\" data-id=\"6ca6bcdc\" data-element_type=\"column\" data-e-type=\"column\">\n\t\t\t<div class=\"elementor-widget-wrap elementor-element-populated\">\n\t\t\t\t\t\t<div class=\"elementor-element elementor-element-2861f17e elementor-widget elementor-widget-heading\" data-id=\"2861f17e\" data-element_type=\"widget\" data-e-type=\"widget\" data-widget_type=\"heading.default\">\n\t\t\t\t<div class=\"elementor-widget-container\">\n\t\t\t\t\t<h1 class=\"elementor-heading-title elementor-size-default\">Cat\u00e1logo de <b>productos<\/b> <\/h1>\t\t\t\t<\/div>\n\t\t\t\t<\/div>\n\t\t\t\t\t<\/div>\n\t\t<\/div>\n\t\t\t\t\t<\/div>\n\t\t<\/section>\n\t\t\t\t<section class=\"elementor-section elementor-inner-section elementor-element elementor-element-d731a15 elementor-section-boxed elementor-section-height-default elementor-section-height-default\" data-id=\"d731a15\" data-element_type=\"section\" data-e-type=\"section\">\n\t\t\t\t\t\t<div class=\"elementor-container elementor-column-gap-default\">\n\t\t\t\t\t<div class=\"elementor-column elementor-col-50 elementor-inner-column elementor-element elementor-element-59a0be24\" data-id=\"59a0be24\" data-element_type=\"column\" data-e-type=\"column\">\n\t\t\t<div class=\"elementor-widget-wrap elementor-element-populated\">\n\t\t\t\t\t\t<div class=\"elementor-element elementor-element-16f91962 elementor-widget elementor-widget-heading\" data-id=\"16f91962\" data-element_type=\"widget\" data-e-type=\"widget\" data-widget_type=\"heading.default\">\n\t\t\t\t<div class=\"elementor-widget-container\">\n\t\t\t\t\t<h5 class=\"elementor-heading-title elementor-size-default\">Cat\u00e1logo interactivo de productos<\/h5>\t\t\t\t<\/div>\n\t\t\t\t<\/div>\n\t\t\t\t<div class=\"elementor-element elementor-element-d1add37 elementor-widget elementor-widget-image\" data-id=\"d1add37\" data-element_type=\"widget\" data-e-type=\"widget\" data-widget_type=\"image.default\">\n\t\t\t\t<div class=\"elementor-widget-container\">\n\t\t\t\t\t\t\t\t\t\t\t\t\t\t\t\t<a href=\"https:\/\/opticomtech.com\/Opticom_Product_Catalog_2024\/index.html\" target=\"_blank\">\n\t\t\t\t\t\t\t<img fetchpriority=\"high\" decoding=\"async\" width=\"396\" height=\"612\" src=\"https:\/\/opticomtech.com\/wp-content\/uploads\/2023\/05\/Catalog_2023.jpg\" class=\"elementor-animation-grow attachment-large size-large wp-image-5520\" alt=\"\" srcset=\"https:\/\/opticomtech.com\/wp-content\/uploads\/2023\/05\/Catalog_2023.jpg 396w, https:\/\/opticomtech.com\/wp-content\/uploads\/2023\/05\/Catalog_2023-194x300.jpg 194w, https:\/\/opticomtech.com\/wp-content\/uploads\/2023\/05\/Catalog_2023-300x464.jpg 300w\" sizes=\"(max-width: 396px) 100vw, 396px\" \/>\t\t\t\t\t\t\t\t<\/a>\n\t\t\t\t\t\t\t\t\t\t\t\t\t\t\t<\/div>\n\t\t\t\t<\/div>\n\t\t\t\t\t<\/div>\n\t\t<\/div>\n\t\t\t\t<div class=\"elementor-column elementor-col-50 elementor-inner-column elementor-element elementor-element-1f65f820\" data-id=\"1f65f820\" data-element_type=\"column\" data-e-type=\"column\">\n\t\t\t<div class=\"elementor-widget-wrap elementor-element-populated\">\n\t\t\t\t\t\t<div class=\"elementor-element elementor-element-3c20b90f elementor-widget elementor-widget-heading\" data-id=\"3c20b90f\" data-element_type=\"widget\" data-e-type=\"widget\" data-widget_type=\"heading.default\">\n\t\t\t\t<div class=\"elementor-widget-container\">\n\t\t\t\t\t<h5 class=\"elementor-heading-title elementor-size-default\">Cat\u00e1logo descargable en PDF<\/h5>\t\t\t\t<\/div>\n\t\t\t\t<\/div>\n\t\t\t\t<div class=\"elementor-element elementor-element-75498ee7 elementor-list-item-link-full_width elementor-widget elementor-widget-icon-list\" data-id=\"75498ee7\" data-element_type=\"widget\" data-e-type=\"widget\" data-widget_type=\"icon-list.default\">\n\t\t\t\t<div class=\"elementor-widget-container\">\n\t\t\t\t\t\t\t<ul class=\"elementor-icon-list-items\">\n\t\t\t\t\t\t\t<li class=\"elementor-icon-list-item\">\n\t\t\t\t\t\t\t\t\t\t\t<a href=\"https:\/\/opticomtech.com\/wp-content\/uploads\/2023\/05\/Opticom_Product_Catalog_2023.pdf\" target=\"_blank\">\n\n\t\t\t\t\t\t\t\t\t\t\t\t<span class=\"elementor-icon-list-icon\">\n\t\t\t\t\t\t\t<svg aria-hidden=\"true\" class=\"e-font-icon-svg e-fas-file-pdf\" viewBox=\"0 0 384 512\" xmlns=\"http:\/\/www.w3.org\/2000\/svg\"><path d=\"M181.9 256.1c-5-16-4.9-46.9-2-46.9 8.4 0 7.6 36.9 2 46.9zm-1.7 47.2c-7.7 20.2-17.3 43.3-28.4 62.7 18.3-7 39-17.2 62.9-21.9-12.7-9.6-24.9-23.4-34.5-40.8zM86.1 428.1c0 .8 13.2-5.4 34.9-40.2-6.7 6.3-29.1 24.5-34.9 40.2zM248 160h136v328c0 13.3-10.7 24-24 24H24c-13.3 0-24-10.7-24-24V24C0 10.7 10.7 0 24 0h200v136c0 13.2 10.8 24 24 24zm-8 171.8c-20-12.2-33.3-29-42.7-53.8 4.5-18.5 11.6-46.6 6.2-64.2-4.7-29.4-42.4-26.5-47.8-6.8-5 18.3-.4 44.1 8.1 77-11.6 27.6-28.7 64.6-40.8 85.8-.1 0-.1.1-.2.1-27.1 13.9-73.6 44.5-54.5 68 5.6 6.9 16 10 21.5 10 17.9 0 35.7-18 61.1-61.8 25.8-8.5 54.1-19.1 79-23.2 21.7 11.8 47.1 19.5 64 19.5 29.2 0 31.2-32 19.7-43.4-13.9-13.6-54.3-9.7-73.6-7.2zM377 105L279 7c-4.5-4.5-10.6-7-17-7h-6v128h128v-6.1c0-6.3-2.5-12.4-7-16.9zm-74.1 255.3c4.1-2.7-2.5-11.9-42.8-9 37.1 15.8 42.8 9 42.8 9z\"><\/path><\/svg>\t\t\t\t\t\t<\/span>\n\t\t\t\t\t\t\t\t\t\t<span class=\"elementor-icon-list-text\">Cat\u00e1logo de productos 2024<\/span>\n\t\t\t\t\t\t\t\t\t\t\t<\/a>\n\t\t\t\t\t\t\t\t\t<\/li>\n\t\t\t\t\t\t\t\t<li class=\"elementor-icon-list-item\">\n\t\t\t\t\t\t\t\t\t\t\t<a href=\"https:\/\/opticomtech.com\/wp-content\/uploads\/2023\/05\/Opticom_Product_Catalog_2023.pdf\" target=\"_blank\">\n\n\t\t\t\t\t\t\t\t\t\t\t\t<span class=\"elementor-icon-list-icon\">\n\t\t\t\t\t\t\t<svg aria-hidden=\"true\" class=\"e-font-icon-svg e-fas-file-pdf\" viewBox=\"0 0 384 512\" xmlns=\"http:\/\/www.w3.org\/2000\/svg\"><path d=\"M181.9 256.1c-5-16-4.9-46.9-2-46.9 8.4 0 7.6 36.9 2 46.9zm-1.7 47.2c-7.7 20.2-17.3 43.3-28.4 62.7 18.3-7 39-17.2 62.9-21.9-12.7-9.6-24.9-23.4-34.5-40.8zM86.1 428.1c0 .8 13.2-5.4 34.9-40.2-6.7 6.3-29.1 24.5-34.9 40.2zM248 160h136v328c0 13.3-10.7 24-24 24H24c-13.3 0-24-10.7-24-24V24C0 10.7 10.7 0 24 0h200v136c0 13.2 10.8 24 24 24zm-8 171.8c-20-12.2-33.3-29-42.7-53.8 4.5-18.5 11.6-46.6 6.2-64.2-4.7-29.4-42.4-26.5-47.8-6.8-5 18.3-.4 44.1 8.1 77-11.6 27.6-28.7 64.6-40.8 85.8-.1 0-.1.1-.2.1-27.1 13.9-73.6 44.5-54.5 68 5.6 6.9 16 10 21.5 10 17.9 0 35.7-18 61.1-61.8 25.8-8.5 54.1-19.1 79-23.2 21.7 11.8 47.1 19.5 64 19.5 29.2 0 31.2-32 19.7-43.4-13.9-13.6-54.3-9.7-73.6-7.2zM377 105L279 7c-4.5-4.5-10.6-7-17-7h-6v128h128v-6.1c0-6.3-2.5-12.4-7-16.9zm-74.1 255.3c4.1-2.7-2.5-11.9-42.8-9 37.1 15.8 42.8 9 42.8 9z\"><\/path><\/svg>\t\t\t\t\t\t<\/span>\n\t\t\t\t\t\t\t\t\t\t<span class=\"elementor-icon-list-text\">Cat\u00e1logo de productos 2023<\/span>\n\t\t\t\t\t\t\t\t\t\t\t<\/a>\n\t\t\t\t\t\t\t\t\t<\/li>\n\t\t\t\t\t\t<\/ul>\n\t\t\t\t\t\t<\/div>\n\t\t\t\t<\/div>\n\t\t\t\t\t<\/div>\n\t\t<\/div>\n\t\t\t\t\t<\/div>\n\t\t<\/section>\n\t\t\t\t\t<\/div>\n\t\t<\/div>\n\t\t\t\t\t<\/div>\n\t\t<\/section>\n\t\t\t\t<\/div>\n\t\t","protected":false},"excerpt":{"rendered":"<p>Cat\u00e1logo de productos Cat\u00e1logo interactivo de productos Cat\u00e1logo descargable en PDF Cat\u00e1logo de productos 2024 Cat\u00e1logo de productos 2023<\/p>\n","protected":false},"author":1,"featured_media":0,"parent":0,"menu_order":0,"comment_status":"closed","ping_status":"closed","template":"","meta":{"footnotes":""},"class_list":["post-5530","page","type-page","status-publish","hentry"],"yoast_head":"<!-- This site is optimized with the Yoast SEO plugin v27.4 - https:\/\/yoast.com\/product\/yoast-seo-wordpress\/ -->\n<title>Cat\u00e1logo de productos - Opticom Technologies<\/title>\n<meta name=\"robots\" content=\"index, follow, max-snippet:-1, max-image-preview:large, max-video-preview:-1\" \/>\n<link rel=\"canonical\" href=\"https:\/\/opticomtech.com\/product-catalog\/\" \/>\n<meta property=\"og:locale\" content=\"es_ES\" \/>\n<meta property=\"og:type\" content=\"article\" \/>\n<meta property=\"og:title\" content=\"Cat\u00e1logo de productos - Opticom Technologies\" \/>\n<meta property=\"og:description\" content=\"Cat\u00e1logo de productos Cat\u00e1logo interactivo de productos Cat\u00e1logo descargable en PDF Cat\u00e1logo de productos 2024 Cat\u00e1logo de productos 2023\" \/>\n<meta property=\"og:url\" content=\"https:\/\/opticomtech.com\/product-catalog\/\" \/>\n<meta property=\"og:site_name\" content=\"Opticom Technologies\" \/>\n<meta property=\"article:modified_time\" content=\"2024-01-31T16:55:09+00:00\" \/>\n<meta property=\"og:image\" content=\"https:\/\/opticomtech.com\/wp-content\/uploads\/2023\/05\/Catalog_2023.jpg\" \/>\n<meta name=\"twitter:card\" content=\"summary_large_image\" \/>\n<script type=\"application\/ld+json\" class=\"yoast-schema-graph\">{\"@context\":\"https:\\\/\\\/schema.org\",\"@graph\":[{\"@type\":\"WebPage\",\"@id\":\"https:\\\/\\\/opticomtech.com\\\/product-catalog\\\/\",\"url\":\"https:\\\/\\\/opticomtech.com\\\/product-catalog\\\/\",\"name\":\"Cat\u00e1logo de productos - Opticom Technologies\",\"isPartOf\":{\"@id\":\"https:\\\/\\\/opticomtech.com\\\/#website\"},\"primaryImageOfPage\":{\"@id\":\"https:\\\/\\\/opticomtech.com\\\/product-catalog\\\/#primaryimage\"},\"image\":{\"@id\":\"https:\\\/\\\/opticomtech.com\\\/product-catalog\\\/#primaryimage\"},\"thumbnailUrl\":\"https:\\\/\\\/opticomtech.com\\\/wp-content\\\/uploads\\\/2023\\\/05\\\/Catalog_2023.jpg\",\"datePublished\":\"2023-05-18T18:28:59+00:00\",\"dateModified\":\"2024-01-31T16:55:09+00:00\",\"breadcrumb\":{\"@id\":\"https:\\\/\\\/opticomtech.com\\\/product-catalog\\\/#breadcrumb\"},\"inLanguage\":\"es\",\"potentialAction\":[{\"@type\":\"ReadAction\",\"target\":[\"https:\\\/\\\/opticomtech.com\\\/product-catalog\\\/\"]}]},{\"@type\":\"ImageObject\",\"inLanguage\":\"es\",\"@id\":\"https:\\\/\\\/opticomtech.com\\\/product-catalog\\\/#primaryimage\",\"url\":\"https:\\\/\\\/opticomtech.com\\\/wp-content\\\/uploads\\\/2023\\\/05\\\/Catalog_2023.jpg\",\"contentUrl\":\"https:\\\/\\\/opticomtech.com\\\/wp-content\\\/uploads\\\/2023\\\/05\\\/Catalog_2023.jpg\"},{\"@type\":\"BreadcrumbList\",\"@id\":\"https:\\\/\\\/opticomtech.com\\\/product-catalog\\\/#breadcrumb\",\"itemListElement\":[{\"@type\":\"ListItem\",\"position\":1,\"name\":\"Home\",\"item\":\"https:\\\/\\\/opticomtech.com\\\/\"},{\"@type\":\"ListItem\",\"position\":2,\"name\":\"Cat\u00e1logo de productos\"}]},{\"@type\":\"WebSite\",\"@id\":\"https:\\\/\\\/opticomtech.com\\\/#website\",\"url\":\"https:\\\/\\\/opticomtech.com\\\/\",\"name\":\"Opticom Technologies\",\"description\":\"Industrial CCTV Specialists - Providing a Complete Line of Video Surveillance Products.\",\"publisher\":{\"@id\":\"https:\\\/\\\/opticomtech.com\\\/#organization\"},\"potentialAction\":[{\"@type\":\"SearchAction\",\"target\":{\"@type\":\"EntryPoint\",\"urlTemplate\":\"https:\\\/\\\/opticomtech.com\\\/?s={search_term_string}\"},\"query-input\":{\"@type\":\"PropertyValueSpecification\",\"valueRequired\":true,\"valueName\":\"search_term_string\"}}],\"inLanguage\":\"es\"},{\"@type\":\"Organization\",\"@id\":\"https:\\\/\\\/opticomtech.com\\\/#organization\",\"name\":\"Opticom Technologies\",\"url\":\"https:\\\/\\\/opticomtech.com\\\/\",\"logo\":{\"@type\":\"ImageObject\",\"inLanguage\":\"es\",\"@id\":\"https:\\\/\\\/opticomtech.com\\\/#\\\/schema\\\/logo\\\/image\\\/\",\"url\":\"https:\\\/\\\/opticomtech.com\\\/wp-content\\\/uploads\\\/2020\\\/08\\\/cropped-opticom_logo_2020-silver.png\",\"contentUrl\":\"https:\\\/\\\/opticomtech.com\\\/wp-content\\\/uploads\\\/2020\\\/08\\\/cropped-opticom_logo_2020-silver.png\",\"width\":441,\"height\":144,\"caption\":\"Opticom Technologies\"},\"image\":{\"@id\":\"https:\\\/\\\/opticomtech.com\\\/#\\\/schema\\\/logo\\\/image\\\/\"}}]}<\/script>\n<!-- \/ Yoast SEO plugin. -->","yoast_head_json":{"title":"Cat\u00e1logo de productos - Opticom Technologies","robots":{"index":"index","follow":"follow","max-snippet":"max-snippet:-1","max-image-preview":"max-image-preview:large","max-video-preview":"max-video-preview:-1"},"canonical":"https:\/\/opticomtech.com\/product-catalog\/","og_locale":"es_ES","og_type":"article","og_title":"Cat\u00e1logo de productos - Opticom Technologies","og_description":"Cat\u00e1logo de productos Cat\u00e1logo interactivo de productos Cat\u00e1logo descargable en PDF Cat\u00e1logo de productos 2024 Cat\u00e1logo de productos 2023","og_url":"https:\/\/opticomtech.com\/product-catalog\/","og_site_name":"Opticom Technologies","article_modified_time":"2024-01-31T16:55:09+00:00","og_image":[{"url":"https:\/\/opticomtech.com\/wp-content\/uploads\/2023\/05\/Catalog_2023.jpg","type":"","width":"","height":""}],"twitter_card":"summary_large_image","schema":{"@context":"https:\/\/schema.org","@graph":[{"@type":"WebPage","@id":"https:\/\/opticomtech.com\/product-catalog\/","url":"https:\/\/opticomtech.com\/product-catalog\/","name":"Cat\u00e1logo de productos - Opticom Technologies","isPartOf":{"@id":"https:\/\/opticomtech.com\/#website"},"primaryImageOfPage":{"@id":"https:\/\/opticomtech.com\/product-catalog\/#primaryimage"},"image":{"@id":"https:\/\/opticomtech.com\/product-catalog\/#primaryimage"},"thumbnailUrl":"https:\/\/opticomtech.com\/wp-content\/uploads\/2023\/05\/Catalog_2023.jpg","datePublished":"2023-05-18T18:28:59+00:00","dateModified":"2024-01-31T16:55:09+00:00","breadcrumb":{"@id":"https:\/\/opticomtech.com\/product-catalog\/#breadcrumb"},"inLanguage":"es","potentialAction":[{"@type":"ReadAction","target":["https:\/\/opticomtech.com\/product-catalog\/"]}]},{"@type":"ImageObject","inLanguage":"es","@id":"https:\/\/opticomtech.com\/product-catalog\/#primaryimage","url":"https:\/\/opticomtech.com\/wp-content\/uploads\/2023\/05\/Catalog_2023.jpg","contentUrl":"https:\/\/opticomtech.com\/wp-content\/uploads\/2023\/05\/Catalog_2023.jpg"},{"@type":"BreadcrumbList","@id":"https:\/\/opticomtech.com\/product-catalog\/#breadcrumb","itemListElement":[{"@type":"ListItem","position":1,"name":"Home","item":"https:\/\/opticomtech.com\/"},{"@type":"ListItem","position":2,"name":"Cat\u00e1logo de productos"}]},{"@type":"WebSite","@id":"https:\/\/opticomtech.com\/#website","url":"https:\/\/opticomtech.com\/","name":"Opticom Technologies","description":"Industrial CCTV Specialists - Providing a Complete Line of Video Surveillance Products.","publisher":{"@id":"https:\/\/opticomtech.com\/#organization"},"potentialAction":[{"@type":"SearchAction","target":{"@type":"EntryPoint","urlTemplate":"https:\/\/opticomtech.com\/?s={search_term_string}"},"query-input":{"@type":"PropertyValueSpecification","valueRequired":true,"valueName":"search_term_string"}}],"inLanguage":"es"},{"@type":"Organization","@id":"https:\/\/opticomtech.com\/#organization","name":"Opticom Technologies","url":"https:\/\/opticomtech.com\/","logo":{"@type":"ImageObject","inLanguage":"es","@id":"https:\/\/opticomtech.com\/#\/schema\/logo\/image\/","url":"https:\/\/opticomtech.com\/wp-content\/uploads\/2020\/08\/cropped-opticom_logo_2020-silver.png","contentUrl":"https:\/\/opticomtech.com\/wp-content\/uploads\/2020\/08\/cropped-opticom_logo_2020-silver.png","width":441,"height":144,"caption":"Opticom Technologies"},"image":{"@id":"https:\/\/opticomtech.com\/#\/schema\/logo\/image\/"}}]}},"_links":{"self":[{"href":"https:\/\/opticomtech.com\/es\/wp-json\/wp\/v2\/pages\/5530","targetHints":{"allow":["GET"]}}],"collection":[{"href":"https:\/\/opticomtech.com\/es\/wp-json\/wp\/v2\/pages"}],"about":[{"href":"https:\/\/opticomtech.com\/es\/wp-json\/wp\/v2\/types\/page"}],"author":[{"embeddable":true,"href":"https:\/\/opticomtech.com\/es\/wp-json\/wp\/v2\/users\/1"}],"replies":[{"embeddable":true,"href":"https:\/\/opticomtech.com\/es\/wp-json\/wp\/v2\/comments?post=5530"}],"version-history":[{"count":11,"href":"https:\/\/opticomtech.com\/es\/wp-json\/wp\/v2\/pages\/5530\/revisions"}],"predecessor-version":[{"id":6397,"href":"https:\/\/opticomtech.com\/es\/wp-json\/wp\/v2\/pages\/5530\/revisions\/6397"}],"wp:attachment":[{"href":"https:\/\/opticomtech.com\/es\/wp-json\/wp\/v2\/media?parent=5530"}],"curies":[{"name":"wp","href":"https:\/\/api.w.org\/{rel}","templated":true}]}}