{"id":2757,"date":"2020-07-22T15:40:01","date_gmt":"2020-07-22T15:40:01","guid":{"rendered":"https:\/\/opticomtech.com\/product\/camara-cc02-tvi\/"},"modified":"2024-01-08T15:57:35","modified_gmt":"2024-01-08T15:57:35","slug":"cc02-hd-tvi","status":"publish","type":"product","link":"https:\/\/opticomtech.com\/es\/producto\/cc02-hd-tvi\/","title":{"rendered":"C\u00e1mara CC02-TVI"},"content":{"rendered":"<ul>\n<li>Resoluci\u00f3n 1080P a 30 FPS<\/li>\n<li>Resistente a vibraciones<\/li>\n<li>Carcasa de aleaci\u00f3n de titanio<\/li>\n<li>Clasificaci\u00f3n de temperatura extrema<\/li>\n<li>Carcasa para todo clima IP68<\/li>\n<li>Funci\u00f3n autom\u00e1tica de d\u00eda\/noche<\/li>\n<\/ul>\n","protected":false},"excerpt":{"rendered":"<p>C\u00e1mara industrial resistente de alta definici\u00f3n (HDTVI)<\/p>\n","protected":false},"featured_media":9046,"template":"","meta":[],"product_brand":[],"product_cat":[115],"product_tag":[],"class_list":{"0":"post-2757","1":"product","2":"type-product","3":"status-publish","4":"has-post-thumbnail","6":"product_cat-camaras-industriales","8":"first","9":"instock","10":"shipping-taxable","11":"product-type-simple"},"yoast_head":"<!-- This site is optimized with the Yoast SEO plugin v27.4 - https:\/\/yoast.com\/product\/yoast-seo-wordpress\/ -->\n<title>C\u00e1mara CC02-TVI - Opticom Technologies<\/title>\n<meta name=\"robots\" content=\"index, follow, max-snippet:-1, max-image-preview:large, max-video-preview:-1\" \/>\n<link rel=\"canonical\" href=\"https:\/\/opticomtech.com\/es\/producto\/cc02-hd-tvi\/\" \/>\n<meta property=\"og:locale\" content=\"es_ES\" \/>\n<meta property=\"og:type\" content=\"article\" \/>\n<meta property=\"og:title\" content=\"C\u00e1mara CC02-TVI - Opticom Technologies\" \/>\n<meta property=\"og:description\" content=\"C\u00e1mara industrial resistente de alta definici\u00f3n (HDTVI)\" \/>\n<meta property=\"og:url\" content=\"https:\/\/opticomtech.com\/es\/producto\/cc02-hd-tvi\/\" \/>\n<meta property=\"og:site_name\" content=\"Opticom Technologies\" \/>\n<meta property=\"article:modified_time\" content=\"2024-01-08T15:57:35+00:00\" \/>\n<meta property=\"og:image\" content=\"https:\/\/opticomtech.com\/wp-content\/uploads\/2020\/08\/CC02-TVI.jpg\" \/>\n\t<meta property=\"og:image:width\" content=\"500\" \/>\n\t<meta property=\"og:image:height\" content=\"500\" \/>\n\t<meta property=\"og:image:type\" content=\"image\/jpeg\" \/>\n<meta name=\"twitter:card\" content=\"summary_large_image\" \/>\n<meta name=\"twitter:label1\" content=\"Tiempo de lectura\" \/>\n\t<meta name=\"twitter:data1\" content=\"1 minuto\" \/>\n<script type=\"application\/ld+json\" class=\"yoast-schema-graph\">{\"@context\":\"https:\\\/\\\/schema.org\",\"@graph\":[{\"@type\":\"WebPage\",\"@id\":\"https:\\\/\\\/opticomtech.com\\\/es\\\/producto\\\/cc02-hd-tvi\\\/\",\"url\":\"https:\\\/\\\/opticomtech.com\\\/es\\\/producto\\\/cc02-hd-tvi\\\/\",\"name\":\"C\u00e1mara CC02-TVI - Opticom Technologies\",\"isPartOf\":{\"@id\":\"https:\\\/\\\/opticomtech.com\\\/#website\"},\"primaryImageOfPage\":{\"@id\":\"https:\\\/\\\/opticomtech.com\\\/es\\\/producto\\\/cc02-hd-tvi\\\/#primaryimage\"},\"image\":{\"@id\":\"https:\\\/\\\/opticomtech.com\\\/es\\\/producto\\\/cc02-hd-tvi\\\/#primaryimage\"},\"thumbnailUrl\":\"https:\\\/\\\/opticomtech.com\\\/wp-content\\\/uploads\\\/2020\\\/07\\\/CC02TVI_VM1-MAIN.jpg\",\"datePublished\":\"2020-07-22T15:40:01+00:00\",\"dateModified\":\"2024-01-08T15:57:35+00:00\",\"breadcrumb\":{\"@id\":\"https:\\\/\\\/opticomtech.com\\\/es\\\/producto\\\/cc02-hd-tvi\\\/#breadcrumb\"},\"inLanguage\":\"es\",\"potentialAction\":[{\"@type\":\"ReadAction\",\"target\":[\"https:\\\/\\\/opticomtech.com\\\/es\\\/producto\\\/cc02-hd-tvi\\\/\"]}]},{\"@type\":\"ImageObject\",\"inLanguage\":\"es\",\"@id\":\"https:\\\/\\\/opticomtech.com\\\/es\\\/producto\\\/cc02-hd-tvi\\\/#primaryimage\",\"url\":\"https:\\\/\\\/opticomtech.com\\\/wp-content\\\/uploads\\\/2020\\\/07\\\/CC02TVI_VM1-MAIN.jpg\",\"contentUrl\":\"https:\\\/\\\/opticomtech.com\\\/wp-content\\\/uploads\\\/2020\\\/07\\\/CC02TVI_VM1-MAIN.jpg\",\"width\":300,\"height\":300},{\"@type\":\"BreadcrumbList\",\"@id\":\"https:\\\/\\\/opticomtech.com\\\/es\\\/producto\\\/cc02-hd-tvi\\\/#breadcrumb\",\"itemListElement\":[{\"@type\":\"ListItem\",\"position\":1,\"name\":\"Home\",\"item\":\"https:\\\/\\\/opticomtech.com\\\/\"},{\"@type\":\"ListItem\",\"position\":2,\"name\":\"Tienda\",\"item\":\"https:\\\/\\\/opticomtech.com\\\/es\\\/tienda\\\/\"},{\"@type\":\"ListItem\",\"position\":3,\"name\":\"C\u00e1mara CC02-TVI\"}]},{\"@type\":\"WebSite\",\"@id\":\"https:\\\/\\\/opticomtech.com\\\/#website\",\"url\":\"https:\\\/\\\/opticomtech.com\\\/\",\"name\":\"Opticom Technologies\",\"description\":\"Industrial CCTV Specialists - Providing a Complete Line of Video Surveillance Products.\",\"publisher\":{\"@id\":\"https:\\\/\\\/opticomtech.com\\\/#organization\"},\"potentialAction\":[{\"@type\":\"SearchAction\",\"target\":{\"@type\":\"EntryPoint\",\"urlTemplate\":\"https:\\\/\\\/opticomtech.com\\\/?s={search_term_string}\"},\"query-input\":{\"@type\":\"PropertyValueSpecification\",\"valueRequired\":true,\"valueName\":\"search_term_string\"}}],\"inLanguage\":\"es\"},{\"@type\":\"Organization\",\"@id\":\"https:\\\/\\\/opticomtech.com\\\/#organization\",\"name\":\"Opticom Technologies\",\"url\":\"https:\\\/\\\/opticomtech.com\\\/\",\"logo\":{\"@type\":\"ImageObject\",\"inLanguage\":\"es\",\"@id\":\"https:\\\/\\\/opticomtech.com\\\/#\\\/schema\\\/logo\\\/image\\\/\",\"url\":\"https:\\\/\\\/opticomtech.com\\\/wp-content\\\/uploads\\\/2020\\\/08\\\/cropped-opticom_logo_2020-silver.png\",\"contentUrl\":\"https:\\\/\\\/opticomtech.com\\\/wp-content\\\/uploads\\\/2020\\\/08\\\/cropped-opticom_logo_2020-silver.png\",\"width\":441,\"height\":144,\"caption\":\"Opticom Technologies\"},\"image\":{\"@id\":\"https:\\\/\\\/opticomtech.com\\\/#\\\/schema\\\/logo\\\/image\\\/\"}}]}<\/script>\n<!-- \/ Yoast SEO plugin. -->","yoast_head_json":{"title":"C\u00e1mara CC02-TVI - Opticom Technologies","robots":{"index":"index","follow":"follow","max-snippet":"max-snippet:-1","max-image-preview":"max-image-preview:large","max-video-preview":"max-video-preview:-1"},"canonical":"https:\/\/opticomtech.com\/es\/producto\/cc02-hd-tvi\/","og_locale":"es_ES","og_type":"article","og_title":"C\u00e1mara CC02-TVI - Opticom Technologies","og_description":"C\u00e1mara industrial resistente de alta definici\u00f3n (HDTVI)","og_url":"https:\/\/opticomtech.com\/es\/producto\/cc02-hd-tvi\/","og_site_name":"Opticom Technologies","article_modified_time":"2024-01-08T15:57:35+00:00","og_image":[{"width":500,"height":500,"url":"https:\/\/opticomtech.com\/wp-content\/uploads\/2020\/08\/CC02-TVI.jpg","type":"image\/jpeg"}],"twitter_card":"summary_large_image","twitter_misc":{"Tiempo de lectura":"1 minuto"},"schema":{"@context":"https:\/\/schema.org","@graph":[{"@type":"WebPage","@id":"https:\/\/opticomtech.com\/es\/producto\/cc02-hd-tvi\/","url":"https:\/\/opticomtech.com\/es\/producto\/cc02-hd-tvi\/","name":"C\u00e1mara CC02-TVI - Opticom Technologies","isPartOf":{"@id":"https:\/\/opticomtech.com\/#website"},"primaryImageOfPage":{"@id":"https:\/\/opticomtech.com\/es\/producto\/cc02-hd-tvi\/#primaryimage"},"image":{"@id":"https:\/\/opticomtech.com\/es\/producto\/cc02-hd-tvi\/#primaryimage"},"thumbnailUrl":"https:\/\/opticomtech.com\/wp-content\/uploads\/2020\/07\/CC02TVI_VM1-MAIN.jpg","datePublished":"2020-07-22T15:40:01+00:00","dateModified":"2024-01-08T15:57:35+00:00","breadcrumb":{"@id":"https:\/\/opticomtech.com\/es\/producto\/cc02-hd-tvi\/#breadcrumb"},"inLanguage":"es","potentialAction":[{"@type":"ReadAction","target":["https:\/\/opticomtech.com\/es\/producto\/cc02-hd-tvi\/"]}]},{"@type":"ImageObject","inLanguage":"es","@id":"https:\/\/opticomtech.com\/es\/producto\/cc02-hd-tvi\/#primaryimage","url":"https:\/\/opticomtech.com\/wp-content\/uploads\/2020\/07\/CC02TVI_VM1-MAIN.jpg","contentUrl":"https:\/\/opticomtech.com\/wp-content\/uploads\/2020\/07\/CC02TVI_VM1-MAIN.jpg","width":300,"height":300},{"@type":"BreadcrumbList","@id":"https:\/\/opticomtech.com\/es\/producto\/cc02-hd-tvi\/#breadcrumb","itemListElement":[{"@type":"ListItem","position":1,"name":"Home","item":"https:\/\/opticomtech.com\/"},{"@type":"ListItem","position":2,"name":"Tienda","item":"https:\/\/opticomtech.com\/es\/tienda\/"},{"@type":"ListItem","position":3,"name":"C\u00e1mara CC02-TVI"}]},{"@type":"WebSite","@id":"https:\/\/opticomtech.com\/#website","url":"https:\/\/opticomtech.com\/","name":"Opticom Technologies","description":"Industrial CCTV Specialists - Providing a Complete Line of Video Surveillance Products.","publisher":{"@id":"https:\/\/opticomtech.com\/#organization"},"potentialAction":[{"@type":"SearchAction","target":{"@type":"EntryPoint","urlTemplate":"https:\/\/opticomtech.com\/?s={search_term_string}"},"query-input":{"@type":"PropertyValueSpecification","valueRequired":true,"valueName":"search_term_string"}}],"inLanguage":"es"},{"@type":"Organization","@id":"https:\/\/opticomtech.com\/#organization","name":"Opticom Technologies","url":"https:\/\/opticomtech.com\/","logo":{"@type":"ImageObject","inLanguage":"es","@id":"https:\/\/opticomtech.com\/#\/schema\/logo\/image\/","url":"https:\/\/opticomtech.com\/wp-content\/uploads\/2020\/08\/cropped-opticom_logo_2020-silver.png","contentUrl":"https:\/\/opticomtech.com\/wp-content\/uploads\/2020\/08\/cropped-opticom_logo_2020-silver.png","width":441,"height":144,"caption":"Opticom Technologies"},"image":{"@id":"https:\/\/opticomtech.com\/#\/schema\/logo\/image\/"}}]}},"_links":{"self":[{"href":"https:\/\/opticomtech.com\/es\/wp-json\/wp\/v2\/product\/2757","targetHints":{"allow":["GET"]}}],"collection":[{"href":"https:\/\/opticomtech.com\/es\/wp-json\/wp\/v2\/product"}],"about":[{"href":"https:\/\/opticomtech.com\/es\/wp-json\/wp\/v2\/types\/product"}],"wp:featuredmedia":[{"embeddable":true,"href":"https:\/\/opticomtech.com\/es\/wp-json\/wp\/v2\/media\/9046"}],"wp:attachment":[{"href":"https:\/\/opticomtech.com\/es\/wp-json\/wp\/v2\/media?parent=2757"}],"wp:term":[{"taxonomy":"product_brand","embeddable":true,"href":"https:\/\/opticomtech.com\/es\/wp-json\/wp\/v2\/product_brand?post=2757"},{"taxonomy":"product_cat","embeddable":true,"href":"https:\/\/opticomtech.com\/es\/wp-json\/wp\/v2\/product_cat?post=2757"},{"taxonomy":"product_tag","embeddable":true,"href":"https:\/\/opticomtech.com\/es\/wp-json\/wp\/v2\/product_tag?post=2757"}],"curies":[{"name":"wp","href":"https:\/\/api.w.org\/{rel}","templated":true}]}}