{"id":2818,"date":"2020-11-11T20:30:14","date_gmt":"2020-11-11T20:30:14","guid":{"rendered":"https:\/\/opticomtech.com\/product\/ca-101hd\/"},"modified":"2022-02-10T17:44:45","modified_gmt":"2022-02-10T17:44:45","slug":"ca-101hd","status":"publish","type":"product","link":"https:\/\/opticomtech.com\/es\/producto\/ca-101hd\/","title":{"rendered":"CA-101HD"},"content":{"rendered":"<h4>Amplificador de v\u00eddeo HD TVI\/AHD\/HDCVI<\/h4>\n<ul>\n<li>Para aumentar la se\u00f1al HDTVI, AHD, HDCVI para distancias m\u00e1s largas a trav\u00e9s de cable coaxial<\/li>\n<li>Soporta HDTVI\/AHD\/HDCVI hasta 1080p y c\u00e1mara 4K<\/li>\n<li>Soporta HD-TVI 1080p\/720p 600M<\/li>\n<li>Soporta HDCVI 1080p\/720p 800M<\/li>\n<li>Soporta AHD 1080p\/720p 800M<\/li>\n<li>Ajuste integrado de frecuencia media, alta frecuencia y brillo<\/li>\n<li>Permita usar un adaptador de corriente para m\u00faltiples amplificadores, se necesita un puente para ampliar la potencia (m\u00e1ximo de 3 unidades por adaptador de corriente)<\/li>\n<li>El paquete incluye un puente y un adaptador de corriente<\/li>\n<\/ul>\n","protected":false},"excerpt":{"rendered":"<p>Amplificador de v\u00eddeo HDTVI<\/p>\n","protected":false},"featured_media":2521,"template":"","meta":[],"product_brand":[],"product_cat":[122],"product_tag":[],"class_list":{"0":"post-2818","1":"product","2":"type-product","3":"status-publish","4":"has-post-thumbnail","6":"product_cat-distribuidores-amplificadores-de-video","8":"first","9":"instock","10":"shipping-taxable","11":"product-type-simple"},"yoast_head":"<!-- This site is optimized with the Yoast SEO plugin v27.4 - https:\/\/yoast.com\/product\/yoast-seo-wordpress\/ -->\n<title>CA-101HD - Opticom Technologies<\/title>\n<meta name=\"robots\" content=\"index, follow, max-snippet:-1, max-image-preview:large, max-video-preview:-1\" \/>\n<link rel=\"canonical\" href=\"https:\/\/opticomtech.com\/es\/producto\/ca-101hd\/\" \/>\n<meta property=\"og:locale\" content=\"es_ES\" \/>\n<meta property=\"og:type\" content=\"article\" \/>\n<meta property=\"og:title\" content=\"CA-101HD - Opticom Technologies\" \/>\n<meta property=\"og:description\" content=\"Amplificador de v\u00eddeo HDTVI\" \/>\n<meta property=\"og:url\" content=\"https:\/\/opticomtech.com\/es\/producto\/ca-101hd\/\" \/>\n<meta property=\"og:site_name\" content=\"Opticom Technologies\" \/>\n<meta property=\"article:modified_time\" content=\"2022-02-10T17:44:45+00:00\" \/>\n<meta property=\"og:image\" content=\"https:\/\/opticomtech.com\/wp-content\/uploads\/2020\/11\/CA-101.jpg\" \/>\n\t<meta property=\"og:image:width\" content=\"500\" \/>\n\t<meta property=\"og:image:height\" content=\"500\" \/>\n\t<meta property=\"og:image:type\" content=\"image\/jpeg\" \/>\n<meta name=\"twitter:card\" content=\"summary_large_image\" \/>\n<script type=\"application\/ld+json\" class=\"yoast-schema-graph\">{\"@context\":\"https:\\\/\\\/schema.org\",\"@graph\":[{\"@type\":\"WebPage\",\"@id\":\"https:\\\/\\\/opticomtech.com\\\/es\\\/producto\\\/ca-101hd\\\/\",\"url\":\"https:\\\/\\\/opticomtech.com\\\/es\\\/producto\\\/ca-101hd\\\/\",\"name\":\"CA-101HD - Opticom Technologies\",\"isPartOf\":{\"@id\":\"https:\\\/\\\/opticomtech.com\\\/#website\"},\"primaryImageOfPage\":{\"@id\":\"https:\\\/\\\/opticomtech.com\\\/es\\\/producto\\\/ca-101hd\\\/#primaryimage\"},\"image\":{\"@id\":\"https:\\\/\\\/opticomtech.com\\\/es\\\/producto\\\/ca-101hd\\\/#primaryimage\"},\"thumbnailUrl\":\"https:\\\/\\\/opticomtech.com\\\/wp-content\\\/uploads\\\/2020\\\/11\\\/CA-101.jpg\",\"datePublished\":\"2020-11-11T20:30:14+00:00\",\"dateModified\":\"2022-02-10T17:44:45+00:00\",\"breadcrumb\":{\"@id\":\"https:\\\/\\\/opticomtech.com\\\/es\\\/producto\\\/ca-101hd\\\/#breadcrumb\"},\"inLanguage\":\"es\",\"potentialAction\":[{\"@type\":\"ReadAction\",\"target\":[\"https:\\\/\\\/opticomtech.com\\\/es\\\/producto\\\/ca-101hd\\\/\"]}]},{\"@type\":\"ImageObject\",\"inLanguage\":\"es\",\"@id\":\"https:\\\/\\\/opticomtech.com\\\/es\\\/producto\\\/ca-101hd\\\/#primaryimage\",\"url\":\"https:\\\/\\\/opticomtech.com\\\/wp-content\\\/uploads\\\/2020\\\/11\\\/CA-101.jpg\",\"contentUrl\":\"https:\\\/\\\/opticomtech.com\\\/wp-content\\\/uploads\\\/2020\\\/11\\\/CA-101.jpg\",\"width\":500,\"height\":500},{\"@type\":\"BreadcrumbList\",\"@id\":\"https:\\\/\\\/opticomtech.com\\\/es\\\/producto\\\/ca-101hd\\\/#breadcrumb\",\"itemListElement\":[{\"@type\":\"ListItem\",\"position\":1,\"name\":\"Home\",\"item\":\"https:\\\/\\\/opticomtech.com\\\/\"},{\"@type\":\"ListItem\",\"position\":2,\"name\":\"Tienda\",\"item\":\"https:\\\/\\\/opticomtech.com\\\/es\\\/tienda\\\/\"},{\"@type\":\"ListItem\",\"position\":3,\"name\":\"CA-101HD\"}]},{\"@type\":\"WebSite\",\"@id\":\"https:\\\/\\\/opticomtech.com\\\/#website\",\"url\":\"https:\\\/\\\/opticomtech.com\\\/\",\"name\":\"Opticom Technologies\",\"description\":\"Industrial CCTV Specialists - Providing a Complete Line of Video Surveillance Products.\",\"publisher\":{\"@id\":\"https:\\\/\\\/opticomtech.com\\\/#organization\"},\"potentialAction\":[{\"@type\":\"SearchAction\",\"target\":{\"@type\":\"EntryPoint\",\"urlTemplate\":\"https:\\\/\\\/opticomtech.com\\\/?s={search_term_string}\"},\"query-input\":{\"@type\":\"PropertyValueSpecification\",\"valueRequired\":true,\"valueName\":\"search_term_string\"}}],\"inLanguage\":\"es\"},{\"@type\":\"Organization\",\"@id\":\"https:\\\/\\\/opticomtech.com\\\/#organization\",\"name\":\"Opticom Technologies\",\"url\":\"https:\\\/\\\/opticomtech.com\\\/\",\"logo\":{\"@type\":\"ImageObject\",\"inLanguage\":\"es\",\"@id\":\"https:\\\/\\\/opticomtech.com\\\/#\\\/schema\\\/logo\\\/image\\\/\",\"url\":\"https:\\\/\\\/opticomtech.com\\\/wp-content\\\/uploads\\\/2020\\\/08\\\/cropped-opticom_logo_2020-silver.png\",\"contentUrl\":\"https:\\\/\\\/opticomtech.com\\\/wp-content\\\/uploads\\\/2020\\\/08\\\/cropped-opticom_logo_2020-silver.png\",\"width\":441,\"height\":144,\"caption\":\"Opticom Technologies\"},\"image\":{\"@id\":\"https:\\\/\\\/opticomtech.com\\\/#\\\/schema\\\/logo\\\/image\\\/\"}}]}<\/script>\n<!-- \/ Yoast SEO plugin. -->","yoast_head_json":{"title":"CA-101HD - Opticom Technologies","robots":{"index":"index","follow":"follow","max-snippet":"max-snippet:-1","max-image-preview":"max-image-preview:large","max-video-preview":"max-video-preview:-1"},"canonical":"https:\/\/opticomtech.com\/es\/producto\/ca-101hd\/","og_locale":"es_ES","og_type":"article","og_title":"CA-101HD - Opticom Technologies","og_description":"Amplificador de v\u00eddeo HDTVI","og_url":"https:\/\/opticomtech.com\/es\/producto\/ca-101hd\/","og_site_name":"Opticom Technologies","article_modified_time":"2022-02-10T17:44:45+00:00","og_image":[{"width":500,"height":500,"url":"https:\/\/opticomtech.com\/wp-content\/uploads\/2020\/11\/CA-101.jpg","type":"image\/jpeg"}],"twitter_card":"summary_large_image","schema":{"@context":"https:\/\/schema.org","@graph":[{"@type":"WebPage","@id":"https:\/\/opticomtech.com\/es\/producto\/ca-101hd\/","url":"https:\/\/opticomtech.com\/es\/producto\/ca-101hd\/","name":"CA-101HD - Opticom Technologies","isPartOf":{"@id":"https:\/\/opticomtech.com\/#website"},"primaryImageOfPage":{"@id":"https:\/\/opticomtech.com\/es\/producto\/ca-101hd\/#primaryimage"},"image":{"@id":"https:\/\/opticomtech.com\/es\/producto\/ca-101hd\/#primaryimage"},"thumbnailUrl":"https:\/\/opticomtech.com\/wp-content\/uploads\/2020\/11\/CA-101.jpg","datePublished":"2020-11-11T20:30:14+00:00","dateModified":"2022-02-10T17:44:45+00:00","breadcrumb":{"@id":"https:\/\/opticomtech.com\/es\/producto\/ca-101hd\/#breadcrumb"},"inLanguage":"es","potentialAction":[{"@type":"ReadAction","target":["https:\/\/opticomtech.com\/es\/producto\/ca-101hd\/"]}]},{"@type":"ImageObject","inLanguage":"es","@id":"https:\/\/opticomtech.com\/es\/producto\/ca-101hd\/#primaryimage","url":"https:\/\/opticomtech.com\/wp-content\/uploads\/2020\/11\/CA-101.jpg","contentUrl":"https:\/\/opticomtech.com\/wp-content\/uploads\/2020\/11\/CA-101.jpg","width":500,"height":500},{"@type":"BreadcrumbList","@id":"https:\/\/opticomtech.com\/es\/producto\/ca-101hd\/#breadcrumb","itemListElement":[{"@type":"ListItem","position":1,"name":"Home","item":"https:\/\/opticomtech.com\/"},{"@type":"ListItem","position":2,"name":"Tienda","item":"https:\/\/opticomtech.com\/es\/tienda\/"},{"@type":"ListItem","position":3,"name":"CA-101HD"}]},{"@type":"WebSite","@id":"https:\/\/opticomtech.com\/#website","url":"https:\/\/opticomtech.com\/","name":"Opticom Technologies","description":"Industrial CCTV Specialists - Providing a Complete Line of Video Surveillance Products.","publisher":{"@id":"https:\/\/opticomtech.com\/#organization"},"potentialAction":[{"@type":"SearchAction","target":{"@type":"EntryPoint","urlTemplate":"https:\/\/opticomtech.com\/?s={search_term_string}"},"query-input":{"@type":"PropertyValueSpecification","valueRequired":true,"valueName":"search_term_string"}}],"inLanguage":"es"},{"@type":"Organization","@id":"https:\/\/opticomtech.com\/#organization","name":"Opticom Technologies","url":"https:\/\/opticomtech.com\/","logo":{"@type":"ImageObject","inLanguage":"es","@id":"https:\/\/opticomtech.com\/#\/schema\/logo\/image\/","url":"https:\/\/opticomtech.com\/wp-content\/uploads\/2020\/08\/cropped-opticom_logo_2020-silver.png","contentUrl":"https:\/\/opticomtech.com\/wp-content\/uploads\/2020\/08\/cropped-opticom_logo_2020-silver.png","width":441,"height":144,"caption":"Opticom Technologies"},"image":{"@id":"https:\/\/opticomtech.com\/#\/schema\/logo\/image\/"}}]}},"_links":{"self":[{"href":"https:\/\/opticomtech.com\/es\/wp-json\/wp\/v2\/product\/2818","targetHints":{"allow":["GET"]}}],"collection":[{"href":"https:\/\/opticomtech.com\/es\/wp-json\/wp\/v2\/product"}],"about":[{"href":"https:\/\/opticomtech.com\/es\/wp-json\/wp\/v2\/types\/product"}],"wp:featuredmedia":[{"embeddable":true,"href":"https:\/\/opticomtech.com\/es\/wp-json\/wp\/v2\/media\/2521"}],"wp:attachment":[{"href":"https:\/\/opticomtech.com\/es\/wp-json\/wp\/v2\/media?parent=2818"}],"wp:term":[{"taxonomy":"product_brand","embeddable":true,"href":"https:\/\/opticomtech.com\/es\/wp-json\/wp\/v2\/product_brand?post=2818"},{"taxonomy":"product_cat","embeddable":true,"href":"https:\/\/opticomtech.com\/es\/wp-json\/wp\/v2\/product_cat?post=2818"},{"taxonomy":"product_tag","embeddable":true,"href":"https:\/\/opticomtech.com\/es\/wp-json\/wp\/v2\/product_tag?post=2818"}],"curies":[{"name":"wp","href":"https:\/\/api.w.org\/{rel}","templated":true}]}}