{"id":2845,"date":"2021-03-30T16:55:46","date_gmt":"2021-03-30T16:55:46","guid":{"rendered":"https:\/\/opticomtech.com\/product\/cc03-ip2mvfir-m\/"},"modified":"2022-12-13T15:53:37","modified_gmt":"2022-12-13T15:53:37","slug":"cc03-ip2mvfir-m","status":"publish","type":"product","link":"https:\/\/opticomtech.com\/es\/producto\/cc03-ip2mvfir-m\/","title":{"rendered":"CC03-IP2MVFIR-M"},"content":{"rendered":"<ul>\n<li>H.265 2 Sensor CMOS de megap\u00edxeles<\/li>\n<li>Lente motorizada de 5,0 ~ 50 mm<\/li>\n<li>m\u00e1x. 30fps @ 2MP (1980&#215;1080)<\/li>\n<li>Transmisi\u00f3n dual (H.265, H.264, MJPEG)<\/li>\n<li>39 piezas Matriz de infrarrojos Alcance de 20 m<\/li>\n<li>Aprobaciones CSA FM ATEX IEC<\/li>\n<li>IP66 impermeable a prueba de polvo<\/li>\n<\/ul>\n","protected":false},"excerpt":{"rendered":"<p>C\u00e1mara de tasa de explosi\u00f3n de alta definici\u00f3n para redes IP con lente varifocal<\/p>\n","protected":false},"featured_media":2374,"template":"","meta":[],"product_brand":[],"product_cat":[116],"product_tag":[],"class_list":{"0":"post-2845","1":"product","2":"type-product","3":"status-publish","4":"has-post-thumbnail","6":"product_cat-camaras-con-clasificacion-de-explosion","8":"first","9":"instock","10":"shipping-taxable","11":"product-type-simple"},"yoast_head":"<!-- This site is optimized with the Yoast SEO plugin v27.4 - https:\/\/yoast.com\/product\/yoast-seo-wordpress\/ -->\n<title>CC03-IP2MVFIR-M - Opticom Technologies<\/title>\n<meta name=\"robots\" content=\"index, follow, max-snippet:-1, max-image-preview:large, max-video-preview:-1\" \/>\n<link rel=\"canonical\" href=\"https:\/\/opticomtech.com\/es\/producto\/cc03-ip2mvfir-m\/\" \/>\n<meta property=\"og:locale\" content=\"es_ES\" \/>\n<meta property=\"og:type\" content=\"article\" \/>\n<meta property=\"og:title\" content=\"CC03-IP2MVFIR-M - Opticom Technologies\" \/>\n<meta property=\"og:description\" content=\"C\u00e1mara de tasa de explosi\u00f3n de alta definici\u00f3n para redes IP con lente varifocal\" \/>\n<meta property=\"og:url\" content=\"https:\/\/opticomtech.com\/es\/producto\/cc03-ip2mvfir-m\/\" \/>\n<meta property=\"og:site_name\" content=\"Opticom Technologies\" \/>\n<meta property=\"article:modified_time\" content=\"2022-12-13T15:53:37+00:00\" \/>\n<meta property=\"og:image\" content=\"https:\/\/opticomtech.com\/wp-content\/uploads\/2020\/10\/CC03-IP2MVFIR.jpg\" \/>\n\t<meta property=\"og:image:width\" content=\"500\" \/>\n\t<meta property=\"og:image:height\" content=\"501\" \/>\n\t<meta property=\"og:image:type\" content=\"image\/jpeg\" \/>\n<meta name=\"twitter:card\" content=\"summary_large_image\" \/>\n<meta name=\"twitter:label1\" content=\"Tiempo de lectura\" \/>\n\t<meta name=\"twitter:data1\" content=\"1 minuto\" \/>\n<script type=\"application\/ld+json\" class=\"yoast-schema-graph\">{\"@context\":\"https:\\\/\\\/schema.org\",\"@graph\":[{\"@type\":\"WebPage\",\"@id\":\"https:\\\/\\\/opticomtech.com\\\/es\\\/producto\\\/cc03-ip2mvfir-m\\\/\",\"url\":\"https:\\\/\\\/opticomtech.com\\\/es\\\/producto\\\/cc03-ip2mvfir-m\\\/\",\"name\":\"CC03-IP2MVFIR-M - Opticom Technologies\",\"isPartOf\":{\"@id\":\"https:\\\/\\\/opticomtech.com\\\/#website\"},\"primaryImageOfPage\":{\"@id\":\"https:\\\/\\\/opticomtech.com\\\/es\\\/producto\\\/cc03-ip2mvfir-m\\\/#primaryimage\"},\"image\":{\"@id\":\"https:\\\/\\\/opticomtech.com\\\/es\\\/producto\\\/cc03-ip2mvfir-m\\\/#primaryimage\"},\"thumbnailUrl\":\"https:\\\/\\\/opticomtech.com\\\/wp-content\\\/uploads\\\/2020\\\/10\\\/CC03-IP2MVFIR.jpg\",\"datePublished\":\"2021-03-30T16:55:46+00:00\",\"dateModified\":\"2022-12-13T15:53:37+00:00\",\"breadcrumb\":{\"@id\":\"https:\\\/\\\/opticomtech.com\\\/es\\\/producto\\\/cc03-ip2mvfir-m\\\/#breadcrumb\"},\"inLanguage\":\"es\",\"potentialAction\":[{\"@type\":\"ReadAction\",\"target\":[\"https:\\\/\\\/opticomtech.com\\\/es\\\/producto\\\/cc03-ip2mvfir-m\\\/\"]}]},{\"@type\":\"ImageObject\",\"inLanguage\":\"es\",\"@id\":\"https:\\\/\\\/opticomtech.com\\\/es\\\/producto\\\/cc03-ip2mvfir-m\\\/#primaryimage\",\"url\":\"https:\\\/\\\/opticomtech.com\\\/wp-content\\\/uploads\\\/2020\\\/10\\\/CC03-IP2MVFIR.jpg\",\"contentUrl\":\"https:\\\/\\\/opticomtech.com\\\/wp-content\\\/uploads\\\/2020\\\/10\\\/CC03-IP2MVFIR.jpg\",\"width\":500,\"height\":501},{\"@type\":\"BreadcrumbList\",\"@id\":\"https:\\\/\\\/opticomtech.com\\\/es\\\/producto\\\/cc03-ip2mvfir-m\\\/#breadcrumb\",\"itemListElement\":[{\"@type\":\"ListItem\",\"position\":1,\"name\":\"Home\",\"item\":\"https:\\\/\\\/opticomtech.com\\\/\"},{\"@type\":\"ListItem\",\"position\":2,\"name\":\"Tienda\",\"item\":\"https:\\\/\\\/opticomtech.com\\\/es\\\/tienda\\\/\"},{\"@type\":\"ListItem\",\"position\":3,\"name\":\"CC03-IP2MVFIR-M\"}]},{\"@type\":\"WebSite\",\"@id\":\"https:\\\/\\\/opticomtech.com\\\/#website\",\"url\":\"https:\\\/\\\/opticomtech.com\\\/\",\"name\":\"Opticom Technologies\",\"description\":\"Industrial CCTV Specialists - Providing a Complete Line of Video Surveillance Products.\",\"publisher\":{\"@id\":\"https:\\\/\\\/opticomtech.com\\\/#organization\"},\"potentialAction\":[{\"@type\":\"SearchAction\",\"target\":{\"@type\":\"EntryPoint\",\"urlTemplate\":\"https:\\\/\\\/opticomtech.com\\\/?s={search_term_string}\"},\"query-input\":{\"@type\":\"PropertyValueSpecification\",\"valueRequired\":true,\"valueName\":\"search_term_string\"}}],\"inLanguage\":\"es\"},{\"@type\":\"Organization\",\"@id\":\"https:\\\/\\\/opticomtech.com\\\/#organization\",\"name\":\"Opticom Technologies\",\"url\":\"https:\\\/\\\/opticomtech.com\\\/\",\"logo\":{\"@type\":\"ImageObject\",\"inLanguage\":\"es\",\"@id\":\"https:\\\/\\\/opticomtech.com\\\/#\\\/schema\\\/logo\\\/image\\\/\",\"url\":\"https:\\\/\\\/opticomtech.com\\\/wp-content\\\/uploads\\\/2020\\\/08\\\/cropped-opticom_logo_2020-silver.png\",\"contentUrl\":\"https:\\\/\\\/opticomtech.com\\\/wp-content\\\/uploads\\\/2020\\\/08\\\/cropped-opticom_logo_2020-silver.png\",\"width\":441,\"height\":144,\"caption\":\"Opticom Technologies\"},\"image\":{\"@id\":\"https:\\\/\\\/opticomtech.com\\\/#\\\/schema\\\/logo\\\/image\\\/\"}}]}<\/script>\n<!-- \/ Yoast SEO plugin. -->","yoast_head_json":{"title":"CC03-IP2MVFIR-M - Opticom Technologies","robots":{"index":"index","follow":"follow","max-snippet":"max-snippet:-1","max-image-preview":"max-image-preview:large","max-video-preview":"max-video-preview:-1"},"canonical":"https:\/\/opticomtech.com\/es\/producto\/cc03-ip2mvfir-m\/","og_locale":"es_ES","og_type":"article","og_title":"CC03-IP2MVFIR-M - Opticom Technologies","og_description":"C\u00e1mara de tasa de explosi\u00f3n de alta definici\u00f3n para redes IP con lente varifocal","og_url":"https:\/\/opticomtech.com\/es\/producto\/cc03-ip2mvfir-m\/","og_site_name":"Opticom Technologies","article_modified_time":"2022-12-13T15:53:37+00:00","og_image":[{"width":500,"height":501,"url":"https:\/\/opticomtech.com\/wp-content\/uploads\/2020\/10\/CC03-IP2MVFIR.jpg","type":"image\/jpeg"}],"twitter_card":"summary_large_image","twitter_misc":{"Tiempo de lectura":"1 minuto"},"schema":{"@context":"https:\/\/schema.org","@graph":[{"@type":"WebPage","@id":"https:\/\/opticomtech.com\/es\/producto\/cc03-ip2mvfir-m\/","url":"https:\/\/opticomtech.com\/es\/producto\/cc03-ip2mvfir-m\/","name":"CC03-IP2MVFIR-M - Opticom Technologies","isPartOf":{"@id":"https:\/\/opticomtech.com\/#website"},"primaryImageOfPage":{"@id":"https:\/\/opticomtech.com\/es\/producto\/cc03-ip2mvfir-m\/#primaryimage"},"image":{"@id":"https:\/\/opticomtech.com\/es\/producto\/cc03-ip2mvfir-m\/#primaryimage"},"thumbnailUrl":"https:\/\/opticomtech.com\/wp-content\/uploads\/2020\/10\/CC03-IP2MVFIR.jpg","datePublished":"2021-03-30T16:55:46+00:00","dateModified":"2022-12-13T15:53:37+00:00","breadcrumb":{"@id":"https:\/\/opticomtech.com\/es\/producto\/cc03-ip2mvfir-m\/#breadcrumb"},"inLanguage":"es","potentialAction":[{"@type":"ReadAction","target":["https:\/\/opticomtech.com\/es\/producto\/cc03-ip2mvfir-m\/"]}]},{"@type":"ImageObject","inLanguage":"es","@id":"https:\/\/opticomtech.com\/es\/producto\/cc03-ip2mvfir-m\/#primaryimage","url":"https:\/\/opticomtech.com\/wp-content\/uploads\/2020\/10\/CC03-IP2MVFIR.jpg","contentUrl":"https:\/\/opticomtech.com\/wp-content\/uploads\/2020\/10\/CC03-IP2MVFIR.jpg","width":500,"height":501},{"@type":"BreadcrumbList","@id":"https:\/\/opticomtech.com\/es\/producto\/cc03-ip2mvfir-m\/#breadcrumb","itemListElement":[{"@type":"ListItem","position":1,"name":"Home","item":"https:\/\/opticomtech.com\/"},{"@type":"ListItem","position":2,"name":"Tienda","item":"https:\/\/opticomtech.com\/es\/tienda\/"},{"@type":"ListItem","position":3,"name":"CC03-IP2MVFIR-M"}]},{"@type":"WebSite","@id":"https:\/\/opticomtech.com\/#website","url":"https:\/\/opticomtech.com\/","name":"Opticom Technologies","description":"Industrial CCTV Specialists - Providing a Complete Line of Video Surveillance Products.","publisher":{"@id":"https:\/\/opticomtech.com\/#organization"},"potentialAction":[{"@type":"SearchAction","target":{"@type":"EntryPoint","urlTemplate":"https:\/\/opticomtech.com\/?s={search_term_string}"},"query-input":{"@type":"PropertyValueSpecification","valueRequired":true,"valueName":"search_term_string"}}],"inLanguage":"es"},{"@type":"Organization","@id":"https:\/\/opticomtech.com\/#organization","name":"Opticom Technologies","url":"https:\/\/opticomtech.com\/","logo":{"@type":"ImageObject","inLanguage":"es","@id":"https:\/\/opticomtech.com\/#\/schema\/logo\/image\/","url":"https:\/\/opticomtech.com\/wp-content\/uploads\/2020\/08\/cropped-opticom_logo_2020-silver.png","contentUrl":"https:\/\/opticomtech.com\/wp-content\/uploads\/2020\/08\/cropped-opticom_logo_2020-silver.png","width":441,"height":144,"caption":"Opticom Technologies"},"image":{"@id":"https:\/\/opticomtech.com\/#\/schema\/logo\/image\/"}}]}},"_links":{"self":[{"href":"https:\/\/opticomtech.com\/es\/wp-json\/wp\/v2\/product\/2845","targetHints":{"allow":["GET"]}}],"collection":[{"href":"https:\/\/opticomtech.com\/es\/wp-json\/wp\/v2\/product"}],"about":[{"href":"https:\/\/opticomtech.com\/es\/wp-json\/wp\/v2\/types\/product"}],"wp:featuredmedia":[{"embeddable":true,"href":"https:\/\/opticomtech.com\/es\/wp-json\/wp\/v2\/media\/2374"}],"wp:attachment":[{"href":"https:\/\/opticomtech.com\/es\/wp-json\/wp\/v2\/media?parent=2845"}],"wp:term":[{"taxonomy":"product_brand","embeddable":true,"href":"https:\/\/opticomtech.com\/es\/wp-json\/wp\/v2\/product_brand?post=2845"},{"taxonomy":"product_cat","embeddable":true,"href":"https:\/\/opticomtech.com\/es\/wp-json\/wp\/v2\/product_cat?post=2845"},{"taxonomy":"product_tag","embeddable":true,"href":"https:\/\/opticomtech.com\/es\/wp-json\/wp\/v2\/product_tag?post=2845"}],"curies":[{"name":"wp","href":"https:\/\/api.w.org\/{rel}","templated":true}]}}