{"id":2848,"date":"2021-04-02T15:59:28","date_gmt":"2021-04-02T15:59:28","guid":{"rendered":"https:\/\/opticomtech.com\/product\/opt-7mftd\/"},"modified":"2022-02-11T14:21:40","modified_gmt":"2022-02-11T14:21:40","slug":"opt-7mftd","status":"publish","type":"product","link":"https:\/\/opticomtech.com\/es\/producto\/opt-7mftd\/","title":{"rendered":"OPT-7MFTD"},"content":{"rendered":"<p>La c\u00e1mara COVID tambi\u00e9n puede autenticar a una persona con un software de reconocimiento facial si existe una base de datos de fotos existente. Al utilizar tecnolog\u00eda de inteligencia artificial de ultra alta precisi\u00f3n, la c\u00e1mara puede realizar el reconocimiento facial en milisegundos, lo que permite a los usuarios moverse r\u00e1pidamente m\u00e1s all\u00e1 de cualquier punto de acceso.<br \/>\nNuestra c\u00e1mara se env\u00eda con el software y un soporte de montaje incluidos y desempe\u00f1ar\u00e1 un papel fundamental en la protecci\u00f3n de los trabajadores de primera l\u00ednea y el p\u00fablico en general.<\/p>\n","protected":false},"excerpt":{"rendered":"<p>Reconocimiento facial y control de acceso.<\/p>\n","protected":false},"featured_media":2289,"template":"","meta":[],"product_brand":[],"product_cat":[138],"product_tag":[],"class_list":{"0":"post-2848","1":"product","2":"type-product","3":"status-publish","4":"has-post-thumbnail","6":"product_cat-camara-termica","8":"first","9":"instock","10":"shipping-taxable","11":"product-type-simple"},"yoast_head":"<!-- This site is optimized with the Yoast SEO plugin v27.4 - https:\/\/yoast.com\/product\/yoast-seo-wordpress\/ -->\n<title>OPT-7MFTD - Opticom Technologies<\/title>\n<meta name=\"robots\" content=\"index, follow, max-snippet:-1, max-image-preview:large, max-video-preview:-1\" \/>\n<link rel=\"canonical\" href=\"https:\/\/opticomtech.com\/es\/producto\/opt-7mftd\/\" \/>\n<meta property=\"og:locale\" content=\"es_ES\" \/>\n<meta property=\"og:type\" content=\"article\" \/>\n<meta property=\"og:title\" content=\"OPT-7MFTD - Opticom Technologies\" \/>\n<meta property=\"og:description\" content=\"Reconocimiento facial y control de acceso.\" \/>\n<meta property=\"og:url\" content=\"https:\/\/opticomtech.com\/es\/producto\/opt-7mftd\/\" \/>\n<meta property=\"og:site_name\" content=\"Opticom Technologies\" \/>\n<meta property=\"article:modified_time\" content=\"2022-02-11T14:21:40+00:00\" \/>\n<meta property=\"og:image\" content=\"https:\/\/opticomtech.com\/wp-content\/uploads\/2020\/09\/opt-7MFTD.jpg\" \/>\n\t<meta property=\"og:image:width\" content=\"500\" \/>\n\t<meta property=\"og:image:height\" content=\"500\" \/>\n\t<meta property=\"og:image:type\" content=\"image\/jpeg\" \/>\n<meta name=\"twitter:card\" content=\"summary_large_image\" \/>\n<script type=\"application\/ld+json\" class=\"yoast-schema-graph\">{\"@context\":\"https:\\\/\\\/schema.org\",\"@graph\":[{\"@type\":\"WebPage\",\"@id\":\"https:\\\/\\\/opticomtech.com\\\/es\\\/producto\\\/opt-7mftd\\\/\",\"url\":\"https:\\\/\\\/opticomtech.com\\\/es\\\/producto\\\/opt-7mftd\\\/\",\"name\":\"OPT-7MFTD - Opticom Technologies\",\"isPartOf\":{\"@id\":\"https:\\\/\\\/opticomtech.com\\\/#website\"},\"primaryImageOfPage\":{\"@id\":\"https:\\\/\\\/opticomtech.com\\\/es\\\/producto\\\/opt-7mftd\\\/#primaryimage\"},\"image\":{\"@id\":\"https:\\\/\\\/opticomtech.com\\\/es\\\/producto\\\/opt-7mftd\\\/#primaryimage\"},\"thumbnailUrl\":\"https:\\\/\\\/opticomtech.com\\\/wp-content\\\/uploads\\\/2020\\\/09\\\/opt-7MFTD.jpg\",\"datePublished\":\"2021-04-02T15:59:28+00:00\",\"dateModified\":\"2022-02-11T14:21:40+00:00\",\"breadcrumb\":{\"@id\":\"https:\\\/\\\/opticomtech.com\\\/es\\\/producto\\\/opt-7mftd\\\/#breadcrumb\"},\"inLanguage\":\"es\",\"potentialAction\":[{\"@type\":\"ReadAction\",\"target\":[\"https:\\\/\\\/opticomtech.com\\\/es\\\/producto\\\/opt-7mftd\\\/\"]}]},{\"@type\":\"ImageObject\",\"inLanguage\":\"es\",\"@id\":\"https:\\\/\\\/opticomtech.com\\\/es\\\/producto\\\/opt-7mftd\\\/#primaryimage\",\"url\":\"https:\\\/\\\/opticomtech.com\\\/wp-content\\\/uploads\\\/2020\\\/09\\\/opt-7MFTD.jpg\",\"contentUrl\":\"https:\\\/\\\/opticomtech.com\\\/wp-content\\\/uploads\\\/2020\\\/09\\\/opt-7MFTD.jpg\",\"width\":500,\"height\":500},{\"@type\":\"BreadcrumbList\",\"@id\":\"https:\\\/\\\/opticomtech.com\\\/es\\\/producto\\\/opt-7mftd\\\/#breadcrumb\",\"itemListElement\":[{\"@type\":\"ListItem\",\"position\":1,\"name\":\"Home\",\"item\":\"https:\\\/\\\/opticomtech.com\\\/\"},{\"@type\":\"ListItem\",\"position\":2,\"name\":\"Tienda\",\"item\":\"https:\\\/\\\/opticomtech.com\\\/es\\\/tienda\\\/\"},{\"@type\":\"ListItem\",\"position\":3,\"name\":\"OPT-7MFTD\"}]},{\"@type\":\"WebSite\",\"@id\":\"https:\\\/\\\/opticomtech.com\\\/#website\",\"url\":\"https:\\\/\\\/opticomtech.com\\\/\",\"name\":\"Opticom Technologies\",\"description\":\"Industrial CCTV Specialists - Providing a Complete Line of Video Surveillance Products.\",\"publisher\":{\"@id\":\"https:\\\/\\\/opticomtech.com\\\/#organization\"},\"potentialAction\":[{\"@type\":\"SearchAction\",\"target\":{\"@type\":\"EntryPoint\",\"urlTemplate\":\"https:\\\/\\\/opticomtech.com\\\/?s={search_term_string}\"},\"query-input\":{\"@type\":\"PropertyValueSpecification\",\"valueRequired\":true,\"valueName\":\"search_term_string\"}}],\"inLanguage\":\"es\"},{\"@type\":\"Organization\",\"@id\":\"https:\\\/\\\/opticomtech.com\\\/#organization\",\"name\":\"Opticom Technologies\",\"url\":\"https:\\\/\\\/opticomtech.com\\\/\",\"logo\":{\"@type\":\"ImageObject\",\"inLanguage\":\"es\",\"@id\":\"https:\\\/\\\/opticomtech.com\\\/#\\\/schema\\\/logo\\\/image\\\/\",\"url\":\"https:\\\/\\\/opticomtech.com\\\/wp-content\\\/uploads\\\/2020\\\/08\\\/cropped-opticom_logo_2020-silver.png\",\"contentUrl\":\"https:\\\/\\\/opticomtech.com\\\/wp-content\\\/uploads\\\/2020\\\/08\\\/cropped-opticom_logo_2020-silver.png\",\"width\":441,\"height\":144,\"caption\":\"Opticom Technologies\"},\"image\":{\"@id\":\"https:\\\/\\\/opticomtech.com\\\/#\\\/schema\\\/logo\\\/image\\\/\"}}]}<\/script>\n<!-- \/ Yoast SEO plugin. -->","yoast_head_json":{"title":"OPT-7MFTD - Opticom Technologies","robots":{"index":"index","follow":"follow","max-snippet":"max-snippet:-1","max-image-preview":"max-image-preview:large","max-video-preview":"max-video-preview:-1"},"canonical":"https:\/\/opticomtech.com\/es\/producto\/opt-7mftd\/","og_locale":"es_ES","og_type":"article","og_title":"OPT-7MFTD - Opticom Technologies","og_description":"Reconocimiento facial y control de acceso.","og_url":"https:\/\/opticomtech.com\/es\/producto\/opt-7mftd\/","og_site_name":"Opticom Technologies","article_modified_time":"2022-02-11T14:21:40+00:00","og_image":[{"width":500,"height":500,"url":"https:\/\/opticomtech.com\/wp-content\/uploads\/2020\/09\/opt-7MFTD.jpg","type":"image\/jpeg"}],"twitter_card":"summary_large_image","schema":{"@context":"https:\/\/schema.org","@graph":[{"@type":"WebPage","@id":"https:\/\/opticomtech.com\/es\/producto\/opt-7mftd\/","url":"https:\/\/opticomtech.com\/es\/producto\/opt-7mftd\/","name":"OPT-7MFTD - Opticom Technologies","isPartOf":{"@id":"https:\/\/opticomtech.com\/#website"},"primaryImageOfPage":{"@id":"https:\/\/opticomtech.com\/es\/producto\/opt-7mftd\/#primaryimage"},"image":{"@id":"https:\/\/opticomtech.com\/es\/producto\/opt-7mftd\/#primaryimage"},"thumbnailUrl":"https:\/\/opticomtech.com\/wp-content\/uploads\/2020\/09\/opt-7MFTD.jpg","datePublished":"2021-04-02T15:59:28+00:00","dateModified":"2022-02-11T14:21:40+00:00","breadcrumb":{"@id":"https:\/\/opticomtech.com\/es\/producto\/opt-7mftd\/#breadcrumb"},"inLanguage":"es","potentialAction":[{"@type":"ReadAction","target":["https:\/\/opticomtech.com\/es\/producto\/opt-7mftd\/"]}]},{"@type":"ImageObject","inLanguage":"es","@id":"https:\/\/opticomtech.com\/es\/producto\/opt-7mftd\/#primaryimage","url":"https:\/\/opticomtech.com\/wp-content\/uploads\/2020\/09\/opt-7MFTD.jpg","contentUrl":"https:\/\/opticomtech.com\/wp-content\/uploads\/2020\/09\/opt-7MFTD.jpg","width":500,"height":500},{"@type":"BreadcrumbList","@id":"https:\/\/opticomtech.com\/es\/producto\/opt-7mftd\/#breadcrumb","itemListElement":[{"@type":"ListItem","position":1,"name":"Home","item":"https:\/\/opticomtech.com\/"},{"@type":"ListItem","position":2,"name":"Tienda","item":"https:\/\/opticomtech.com\/es\/tienda\/"},{"@type":"ListItem","position":3,"name":"OPT-7MFTD"}]},{"@type":"WebSite","@id":"https:\/\/opticomtech.com\/#website","url":"https:\/\/opticomtech.com\/","name":"Opticom Technologies","description":"Industrial CCTV Specialists - Providing a Complete Line of Video Surveillance Products.","publisher":{"@id":"https:\/\/opticomtech.com\/#organization"},"potentialAction":[{"@type":"SearchAction","target":{"@type":"EntryPoint","urlTemplate":"https:\/\/opticomtech.com\/?s={search_term_string}"},"query-input":{"@type":"PropertyValueSpecification","valueRequired":true,"valueName":"search_term_string"}}],"inLanguage":"es"},{"@type":"Organization","@id":"https:\/\/opticomtech.com\/#organization","name":"Opticom Technologies","url":"https:\/\/opticomtech.com\/","logo":{"@type":"ImageObject","inLanguage":"es","@id":"https:\/\/opticomtech.com\/#\/schema\/logo\/image\/","url":"https:\/\/opticomtech.com\/wp-content\/uploads\/2020\/08\/cropped-opticom_logo_2020-silver.png","contentUrl":"https:\/\/opticomtech.com\/wp-content\/uploads\/2020\/08\/cropped-opticom_logo_2020-silver.png","width":441,"height":144,"caption":"Opticom Technologies"},"image":{"@id":"https:\/\/opticomtech.com\/#\/schema\/logo\/image\/"}}]}},"_links":{"self":[{"href":"https:\/\/opticomtech.com\/es\/wp-json\/wp\/v2\/product\/2848","targetHints":{"allow":["GET"]}}],"collection":[{"href":"https:\/\/opticomtech.com\/es\/wp-json\/wp\/v2\/product"}],"about":[{"href":"https:\/\/opticomtech.com\/es\/wp-json\/wp\/v2\/types\/product"}],"wp:featuredmedia":[{"embeddable":true,"href":"https:\/\/opticomtech.com\/es\/wp-json\/wp\/v2\/media\/2289"}],"wp:attachment":[{"href":"https:\/\/opticomtech.com\/es\/wp-json\/wp\/v2\/media?parent=2848"}],"wp:term":[{"taxonomy":"product_brand","embeddable":true,"href":"https:\/\/opticomtech.com\/es\/wp-json\/wp\/v2\/product_brand?post=2848"},{"taxonomy":"product_cat","embeddable":true,"href":"https:\/\/opticomtech.com\/es\/wp-json\/wp\/v2\/product_cat?post=2848"},{"taxonomy":"product_tag","embeddable":true,"href":"https:\/\/opticomtech.com\/es\/wp-json\/wp\/v2\/product_tag?post=2848"}],"curies":[{"name":"wp","href":"https:\/\/api.w.org\/{rel}","templated":true}]}}