{"id":4568,"date":"2020-09-07T15:07:20","date_gmt":"2020-09-07T15:07:20","guid":{"rendered":"https:\/\/opticomtech.com\/a-propos-de-nous\/"},"modified":"2023-02-20T14:14:39","modified_gmt":"2023-02-20T14:14:39","slug":"a-propos-de-nous","status":"publish","type":"page","link":"https:\/\/opticomtech.com\/fr\/a-propos-de-nous\/","title":{"rendered":"A propos de nous"},"content":{"rendered":"\t\t<div data-elementor-type=\"wp-page\" data-elementor-id=\"4568\" class=\"elementor elementor-4568 elementor-817\" data-elementor-post-type=\"page\">\n\t\t\t\t\t\t<section class=\"elementor-section elementor-top-section elementor-element elementor-element-f66449c elementor-section-content-middle elementor-section-boxed elementor-section-height-default elementor-section-height-default\" data-id=\"f66449c\" data-element_type=\"section\" data-e-type=\"section\" data-settings=\"{&quot;background_background&quot;:&quot;classic&quot;}\">\n\t\t\t\t\t\t<div class=\"elementor-container elementor-column-gap-no\">\n\t\t\t\t\t<div class=\"elementor-column elementor-col-100 elementor-top-column elementor-element elementor-element-a4860de\" data-id=\"a4860de\" data-element_type=\"column\" data-e-type=\"column\">\n\t\t\t<div class=\"elementor-widget-wrap elementor-element-populated\">\n\t\t\t\t\t\t<section class=\"elementor-section elementor-inner-section elementor-element elementor-element-817b69f elementor-section-boxed elementor-section-height-default elementor-section-height-default\" data-id=\"817b69f\" data-element_type=\"section\" data-e-type=\"section\">\n\t\t\t\t\t\t<div class=\"elementor-container elementor-column-gap-no\">\n\t\t\t\t\t<div class=\"elementor-column elementor-col-100 elementor-inner-column elementor-element elementor-element-5812627\" data-id=\"5812627\" data-element_type=\"column\" data-e-type=\"column\">\n\t\t\t<div class=\"elementor-widget-wrap elementor-element-populated\">\n\t\t\t\t\t\t<div class=\"elementor-element elementor-element-75ee1915 elementor-widget elementor-widget-heading\" data-id=\"75ee1915\" data-element_type=\"widget\" data-e-type=\"widget\" data-widget_type=\"heading.default\">\n\t\t\t\t<div class=\"elementor-widget-container\">\n\t\t\t\t\t<h4 class=\"elementor-heading-title elementor-size-default\">50 ans d'exp\u00e9rience dans le domaine de la vid\u00e9osurveillance<\/h4>\t\t\t\t<\/div>\n\t\t\t\t<\/div>\n\t\t\t\t<div class=\"elementor-element elementor-element-32da6a75 elementor-widget elementor-widget-heading\" data-id=\"32da6a75\" data-element_type=\"widget\" data-e-type=\"widget\" data-widget_type=\"heading.default\">\n\t\t\t\t<div class=\"elementor-widget-container\">\n\t\t\t\t\t<h2 class=\"elementor-heading-title elementor-size-default\">nous sommes <b> OPTICOM<b><\/b><\/h2>\t\t\t\t<\/div>\n\t\t\t\t<\/div>\n\t\t\t\t<div class=\"elementor-element elementor-element-40cdb20 elementor-widget-divider--view-line elementor-widget elementor-widget-divider\" data-id=\"40cdb20\" data-element_type=\"widget\" data-e-type=\"widget\" data-widget_type=\"divider.default\">\n\t\t\t\t<div class=\"elementor-widget-container\">\n\t\t\t\t\t\t\t<div class=\"elementor-divider\">\n\t\t\t<span class=\"elementor-divider-separator\">\n\t\t\t\t\t\t<\/span>\n\t\t<\/div>\n\t\t\t\t\t\t<\/div>\n\t\t\t\t<\/div>\n\t\t\t\t<div class=\"elementor-element elementor-element-eee74d2 elementor-widget elementor-widget-text-editor\" data-id=\"eee74d2\" data-element_type=\"widget\" data-e-type=\"widget\" data-widget_type=\"text-editor.default\">\n\t\t\t\t<div class=\"elementor-widget-container\">\n\t\t\t\t\t\t\t\t\t<p style=\"text-align: left;\">Opticom Technologies a \u00e9t\u00e9 constitu\u00e9e en soci\u00e9t\u00e9 en 1973. Au fil des ans, nous nous sommes familiaris\u00e9s avec tous les aspects de l&rsquo;industrie de la vid\u00e9osurveillance. Au cours des 15 derni\u00e8res ann\u00e9es, nous avons d\u00e9velopp\u00e9 une gamme de produits de qualit\u00e9 sup\u00e9rieure pour r\u00e9pondre aux besoins des applications industrielles et commerciales les plus exigeantes. Apr\u00e8s plus de 50 ans d&rsquo;activit\u00e9, nous avons \u00e9tabli des relations solides avec un r\u00e9seau mondial d&rsquo;usines OEM de pointe.<\/p>\n<p style=\"text-align: left;\">Le CC-02 a \u00e9t\u00e9 con\u00e7u par Opticom au Canada et est fabriqu\u00e9 exclusivement pour Opticom en Cor\u00e9e. Une autre cl\u00e9 de notre succ\u00e8s continu est notre programme de distribution tr\u00e8s s\u00e9lectif. Nous ne vendons que par l&rsquo;interm\u00e9diaire des revendeurs les plus responsables et les plus fiables afin de garantir un traitement professionnel de nos clients.<\/p>\n<p style=\"text-align: left;\">Nous croyons en la fiabilit\u00e9 du service et des produits.<\/p>\n\t\t\t\t\t\t\t\t<\/div>\n\t\t\t\t<\/div>\n\t\t\t\t<div class=\"elementor-element elementor-element-1f262bb elementor-widget elementor-widget-heading\" data-id=\"1f262bb\" data-element_type=\"widget\" data-e-type=\"widget\" data-widget_type=\"heading.default\">\n\t\t\t\t<div class=\"elementor-widget-container\">\n\t\t\t\t\t<h4 class=\"elementor-heading-title elementor-size-default\">OPTICOM TECHNOLOGIES INC \/ OPTICOM TECH LLC POLITIQUE DE VENTE<\/h4>\t\t\t\t<\/div>\n\t\t\t\t<\/div>\n\t\t\t\t<div class=\"elementor-element elementor-element-e2cc590 elementor-widget-divider--view-line elementor-widget elementor-widget-divider\" data-id=\"e2cc590\" data-element_type=\"widget\" data-e-type=\"widget\" data-widget_type=\"divider.default\">\n\t\t\t\t<div class=\"elementor-widget-container\">\n\t\t\t\t\t\t\t<div class=\"elementor-divider\">\n\t\t\t<span class=\"elementor-divider-separator\">\n\t\t\t\t\t\t<\/span>\n\t\t<\/div>\n\t\t\t\t\t\t<\/div>\n\t\t\t\t<\/div>\n\t\t\t\t<div class=\"elementor-element elementor-element-15e9624 elementor-widget elementor-widget-text-editor\" data-id=\"15e9624\" data-element_type=\"widget\" data-e-type=\"widget\" data-widget_type=\"text-editor.default\">\n\t\t\t\t<div class=\"elementor-widget-container\">\n\t\t\t\t\t\t\t\t\t<p>Nous vendons nos produits par l&rsquo;interm\u00e9diaire de nos distributeurs agr\u00e9\u00e9s, d&rsquo;int\u00e9grateurs de syst\u00e8mes ou, dans certains cas, directement \u00e0 l&rsquo;utilisateur final.<\/p>\n<ol>\n<li><strong>Distributeurs agr\u00e9\u00e9s<\/strong><br \/>a. Nos distributeurs disposent d&rsquo;un personnel de vente externe qui contacte tous les clients potentiels dans leur r\u00e9gion et se sont engag\u00e9s \u00e0 d\u00e9tenir un stock raisonnable pour assurer une livraison rapide et maintenir un volume de ventes annuel convenu. Tous les contrats de distribution sont non exclusifs.<\/li>\n<li><strong>Int\u00e9grateurs de syst\u00e8mes agr\u00e9\u00e9s<\/strong><br \/>a. Les clients, qui reconstruisent leurs syst\u00e8mes de vid\u00e9osurveillance existants, font appel \u00e0 des int\u00e9grateurs de syst\u00e8mes exp\u00e9riment\u00e9s pour concevoir et installer un syst\u00e8me cl\u00e9 en main. Opticom leur fournira notre \u00e9quipement pour r\u00e9pondre aux besoins de leurs clients.<\/li>\n<li><strong>Ventes directes d&rsquo;Opticom aux utilisateurs finaux.<\/strong><br \/>a. Comme Opticom n&rsquo;a pas de distributeurs agr\u00e9\u00e9s dans tous les territoires, nous vendrons \u00e0 ces clients directement.<\/li>\n<\/ol>\n\t\t\t\t\t\t\t\t<\/div>\n\t\t\t\t<\/div>\n\t\t\t\t<div class=\"elementor-element elementor-element-5a77487 elementor-widget elementor-widget-global elementor-global-1804 elementor-widget-button\" data-id=\"5a77487\" data-element_type=\"widget\" data-e-type=\"widget\" data-widget_type=\"button.default\">\n\t\t\t\t<div class=\"elementor-widget-container\">\n\t\t\t\t\t\t\t\t\t<div class=\"elementor-button-wrapper\">\n\t\t\t\t\t<a class=\"elementor-button elementor-button-link elementor-size-sm\" href=\"https:\/\/opticomtech.com\/wp-content\/uploads\/2020\/10\/Terms-and-Conditions-of-Sale-sept2020.pdf\" target=\"_blank\" rel=\"nofollow\">\n\t\t\t\t\t\t<span class=\"elementor-button-content-wrapper\">\n\t\t\t\t\t\t\t\t\t<span class=\"elementor-button-text\">Terms and Conditions .PDF <\/span>\n\t\t\t\t\t<\/span>\n\t\t\t\t\t<\/a>\n\t\t\t\t<\/div>\n\t\t\t\t\t\t\t\t<\/div>\n\t\t\t\t<\/div>\n\t\t\t\t\t<\/div>\n\t\t<\/div>\n\t\t\t\t\t<\/div>\n\t\t<\/section>\n\t\t\t\t\t<\/div>\n\t\t<\/div>\n\t\t\t\t\t<\/div>\n\t\t<\/section>\n\t\t\t\t<\/div>\n\t\t","protected":false},"excerpt":{"rendered":"<p>50 ans d&rsquo;exp\u00e9rience dans le domaine de la vid\u00e9osurveillance nous sommes OPTICOM Opticom Technologies a \u00e9t\u00e9 constitu\u00e9e en soci\u00e9t\u00e9 en 1973. Au fil des ans, nous nous sommes familiaris\u00e9s avec tous les aspects de l&rsquo;industrie de la vid\u00e9osurveillance. Au cours des 15 derni\u00e8res ann\u00e9es, nous avons d\u00e9velopp\u00e9 une gamme de produits de qualit\u00e9 sup\u00e9rieure pour [&hellip;]<\/p>\n","protected":false},"author":1,"featured_media":0,"parent":0,"menu_order":0,"comment_status":"closed","ping_status":"closed","template":"","meta":{"footnotes":""},"class_list":["post-4568","page","type-page","status-publish","hentry"],"yoast_head":"<!-- This site is optimized with the Yoast SEO plugin v27.4 - https:\/\/yoast.com\/product\/yoast-seo-wordpress\/ -->\n<title>A propos de nous - Opticom Technologies<\/title>\n<meta name=\"robots\" content=\"index, follow, max-snippet:-1, max-image-preview:large, max-video-preview:-1\" \/>\n<link rel=\"canonical\" href=\"https:\/\/opticomtech.com\/fr\/a-propos-de-nous\/\" \/>\n<meta property=\"og:locale\" content=\"fr_FR\" \/>\n<meta property=\"og:type\" content=\"article\" \/>\n<meta property=\"og:title\" content=\"A propos de nous - Opticom Technologies\" \/>\n<meta property=\"og:description\" content=\"50 ans d&rsquo;exp\u00e9rience dans le domaine de la vid\u00e9osurveillance nous sommes OPTICOM Opticom Technologies a \u00e9t\u00e9 constitu\u00e9e en soci\u00e9t\u00e9 en 1973. Au fil des ans, nous nous sommes familiaris\u00e9s avec tous les aspects de l&rsquo;industrie de la vid\u00e9osurveillance. Au cours des 15 derni\u00e8res ann\u00e9es, nous avons d\u00e9velopp\u00e9 une gamme de produits de qualit\u00e9 sup\u00e9rieure pour [&hellip;]\" \/>\n<meta property=\"og:url\" content=\"https:\/\/opticomtech.com\/fr\/a-propos-de-nous\/\" \/>\n<meta property=\"og:site_name\" content=\"Opticom Technologies\" \/>\n<meta property=\"article:modified_time\" content=\"2023-02-20T14:14:39+00:00\" \/>\n<meta name=\"twitter:card\" content=\"summary_large_image\" \/>\n<script type=\"application\/ld+json\" class=\"yoast-schema-graph\">{\"@context\":\"https:\\\/\\\/schema.org\",\"@graph\":[{\"@type\":\"WebPage\",\"@id\":\"https:\\\/\\\/opticomtech.com\\\/fr\\\/a-propos-de-nous\\\/\",\"url\":\"https:\\\/\\\/opticomtech.com\\\/fr\\\/a-propos-de-nous\\\/\",\"name\":\"A propos de nous - Opticom Technologies\",\"isPartOf\":{\"@id\":\"https:\\\/\\\/opticomtech.com\\\/#website\"},\"datePublished\":\"2020-09-07T15:07:20+00:00\",\"dateModified\":\"2023-02-20T14:14:39+00:00\",\"breadcrumb\":{\"@id\":\"https:\\\/\\\/opticomtech.com\\\/fr\\\/a-propos-de-nous\\\/#breadcrumb\"},\"inLanguage\":\"fr-FR\",\"potentialAction\":[{\"@type\":\"ReadAction\",\"target\":[\"https:\\\/\\\/opticomtech.com\\\/fr\\\/a-propos-de-nous\\\/\"]}]},{\"@type\":\"BreadcrumbList\",\"@id\":\"https:\\\/\\\/opticomtech.com\\\/fr\\\/a-propos-de-nous\\\/#breadcrumb\",\"itemListElement\":[{\"@type\":\"ListItem\",\"position\":1,\"name\":\"Home\",\"item\":\"https:\\\/\\\/opticomtech.com\\\/\"},{\"@type\":\"ListItem\",\"position\":2,\"name\":\"A propos de nous\"}]},{\"@type\":\"WebSite\",\"@id\":\"https:\\\/\\\/opticomtech.com\\\/#website\",\"url\":\"https:\\\/\\\/opticomtech.com\\\/\",\"name\":\"Opticom Technologies\",\"description\":\"Industrial CCTV Specialists - Providing a Complete Line of Video Surveillance Products.\",\"publisher\":{\"@id\":\"https:\\\/\\\/opticomtech.com\\\/#organization\"},\"potentialAction\":[{\"@type\":\"SearchAction\",\"target\":{\"@type\":\"EntryPoint\",\"urlTemplate\":\"https:\\\/\\\/opticomtech.com\\\/?s={search_term_string}\"},\"query-input\":{\"@type\":\"PropertyValueSpecification\",\"valueRequired\":true,\"valueName\":\"search_term_string\"}}],\"inLanguage\":\"fr-FR\"},{\"@type\":\"Organization\",\"@id\":\"https:\\\/\\\/opticomtech.com\\\/#organization\",\"name\":\"Opticom Technologies\",\"url\":\"https:\\\/\\\/opticomtech.com\\\/\",\"logo\":{\"@type\":\"ImageObject\",\"inLanguage\":\"fr-FR\",\"@id\":\"https:\\\/\\\/opticomtech.com\\\/#\\\/schema\\\/logo\\\/image\\\/\",\"url\":\"https:\\\/\\\/opticomtech.com\\\/wp-content\\\/uploads\\\/2020\\\/08\\\/cropped-opticom_logo_2020-silver.png\",\"contentUrl\":\"https:\\\/\\\/opticomtech.com\\\/wp-content\\\/uploads\\\/2020\\\/08\\\/cropped-opticom_logo_2020-silver.png\",\"width\":441,\"height\":144,\"caption\":\"Opticom Technologies\"},\"image\":{\"@id\":\"https:\\\/\\\/opticomtech.com\\\/#\\\/schema\\\/logo\\\/image\\\/\"}}]}<\/script>\n<!-- \/ Yoast SEO plugin. -->","yoast_head_json":{"title":"A propos de nous - Opticom Technologies","robots":{"index":"index","follow":"follow","max-snippet":"max-snippet:-1","max-image-preview":"max-image-preview:large","max-video-preview":"max-video-preview:-1"},"canonical":"https:\/\/opticomtech.com\/fr\/a-propos-de-nous\/","og_locale":"fr_FR","og_type":"article","og_title":"A propos de nous - Opticom Technologies","og_description":"50 ans d&rsquo;exp\u00e9rience dans le domaine de la vid\u00e9osurveillance nous sommes OPTICOM Opticom Technologies a \u00e9t\u00e9 constitu\u00e9e en soci\u00e9t\u00e9 en 1973. Au fil des ans, nous nous sommes familiaris\u00e9s avec tous les aspects de l&rsquo;industrie de la vid\u00e9osurveillance. Au cours des 15 derni\u00e8res ann\u00e9es, nous avons d\u00e9velopp\u00e9 une gamme de produits de qualit\u00e9 sup\u00e9rieure pour [&hellip;]","og_url":"https:\/\/opticomtech.com\/fr\/a-propos-de-nous\/","og_site_name":"Opticom Technologies","article_modified_time":"2023-02-20T14:14:39+00:00","twitter_card":"summary_large_image","schema":{"@context":"https:\/\/schema.org","@graph":[{"@type":"WebPage","@id":"https:\/\/opticomtech.com\/fr\/a-propos-de-nous\/","url":"https:\/\/opticomtech.com\/fr\/a-propos-de-nous\/","name":"A propos de nous - Opticom Technologies","isPartOf":{"@id":"https:\/\/opticomtech.com\/#website"},"datePublished":"2020-09-07T15:07:20+00:00","dateModified":"2023-02-20T14:14:39+00:00","breadcrumb":{"@id":"https:\/\/opticomtech.com\/fr\/a-propos-de-nous\/#breadcrumb"},"inLanguage":"fr-FR","potentialAction":[{"@type":"ReadAction","target":["https:\/\/opticomtech.com\/fr\/a-propos-de-nous\/"]}]},{"@type":"BreadcrumbList","@id":"https:\/\/opticomtech.com\/fr\/a-propos-de-nous\/#breadcrumb","itemListElement":[{"@type":"ListItem","position":1,"name":"Home","item":"https:\/\/opticomtech.com\/"},{"@type":"ListItem","position":2,"name":"A propos de nous"}]},{"@type":"WebSite","@id":"https:\/\/opticomtech.com\/#website","url":"https:\/\/opticomtech.com\/","name":"Opticom Technologies","description":"Industrial CCTV Specialists - Providing a Complete Line of Video Surveillance Products.","publisher":{"@id":"https:\/\/opticomtech.com\/#organization"},"potentialAction":[{"@type":"SearchAction","target":{"@type":"EntryPoint","urlTemplate":"https:\/\/opticomtech.com\/?s={search_term_string}"},"query-input":{"@type":"PropertyValueSpecification","valueRequired":true,"valueName":"search_term_string"}}],"inLanguage":"fr-FR"},{"@type":"Organization","@id":"https:\/\/opticomtech.com\/#organization","name":"Opticom Technologies","url":"https:\/\/opticomtech.com\/","logo":{"@type":"ImageObject","inLanguage":"fr-FR","@id":"https:\/\/opticomtech.com\/#\/schema\/logo\/image\/","url":"https:\/\/opticomtech.com\/wp-content\/uploads\/2020\/08\/cropped-opticom_logo_2020-silver.png","contentUrl":"https:\/\/opticomtech.com\/wp-content\/uploads\/2020\/08\/cropped-opticom_logo_2020-silver.png","width":441,"height":144,"caption":"Opticom Technologies"},"image":{"@id":"https:\/\/opticomtech.com\/#\/schema\/logo\/image\/"}}]}},"_links":{"self":[{"href":"https:\/\/opticomtech.com\/fr\/wp-json\/wp\/v2\/pages\/4568","targetHints":{"allow":["GET"]}}],"collection":[{"href":"https:\/\/opticomtech.com\/fr\/wp-json\/wp\/v2\/pages"}],"about":[{"href":"https:\/\/opticomtech.com\/fr\/wp-json\/wp\/v2\/types\/page"}],"author":[{"embeddable":true,"href":"https:\/\/opticomtech.com\/fr\/wp-json\/wp\/v2\/users\/1"}],"replies":[{"embeddable":true,"href":"https:\/\/opticomtech.com\/fr\/wp-json\/wp\/v2\/comments?post=4568"}],"version-history":[{"count":9,"href":"https:\/\/opticomtech.com\/fr\/wp-json\/wp\/v2\/pages\/4568\/revisions"}],"predecessor-version":[{"id":5056,"href":"https:\/\/opticomtech.com\/fr\/wp-json\/wp\/v2\/pages\/4568\/revisions\/5056"}],"wp:attachment":[{"href":"https:\/\/opticomtech.com\/fr\/wp-json\/wp\/v2\/media?parent=4568"}],"curies":[{"name":"wp","href":"https:\/\/api.w.org\/{rel}","templated":true}]}}