{"id":4592,"date":"2020-08-05T17:14:51","date_gmt":"2020-08-05T17:14:51","guid":{"rendered":"https:\/\/opticomtech.com\/fiches-techniques\/"},"modified":"2024-09-11T22:34:10","modified_gmt":"2024-09-11T22:34:10","slug":"fiches-techniques","status":"publish","type":"page","link":"https:\/\/opticomtech.com\/fr\/fiches-techniques\/","title":{"rendered":"Fiches techniques"},"content":{"rendered":"<h1>Fiches techniques<\/h1>\n<h1>Cam\u00e9ras <b>industrielles<\/b> <\/h1>\n<h5>Cam\u00e9ras industrielles<\/h5>\n<ul>\n<li><a href=\"https:\/\/opticomtech.com\/wp-content\/uploads\/2024\/09\/CC04-IP2MV.pdf\">CC04-IP2MV<\/a><a href=\"https:\/\/opticomtech.com\/wp-content\/uploads\/2020\/10\/CC02.pdf\">\n<p><\/a><\/li>\n<li><a href=\"https:\/\/opticomtech.com\/wp-content\/uploads\/2020\/10\/CC02-TVI.pdf\">  CC02 Cam\u00e9ra HDTVI  <\/a><\/li>\n<li><a href=\"https:\/\/opticomtech.com\/wp-content\/uploads\/2020\/10\/CC04-IP2MV.pdf\">  CC04-IPMV Cam\u00e9ra  <\/a><\/li>\n<li><a href=\"https:\/\/opticomtech.com\/wp-content\/uploads\/2021\/02\/CC04-IP3MV.pdf\">  CC04-IP3MV Cam\u00e9ra  <\/a><\/li>\n<\/ul>\n<h5>Cam\u00e9ras en acier inoxydable<\/h5>\n<ul>\n<li><a href=\"https:\/\/opticomtech.com\/wp-content\/uploads\/2020\/10\/CC06-HBU36F-K-underwater-camera.pdf\">  CC06-HBU36F-K  <\/a><\/li>\n<li><a href=\"https:\/\/opticomtech.com\/wp-content\/uploads\/2020\/10\/CC06-HB36F-ir-bullet-camera.pdf\">  CC06-HB36F  <\/a><\/li>\n<li><a href=\"https:\/\/opticomtech.com\/wp-content\/uploads\/2020\/10\/CC06-HB23F-ir-bullet-camera.pdf\">  CC06-HB23F  <\/a><\/li>\n<li><a href=\"https:\/\/opticomtech.com\/wp-content\/uploads\/2020\/10\/CC06-TD12VF-X-ir-dome-camera.pdf\">  CC06-TD12VF-X  <\/a><\/li>\n<li><a href=\"https:\/\/opticomtech.com\/wp-content\/uploads\/2020\/10\/CC06-NB12VF-M-ip-bullet-camera.pdf\">  CC06-NB12VF-M  <\/a><\/li>\n<li><a href=\"https:\/\/opticomtech.com\/wp-content\/uploads\/2020\/10\/CC06-ND12VF-ip-dome-camera.pdf\">  CC06-ND12VF  <\/a><\/li>\n<li><a href=\"https:\/\/opticomtech.com\/wp-content\/uploads\/2021\/02\/CC03-IP2MZ30-E-Series-datasheet-opt.pdf\">  CC03-IP2MZ30-E  <\/a><\/li>\n<\/ul>\n<h5>Cam\u00e9ras antid\u00e9flagrantes<\/h5>\n<ul>\n<li><a href=\"https:\/\/opticomtech.com\/wp-content\/uploads\/2020\/10\/CC03-1F.pdf\">  CC03-1F  <\/a><\/li>\n<li><a href=\"https:\/\/opticomtech.com\/wp-content\/uploads\/2020\/10\/CC03-TV2MF36IR.pdf\">  CC03-TV2MF36IR  <\/a><\/li>\n<li><a href=\"https:\/\/opticomtech.com\/wp-content\/uploads\/2020\/10\/CC03-TV2MVFIR.pdf\">  CC03-TV2MVFIR  <\/a><\/li>\n<li><a href=\"https:\/\/opticomtech.com\/wp-content\/uploads\/2020\/10\/CC03-IP2MF36IR.pdf\">  CC03-IP2M36FIR  <\/a><\/li>\n<li><a href=\"https:\/\/opticomtech.com\/wp-content\/uploads\/2020\/10\/CC03-IP2MVFIR.pdf\">  CC03-IP2MVFIR  <\/a><\/li>\n<li><a href=\"https:\/\/opticomtech.com\/wp-content\/uploads\/2021\/02\/CC03-IP2MZ30-E-Series-datasheet-opt.pdf\">  CC03-IP2MZ30-E  <\/a><\/li>\n<\/ul>\n<h1>Cam\u00e9ras <b>commerciales<\/b> <\/h1>\n<h5>Appareil photo num\u00e9rique<\/h5>\n<ul>\n<li><a href=\"https:\/\/opticomtech.com\/wp-content\/uploads\/2020\/10\/TIX-204.pdf\">  TIX-204  <\/a><\/li>\n<\/ul>\n<h5>Cam\u00e9ras \u00e0 balles<\/h5>\n<ul>\n<li><a href=\"https:\/\/opticomtech.com\/wp-content\/uploads\/2020\/10\/TIB-2103SV.pdf\">  TIB-2103SV  <\/a><\/li>\n<li><a href=\"https:\/\/opticomtech.com\/wp-content\/uploads\/2020\/10\/TIB-2801PX.pdf\">  TIB-2801PX  <\/a><\/li>\n<li><a href=\"https:\/\/opticomtech.com\/wp-content\/uploads\/2020\/10\/TIB-2805PX.pdf\">  TIB-2805PX  <\/a><\/li>\n<li><a href=\"https:\/\/opticomtech.com\/wp-content\/uploads\/2020\/10\/MIB-4131SV2.pdf\">  MIB-4131SV2  <\/a><\/li>\n<li><a href=\"https:\/\/opticomtech.com\/wp-content\/uploads\/2020\/10\/MIB-4151SV2.pdf\">  MIB-4151SV2  <\/a><\/li>\n<li><a href=\"https:\/\/opticomtech.com\/wp-content\/uploads\/2020\/10\/MIB-8151SV.pdf\">  MIB-8151SV  <\/a><\/li>\n<li><a href=\"https:\/\/opticomtech.com\/wp-content\/uploads\/2021\/02\/MIB-4171SV.pdfpdf\">  MIB-4171SV  <\/a><\/li>\n<li><a href=\"https:\/\/opticomtech.com\/wp-content\/uploads\/2021\/02\/TIS-2802.pdf\">  TIS-2802  <\/a><\/li>\n<\/ul>\n<h5>Cam\u00e9ras de plaques d&rsquo;immatriculation<\/h5>\n<ul>\n<li><a href=\"https:\/\/opticomtech.com\/wp-content\/uploads\/2020\/10\/TIL-8903.pdf\">  TIL-8903  <\/a><\/li>\n<li><a href=\"https:\/\/opticomtech.com\/wp-content\/uploads\/2020\/10\/MIL-8901SV.pdf\">  MIL-8901SV  <\/a><\/li>\n<\/ul>\n<h5>Cam\u00e9ras d\u00f4me<\/h5>\n<ul>\n<li><a href=\"https:\/\/opticomtech.com\/wp-content\/uploads\/2020\/10\/TID-2800PX.pdf\">  TID-2800PX  <\/a><\/li>\n<li><a href=\"https:\/\/opticomtech.com\/wp-content\/uploads\/2020\/10\/TIV-2101SV.pdf\">  TIV-2101SV  <\/a><\/li>\n<li><a href=\"https:\/\/opticomtech.com\/wp-content\/uploads\/2020\/10\/MIS-4131SV-2.8.pdf\">  MIS-4131SV-2.8  <\/a><\/li>\n<li><a href=\"https:\/\/opticomtech.com\/wp-content\/uploads\/2020\/10\/MIV-4131SV.pdf\">  MIV-4131SV  <\/a><\/li>\n<li><a href=\"https:\/\/opticomtech.com\/wp-content\/uploads\/2020\/10\/MIV-4141SV.pdf\">  MIV-4141SV  <\/a><\/li>\n<li><a href=\"https:\/\/opticomtech.com\/wp-content\/uploads\/2020\/10\/MIV-4151SV.pdf\">  MIV-4151SV  <\/a><\/li>\n<li><a href=\"https:\/\/opticomtech.com\/wp-content\/uploads\/2020\/10\/MIV-8131SV.pdf\">  MIV-8131SV  <\/a><\/li>\n<li><a href=\"https:\/\/opticomtech.com\/wp-content\/uploads\/2020\/10\/MIV-8151SV.pdf\">  MIV-8151SV  <\/a><\/li>\n<li><a href=\"https:\/\/opticomtech.com\/wp-content\/uploads\/2021\/02\/MIF-6131SV.pdf\">  MIF-6131SV  <\/a><\/li>\n<\/ul>\n<h5>Cam\u00e9ras PTZ<\/h5>\n<ul>\n<li><a href=\"https:\/\/opticomtech.com\/wp-content\/uploads\/2020\/10\/TIP-4003.pdf\">  TIP-4003  <\/a><\/li>\n<li><a href=\"https:\/\/opticomtech.com\/wp-content\/uploads\/2020\/10\/TIP-4005.pdf\">  TIP-4005  <\/a><\/li>\n<li><a href=\"https:\/\/opticomtech.com\/wp-content\/uploads\/2020\/10\/MIP-4002.pdf\">  MIP-4002  <\/a><\/li>\n<li><a href=\"https:\/\/opticomtech.com\/wp-content\/uploads\/2020\/10\/MIP-4003.pdf\">  MIP-4003  <\/a><\/li>\n<li><a href=\"https:\/\/opticomtech.com\/wp-content\/uploads\/2020\/10\/MIP-3120.pdf\">  MIP-3120  <\/a><\/li>\n<li><a href=\"https:\/\/opticomtech.com\/wp-content\/uploads\/2021\/02\/MIP-3020.pdf\">  MIP-3020  <\/a><\/li>\n<li><a href=\"https:\/\/opticomtech.com\/wp-content\/uploads\/2021\/02\/MIP-3220.pdf\">  MIP-3220  <\/a><\/li>\n<\/ul>\n<h1><b>enregistreurs<\/b><\/h1>\n<h5>Enregistreurs vid\u00e9o num\u00e9riques<\/h5>\n<ul>\n<li><a href=\"https:\/\/opticomtech.com\/wp-content\/uploads\/2020\/10\/SVD-2400.pdf\">  SVD-2404 \/ 2408 \/ 2416  <\/a><\/li>\n<li><a href=\"https:\/\/opticomtech.com\/wp-content\/uploads\/2020\/10\/SVD-2432.pdf\">  SVD-2432  <\/a><\/li>\n<\/ul>\n<h5>Enregistreurs vid\u00e9o sur r\u00e9seau POE<\/h5>\n<ul>\n<li><a href=\"https:\/\/opticomtech.com\/wp-content\/uploads\/2020\/10\/SVN-2500P.pdf\">  SVN-2516P16 \/ 2532P16  <\/a><\/li>\n<li><a href=\"https:\/\/opticomtech.com\/wp-content\/uploads\/2021\/02\/SVN-2532P16.pdf\">  SVN-2532P16  <\/a><\/li>\n<\/ul>\n<h5>Enregistreurs vid\u00e9o sur IP non POE<\/h5>\n<ul>\n<li><a href=\"https:\/\/opticomtech.com\/wp-content\/uploads\/2020\/10\/SVN-2500E.pdf%20\">  SVN-2532E \/ 2564E  <\/a><\/li>\n<\/ul>\n<h1><b>Kits de cam\u00e9ras<\/b><\/h1>\n<h5>Kits de cam\u00e9ras<\/h5>\n<ul>\n<li><a href=\"https:\/\/opticomtech.com\/wp-content\/uploads\/2023\/03\/IPK-1504P4-1T-kit-Spec.pdf\">  Sp\u00e9cifications du kit IPK-1504P4-T1  <\/a><\/li>\n<li><a href=\"https:\/\/opticomtech.com\/wp-content\/uploads\/2023\/03\/IPK-1504P4-1T-Spec-sheet.pdf\">  IPK-1504P4-T1 Sp\u00e9cifications  <\/a><\/li>\n<\/ul>\n<h1><b>Moniteurs<\/b><\/h1>\n<h5>Moniteurs \u00e0 \u00e9cran plat<\/h5>\n<ul>\n<li><a href=\"https:\/\/opticomtech.com\/wp-content\/uploads\/2020\/10\/FSM-19HDP.pdf\">  FSM-195HDP  <\/a><\/li>\n<\/ul>\n<h5>Moniteurs industriels \u00e0 \u00e9cran plat<\/h5>\n<ul>\n<li><a href=\"https:\/\/opticomtech.com\/wp-content\/uploads\/2020\/10\/FSM-101b.pdf\">  FSM-101b  <\/a><\/li>\n<li><a href=\"https:\/\/opticomtech.com\/wp-content\/uploads\/2020\/10\/FSM-17b-19b-215b-27b.pdf\">  FSM-17b-19b-215b-27b  <\/a><\/li>\n<li><a href=\"https:\/\/opticomtech.com\/wp-content\/uploads\/2020\/10\/FSM-32b.pdf\">  FSM-32b  <\/a><\/li>\n<li><a href=\"https:\/\/opticomtech.com\/wp-content\/uploads\/2020\/10\/FSM-55c.pdf\">  FSM-55c  <\/a><\/li>\n<\/ul>\n<h5>Moniteurs HDTVI industriels<\/h5>\n<ul>\n<li><a href=\"https:\/\/opticomtech.com\/wp-content\/uploads\/2020\/10\/LCDI-215TVI.pdf\">  LCDI-215TVI  <\/a><\/li>\n<\/ul>\n<h5>Moniteurs de r\u00e9seau IP industriel<\/h5>\n<ul>\n<li><a href=\"https:\/\/opticomtech.com\/wp-content\/uploads\/2020\/10\/LCDI-32IP-42IP-46IP-55IP.pdf\">  LCDI-32IP-42IP-46IP-55IP  <\/a><\/li>\n<li><a href=\"https:\/\/opticomtech.com\/wp-content\/uploads\/2020\/10\/LCDI-215IP-24IP-32IP.pdf%20\">  LCDI-215IP-24IP-32IP  <\/a><\/li>\n<\/ul>\n<h5>Moniteur de test<\/h5>\n<ul>\n<li><a href=\"https:\/\/opticomtech.com\/wp-content\/uploads\/2020\/10\/LCDI-35T.pdf\">  LCDI-35T  <\/a><\/li>\n<\/ul>\n<h1><b>Sans fil<\/b><\/h1>\n<h5>Sans fil analogique<\/h5>\n<ul>\n<li><a href=\"https:\/\/opticomtech.com\/wp-content\/uploads\/2020\/10\/AR-4000I.pdf\">  AR-4000-I \/ 4000-IH  <\/a><\/li>\n<\/ul>\n<h5>R\u00e9seau IP Sans fil<\/h5>\n<ul>\n<li><a href=\"https:\/\/opticomtech.com\/wp-content\/uploads\/2020\/10\/AR-5803-900.pdf\">  AR-5803-900  <\/a><\/li>\n<li><a href=\"https:\/\/opticomtech.com\/wp-content\/uploads\/2021\/02\/AR-5808-900.pdf\">  AR-5808-900  <\/a><\/li>\n<\/ul>\n<h1><b>Accessoires<\/b><\/h1>\n<h5>Connecteurs<\/h5>\n<ul>\n<li><a href=\"https:\/\/opticomtech.com\/wp-content\/uploads\/2020\/10\/Connetor-Spec-Sheet.pdf\">  Fiche technique Connetor  <\/a><\/li>\n<\/ul>\n<h5>Distributeurs vid\u00e9o \/ Amplificateurs<\/h5>\n<ul>\n<li><a href=\"https:\/\/opticomtech.com\/wp-content\/uploads\/2020\/10\/video-amplifiers-distributors-datasheet.pdf\">  Amplificateurs vid\u00e9o-distributeurs  <\/a><\/li>\n<li><a href=\"https:\/\/opticomtech.com\/wp-content\/uploads\/2020\/10\/HD-Video-Distribution.pdf\">  Distribution de vid\u00e9os HD  <\/a><\/li>\n<li><a href=\"https:\/\/opticomtech.com\/wp-content\/uploads\/2020\/10\/CPS-101HD-CPS-201.pdf\">  CPS-101HD-CPS-201  <\/a><\/li>\n<\/ul>\n<h5>Convertisseurs vid\u00e9o<\/h5>\n<ul>\n<li><a href=\"https:\/\/opticomtech.com\/wp-content\/uploads\/2020\/10\/KIV-Spec-Sheet.pdf\">  KIV-Spec-Sheet  <\/a><\/li>\n<\/ul>\n<h5>Alimentations \u00e9lectriques<\/h5>\n<ul>\n<li><a href=\"https:\/\/opticomtech.com\/wp-content\/uploads\/2020\/10\/Distributed_Power_Supplies-1.pdf\">  Fournitures d&rsquo;\u00e9nergie distribu\u00e9e-1  <\/a><\/li>\n<li><a href=\"https:\/\/opticomtech.com\/wp-content\/uploads\/2020\/10\/power-transformers-converters-datasheet.pdf\">  Fiche de donn\u00e9es sur les transformateurs de puissance et les convertisseurs  <\/a><\/li>\n<\/ul>\n<h5>Accessoires \u00e9lectriques<\/h5>\n<ul>\n<li><a href=\"https:\/\/opticomtech.com\/wp-content\/uploads\/2020\/10\/Cable-Spec-Sheet.pdf\">  Fiche technique du c\u00e2ble  <\/a><\/li>\n<\/ul>\n<h5>Bo\u00eetes \u00e0 cl\u00e9<\/h5>\n<ul>\n<li><a href=\"https:\/\/opticomtech.com\/wp-content\/uploads\/2020\/10\/LB-Series-dvr-lock-boxes-datasheet.pdf\">  S\u00e9rie LB-dvr-lock-boxes-datasheet  <\/a><\/li>\n<\/ul>\n<h5>Baluns vid\u00e9o<\/h5>\n<ul>\n<li><a href=\"https:\/\/opticomtech.com\/wp-content\/uploads\/2020\/10\/Video-Baluns.pdf\">  Vid\u00e9o-Baluns  <\/a><\/li>\n<\/ul>\n<h5>Supports de cam\u00e9ra<\/h5>\n<ul>\n<li><a href=\"https:\/\/opticomtech.com\/wp-content\/uploads\/2020\/10\/Mounts-and-Housings.pdf\">  Supports et bo\u00eetiers  <\/a><\/li>\n<\/ul>\n<h5>Bo\u00eetes de jonction<\/h5>\n<ul>\n<li><a href=\"https:\/\/opticomtech.com\/wp-content\/uploads\/2020\/10\/Mounts-and-Housings.pdf\">  Supports et bo\u00eetiers  <\/a><\/li>\n<\/ul>\n<h5>Supports pour moniteurs<\/h5>\n<ul>\n<li><a href=\"https:\/\/opticomtech.com\/wp-content\/uploads\/2020\/10\/opticom-vibration-mounts-datasheet.pdf\">  Supports antivibratoires Opticom  <\/a><\/li>\n<li><a href=\"https:\/\/opticomtech.com\/wp-content\/uploads\/2020\/10\/Monitor-Mounts.pdf\">  Supports pour moniteurs  <\/a><\/li>\n<\/ul>\n<h5>Enceintes pour moniteurs<\/h5>\n<ul>\n<li><a href=\"https:\/\/opticomtech.com\/wp-content\/uploads\/2020\/10\/MH-IDV_Spec_Sheet.pdf\">  Fiche technique MH-IDV  <\/a><\/li>\n<li><a href=\"https:\/\/opticomtech.com\/wp-content\/uploads\/2020\/10\/MH-ITV-Spec-Sheet.pdf\">  MH-ITV-Fiche technique  <\/a><\/li>\n<li><a href=\"https:\/\/opticomtech.com\/wp-content\/uploads\/2020\/10\/MH-OVW-Spec-Sheet.pdf\">  MH-OVW-Fiche technique  <\/a><\/li>\n<\/ul>\n","protected":false},"excerpt":{"rendered":"<p>Fiches techniques Cam\u00e9ras industrielles Cam\u00e9ras industrielles CC04-IP2MV CC02 Cam\u00e9ra HDTVI CC04-IPMV Cam\u00e9ra CC04-IP3MV Cam\u00e9ra Cam\u00e9ras en acier inoxydable CC06-HBU36F-K CC06-HB36F CC06-HB23F CC06-TD12VF-X CC06-NB12VF-M CC06-ND12VF CC03-IP2MZ30-E Cam\u00e9ras antid\u00e9flagrantes CC03-1F CC03-TV2MF36IR CC03-TV2MVFIR CC03-IP2M36FIR CC03-IP2MVFIR CC03-IP2MZ30-E Cam\u00e9ras commerciales Appareil photo num\u00e9rique TIX-204 Cam\u00e9ras \u00e0 balles TIB-2103SV TIB-2801PX TIB-2805PX MIB-4131SV2 MIB-4151SV2 MIB-8151SV MIB-4171SV TIS-2802 Cam\u00e9ras de plaques d&rsquo;immatriculation TIL-8903 [&hellip;]<\/p>\n","protected":false},"author":1,"featured_media":0,"parent":0,"menu_order":0,"comment_status":"closed","ping_status":"closed","template":"","meta":{"footnotes":""},"class_list":["post-4592","page","type-page","status-publish","hentry"],"yoast_head":"<!-- This site is optimized with the Yoast SEO plugin v27.4 - https:\/\/yoast.com\/product\/yoast-seo-wordpress\/ -->\n<title>Fiches techniques - Opticom Technologies<\/title>\n<meta name=\"robots\" content=\"index, follow, max-snippet:-1, max-image-preview:large, max-video-preview:-1\" \/>\n<link rel=\"canonical\" href=\"https:\/\/opticomtech.com\/fr\/fiches-techniques\/\" \/>\n<meta property=\"og:locale\" content=\"fr_FR\" \/>\n<meta property=\"og:type\" content=\"article\" \/>\n<meta property=\"og:title\" content=\"Fiches techniques - Opticom Technologies\" \/>\n<meta property=\"og:description\" content=\"Fiches techniques Cam\u00e9ras industrielles Cam\u00e9ras industrielles CC04-IP2MV CC02 Cam\u00e9ra HDTVI CC04-IPMV Cam\u00e9ra CC04-IP3MV Cam\u00e9ra Cam\u00e9ras en acier inoxydable CC06-HBU36F-K CC06-HB36F CC06-HB23F CC06-TD12VF-X CC06-NB12VF-M CC06-ND12VF CC03-IP2MZ30-E Cam\u00e9ras antid\u00e9flagrantes CC03-1F CC03-TV2MF36IR CC03-TV2MVFIR CC03-IP2M36FIR CC03-IP2MVFIR CC03-IP2MZ30-E Cam\u00e9ras commerciales Appareil photo num\u00e9rique TIX-204 Cam\u00e9ras \u00e0 balles TIB-2103SV TIB-2801PX TIB-2805PX MIB-4131SV2 MIB-4151SV2 MIB-8151SV MIB-4171SV TIS-2802 Cam\u00e9ras de plaques d&rsquo;immatriculation TIL-8903 [&hellip;]\" \/>\n<meta property=\"og:url\" content=\"https:\/\/opticomtech.com\/fr\/fiches-techniques\/\" \/>\n<meta property=\"og:site_name\" content=\"Opticom Technologies\" \/>\n<meta property=\"article:modified_time\" content=\"2024-09-11T22:34:10+00:00\" \/>\n<meta name=\"twitter:card\" content=\"summary_large_image\" \/>\n<meta name=\"twitter:label1\" content=\"Dur\u00e9e de lecture estim\u00e9e\" \/>\n\t<meta name=\"twitter:data1\" content=\"2 minutes\" \/>\n<script type=\"application\/ld+json\" class=\"yoast-schema-graph\">{\"@context\":\"https:\\\/\\\/schema.org\",\"@graph\":[{\"@type\":\"WebPage\",\"@id\":\"https:\\\/\\\/opticomtech.com\\\/fr\\\/fiches-techniques\\\/\",\"url\":\"https:\\\/\\\/opticomtech.com\\\/fr\\\/fiches-techniques\\\/\",\"name\":\"Fiches techniques - Opticom Technologies\",\"isPartOf\":{\"@id\":\"https:\\\/\\\/opticomtech.com\\\/#website\"},\"datePublished\":\"2020-08-05T17:14:51+00:00\",\"dateModified\":\"2024-09-11T22:34:10+00:00\",\"breadcrumb\":{\"@id\":\"https:\\\/\\\/opticomtech.com\\\/fr\\\/fiches-techniques\\\/#breadcrumb\"},\"inLanguage\":\"fr-FR\",\"potentialAction\":[{\"@type\":\"ReadAction\",\"target\":[\"https:\\\/\\\/opticomtech.com\\\/fr\\\/fiches-techniques\\\/\"]}]},{\"@type\":\"BreadcrumbList\",\"@id\":\"https:\\\/\\\/opticomtech.com\\\/fr\\\/fiches-techniques\\\/#breadcrumb\",\"itemListElement\":[{\"@type\":\"ListItem\",\"position\":1,\"name\":\"Home\",\"item\":\"https:\\\/\\\/opticomtech.com\\\/\"},{\"@type\":\"ListItem\",\"position\":2,\"name\":\"Fiches techniques\"}]},{\"@type\":\"WebSite\",\"@id\":\"https:\\\/\\\/opticomtech.com\\\/#website\",\"url\":\"https:\\\/\\\/opticomtech.com\\\/\",\"name\":\"Opticom Technologies\",\"description\":\"Industrial CCTV Specialists - Providing a Complete Line of Video Surveillance Products.\",\"publisher\":{\"@id\":\"https:\\\/\\\/opticomtech.com\\\/#organization\"},\"potentialAction\":[{\"@type\":\"SearchAction\",\"target\":{\"@type\":\"EntryPoint\",\"urlTemplate\":\"https:\\\/\\\/opticomtech.com\\\/?s={search_term_string}\"},\"query-input\":{\"@type\":\"PropertyValueSpecification\",\"valueRequired\":true,\"valueName\":\"search_term_string\"}}],\"inLanguage\":\"fr-FR\"},{\"@type\":\"Organization\",\"@id\":\"https:\\\/\\\/opticomtech.com\\\/#organization\",\"name\":\"Opticom Technologies\",\"url\":\"https:\\\/\\\/opticomtech.com\\\/\",\"logo\":{\"@type\":\"ImageObject\",\"inLanguage\":\"fr-FR\",\"@id\":\"https:\\\/\\\/opticomtech.com\\\/#\\\/schema\\\/logo\\\/image\\\/\",\"url\":\"https:\\\/\\\/opticomtech.com\\\/wp-content\\\/uploads\\\/2020\\\/08\\\/cropped-opticom_logo_2020-silver.png\",\"contentUrl\":\"https:\\\/\\\/opticomtech.com\\\/wp-content\\\/uploads\\\/2020\\\/08\\\/cropped-opticom_logo_2020-silver.png\",\"width\":441,\"height\":144,\"caption\":\"Opticom Technologies\"},\"image\":{\"@id\":\"https:\\\/\\\/opticomtech.com\\\/#\\\/schema\\\/logo\\\/image\\\/\"}}]}<\/script>\n<!-- \/ Yoast SEO plugin. -->","yoast_head_json":{"title":"Fiches techniques - Opticom Technologies","robots":{"index":"index","follow":"follow","max-snippet":"max-snippet:-1","max-image-preview":"max-image-preview:large","max-video-preview":"max-video-preview:-1"},"canonical":"https:\/\/opticomtech.com\/fr\/fiches-techniques\/","og_locale":"fr_FR","og_type":"article","og_title":"Fiches techniques - Opticom Technologies","og_description":"Fiches techniques Cam\u00e9ras industrielles Cam\u00e9ras industrielles CC04-IP2MV CC02 Cam\u00e9ra HDTVI CC04-IPMV Cam\u00e9ra CC04-IP3MV Cam\u00e9ra Cam\u00e9ras en acier inoxydable CC06-HBU36F-K CC06-HB36F CC06-HB23F CC06-TD12VF-X CC06-NB12VF-M CC06-ND12VF CC03-IP2MZ30-E Cam\u00e9ras antid\u00e9flagrantes CC03-1F CC03-TV2MF36IR CC03-TV2MVFIR CC03-IP2M36FIR CC03-IP2MVFIR CC03-IP2MZ30-E Cam\u00e9ras commerciales Appareil photo num\u00e9rique TIX-204 Cam\u00e9ras \u00e0 balles TIB-2103SV TIB-2801PX TIB-2805PX MIB-4131SV2 MIB-4151SV2 MIB-8151SV MIB-4171SV TIS-2802 Cam\u00e9ras de plaques d&rsquo;immatriculation TIL-8903 [&hellip;]","og_url":"https:\/\/opticomtech.com\/fr\/fiches-techniques\/","og_site_name":"Opticom Technologies","article_modified_time":"2024-09-11T22:34:10+00:00","twitter_card":"summary_large_image","twitter_misc":{"Dur\u00e9e de lecture estim\u00e9e":"2 minutes"},"schema":{"@context":"https:\/\/schema.org","@graph":[{"@type":"WebPage","@id":"https:\/\/opticomtech.com\/fr\/fiches-techniques\/","url":"https:\/\/opticomtech.com\/fr\/fiches-techniques\/","name":"Fiches techniques - Opticom Technologies","isPartOf":{"@id":"https:\/\/opticomtech.com\/#website"},"datePublished":"2020-08-05T17:14:51+00:00","dateModified":"2024-09-11T22:34:10+00:00","breadcrumb":{"@id":"https:\/\/opticomtech.com\/fr\/fiches-techniques\/#breadcrumb"},"inLanguage":"fr-FR","potentialAction":[{"@type":"ReadAction","target":["https:\/\/opticomtech.com\/fr\/fiches-techniques\/"]}]},{"@type":"BreadcrumbList","@id":"https:\/\/opticomtech.com\/fr\/fiches-techniques\/#breadcrumb","itemListElement":[{"@type":"ListItem","position":1,"name":"Home","item":"https:\/\/opticomtech.com\/"},{"@type":"ListItem","position":2,"name":"Fiches techniques"}]},{"@type":"WebSite","@id":"https:\/\/opticomtech.com\/#website","url":"https:\/\/opticomtech.com\/","name":"Opticom Technologies","description":"Industrial CCTV Specialists - Providing a Complete Line of Video Surveillance Products.","publisher":{"@id":"https:\/\/opticomtech.com\/#organization"},"potentialAction":[{"@type":"SearchAction","target":{"@type":"EntryPoint","urlTemplate":"https:\/\/opticomtech.com\/?s={search_term_string}"},"query-input":{"@type":"PropertyValueSpecification","valueRequired":true,"valueName":"search_term_string"}}],"inLanguage":"fr-FR"},{"@type":"Organization","@id":"https:\/\/opticomtech.com\/#organization","name":"Opticom Technologies","url":"https:\/\/opticomtech.com\/","logo":{"@type":"ImageObject","inLanguage":"fr-FR","@id":"https:\/\/opticomtech.com\/#\/schema\/logo\/image\/","url":"https:\/\/opticomtech.com\/wp-content\/uploads\/2020\/08\/cropped-opticom_logo_2020-silver.png","contentUrl":"https:\/\/opticomtech.com\/wp-content\/uploads\/2020\/08\/cropped-opticom_logo_2020-silver.png","width":441,"height":144,"caption":"Opticom Technologies"},"image":{"@id":"https:\/\/opticomtech.com\/#\/schema\/logo\/image\/"}}]}},"_links":{"self":[{"href":"https:\/\/opticomtech.com\/fr\/wp-json\/wp\/v2\/pages\/4592","targetHints":{"allow":["GET"]}}],"collection":[{"href":"https:\/\/opticomtech.com\/fr\/wp-json\/wp\/v2\/pages"}],"about":[{"href":"https:\/\/opticomtech.com\/fr\/wp-json\/wp\/v2\/types\/page"}],"author":[{"embeddable":true,"href":"https:\/\/opticomtech.com\/fr\/wp-json\/wp\/v2\/users\/1"}],"replies":[{"embeddable":true,"href":"https:\/\/opticomtech.com\/fr\/wp-json\/wp\/v2\/comments?post=4592"}],"version-history":[{"count":8,"href":"https:\/\/opticomtech.com\/fr\/wp-json\/wp\/v2\/pages\/4592\/revisions"}],"predecessor-version":[{"id":7140,"href":"https:\/\/opticomtech.com\/fr\/wp-json\/wp\/v2\/pages\/4592\/revisions\/7140"}],"wp:attachment":[{"href":"https:\/\/opticomtech.com\/fr\/wp-json\/wp\/v2\/media?parent=4592"}],"curies":[{"name":"wp","href":"https:\/\/api.w.org\/{rel}","templated":true}]}}