{"id":4728,"date":"2020-10-21T18:18:50","date_gmt":"2020-10-21T18:18:50","guid":{"rendered":"https:\/\/opticomtech.com\/product\/tiv-2101sv\/"},"modified":"2023-02-14T19:53:36","modified_gmt":"2023-02-14T19:53:36","slug":"tiv-2101sv","status":"publish","type":"product","link":"https:\/\/opticomtech.com\/fr\/produit\/tiv-2101sv\/","title":{"rendered":"TIV-2101SV"},"content":{"rendered":"<ul>\n<li>Smart IR\u2122<\/li>\n<li>Objectif varifocal DC Iris de haute qualit\u00e9<\/li>\n<li>IDP\u2122 Isolation Dual Power<\/li>\n<li>Conception AQUA-SEAL\u2122 conforme \u00e0 la norme IP68<\/li>\n<li>Plateau de base Twist-Lock\u2122 (inclus)<\/li>\n<li>Double sortie vid\u00e9o HD<\/li>\n<\/ul>\n","protected":false},"excerpt":{"rendered":"<p>Cam\u00e9ra d\u00f4me vandale \u00e0 foyer progressif HDTVI\/EXSDI\/HDSDI\/960H<\/p>\n","protected":false},"featured_media":4151,"template":"","meta":[],"product_brand":[],"product_cat":[178],"product_tag":[],"class_list":{"0":"post-4728","1":"product","2":"type-product","3":"status-publish","4":"has-post-thumbnail","6":"product_cat-cameras-dome","8":"first","9":"instock","10":"shipping-taxable","11":"product-type-simple"},"yoast_head":"<!-- This site is optimized with the Yoast SEO plugin v27.4 - https:\/\/yoast.com\/product\/yoast-seo-wordpress\/ -->\n<title>TIV-2101SV - Opticom Technologies<\/title>\n<meta name=\"robots\" content=\"index, follow, max-snippet:-1, max-image-preview:large, max-video-preview:-1\" \/>\n<link rel=\"canonical\" href=\"https:\/\/opticomtech.com\/fr\/?post_type=product&p=4728\" \/>\n<meta property=\"og:locale\" content=\"fr_FR\" \/>\n<meta property=\"og:type\" content=\"article\" \/>\n<meta property=\"og:title\" content=\"TIV-2101SV - Opticom Technologies\" \/>\n<meta property=\"og:description\" content=\"Cam\u00e9ra d\u00f4me vandale \u00e0 foyer progressif HDTVI\/EXSDI\/HDSDI\/960H\" \/>\n<meta property=\"og:url\" content=\"https:\/\/opticomtech.com\/fr\/?post_type=product&amp;p=4728\" \/>\n<meta property=\"og:site_name\" content=\"Opticom Technologies\" \/>\n<meta property=\"article:modified_time\" content=\"2023-02-14T19:53:36+00:00\" \/>\n<meta property=\"og:image\" content=\"https:\/\/opticomtech.com\/wp-content\/uploads\/2020\/10\/tvi-2101sv.jpg\" \/>\n\t<meta property=\"og:image:width\" content=\"500\" \/>\n\t<meta property=\"og:image:height\" content=\"500\" \/>\n\t<meta property=\"og:image:type\" content=\"image\/jpeg\" \/>\n<meta name=\"twitter:card\" content=\"summary_large_image\" \/>\n<script type=\"application\/ld+json\" class=\"yoast-schema-graph\">{\"@context\":\"https:\\\/\\\/schema.org\",\"@graph\":[{\"@type\":\"WebPage\",\"@id\":\"https:\\\/\\\/opticomtech.com\\\/fr\\\/?post_type=product&p=4728\",\"url\":\"https:\\\/\\\/opticomtech.com\\\/fr\\\/?post_type=product&p=4728\",\"name\":\"TIV-2101SV - Opticom Technologies\",\"isPartOf\":{\"@id\":\"https:\\\/\\\/opticomtech.com\\\/#website\"},\"primaryImageOfPage\":{\"@id\":\"https:\\\/\\\/opticomtech.com\\\/fr\\\/?post_type=product&p=4728#primaryimage\"},\"image\":{\"@id\":\"https:\\\/\\\/opticomtech.com\\\/fr\\\/?post_type=product&p=4728#primaryimage\"},\"thumbnailUrl\":\"https:\\\/\\\/opticomtech.com\\\/wp-content\\\/uploads\\\/2020\\\/10\\\/tvi-2101sv.jpg\",\"datePublished\":\"2020-10-21T18:18:50+00:00\",\"dateModified\":\"2023-02-14T19:53:36+00:00\",\"breadcrumb\":{\"@id\":\"https:\\\/\\\/opticomtech.com\\\/fr\\\/?post_type=product&p=4728#breadcrumb\"},\"inLanguage\":\"fr-FR\",\"potentialAction\":[{\"@type\":\"ReadAction\",\"target\":[\"https:\\\/\\\/opticomtech.com\\\/fr\\\/?post_type=product&p=4728\"]}]},{\"@type\":\"ImageObject\",\"inLanguage\":\"fr-FR\",\"@id\":\"https:\\\/\\\/opticomtech.com\\\/fr\\\/?post_type=product&p=4728#primaryimage\",\"url\":\"https:\\\/\\\/opticomtech.com\\\/wp-content\\\/uploads\\\/2020\\\/10\\\/tvi-2101sv.jpg\",\"contentUrl\":\"https:\\\/\\\/opticomtech.com\\\/wp-content\\\/uploads\\\/2020\\\/10\\\/tvi-2101sv.jpg\",\"width\":500,\"height\":500},{\"@type\":\"BreadcrumbList\",\"@id\":\"https:\\\/\\\/opticomtech.com\\\/fr\\\/?post_type=product&p=4728#breadcrumb\",\"itemListElement\":[{\"@type\":\"ListItem\",\"position\":1,\"name\":\"Home\",\"item\":\"https:\\\/\\\/opticomtech.com\\\/\"},{\"@type\":\"ListItem\",\"position\":2,\"name\":\"Boutique\",\"item\":\"https:\\\/\\\/opticomtech.com\\\/fr\\\/?page_id=4536\"},{\"@type\":\"ListItem\",\"position\":3,\"name\":\"TIV-2101SV\"}]},{\"@type\":\"WebSite\",\"@id\":\"https:\\\/\\\/opticomtech.com\\\/#website\",\"url\":\"https:\\\/\\\/opticomtech.com\\\/\",\"name\":\"Opticom Technologies\",\"description\":\"Industrial CCTV Specialists - Providing a Complete Line of Video Surveillance Products.\",\"publisher\":{\"@id\":\"https:\\\/\\\/opticomtech.com\\\/#organization\"},\"potentialAction\":[{\"@type\":\"SearchAction\",\"target\":{\"@type\":\"EntryPoint\",\"urlTemplate\":\"https:\\\/\\\/opticomtech.com\\\/?s={search_term_string}\"},\"query-input\":{\"@type\":\"PropertyValueSpecification\",\"valueRequired\":true,\"valueName\":\"search_term_string\"}}],\"inLanguage\":\"fr-FR\"},{\"@type\":\"Organization\",\"@id\":\"https:\\\/\\\/opticomtech.com\\\/#organization\",\"name\":\"Opticom Technologies\",\"url\":\"https:\\\/\\\/opticomtech.com\\\/\",\"logo\":{\"@type\":\"ImageObject\",\"inLanguage\":\"fr-FR\",\"@id\":\"https:\\\/\\\/opticomtech.com\\\/#\\\/schema\\\/logo\\\/image\\\/\",\"url\":\"https:\\\/\\\/opticomtech.com\\\/wp-content\\\/uploads\\\/2020\\\/08\\\/cropped-opticom_logo_2020-silver.png\",\"contentUrl\":\"https:\\\/\\\/opticomtech.com\\\/wp-content\\\/uploads\\\/2020\\\/08\\\/cropped-opticom_logo_2020-silver.png\",\"width\":441,\"height\":144,\"caption\":\"Opticom Technologies\"},\"image\":{\"@id\":\"https:\\\/\\\/opticomtech.com\\\/#\\\/schema\\\/logo\\\/image\\\/\"}}]}<\/script>\n<!-- \/ Yoast SEO plugin. -->","yoast_head_json":{"title":"TIV-2101SV - Opticom Technologies","robots":{"index":"index","follow":"follow","max-snippet":"max-snippet:-1","max-image-preview":"max-image-preview:large","max-video-preview":"max-video-preview:-1"},"canonical":"https:\/\/opticomtech.com\/fr\/?post_type=product&p=4728","og_locale":"fr_FR","og_type":"article","og_title":"TIV-2101SV - Opticom Technologies","og_description":"Cam\u00e9ra d\u00f4me vandale \u00e0 foyer progressif HDTVI\/EXSDI\/HDSDI\/960H","og_url":"https:\/\/opticomtech.com\/fr\/?post_type=product&p=4728","og_site_name":"Opticom Technologies","article_modified_time":"2023-02-14T19:53:36+00:00","og_image":[{"width":500,"height":500,"url":"https:\/\/opticomtech.com\/wp-content\/uploads\/2020\/10\/tvi-2101sv.jpg","type":"image\/jpeg"}],"twitter_card":"summary_large_image","schema":{"@context":"https:\/\/schema.org","@graph":[{"@type":"WebPage","@id":"https:\/\/opticomtech.com\/fr\/?post_type=product&p=4728","url":"https:\/\/opticomtech.com\/fr\/?post_type=product&p=4728","name":"TIV-2101SV - Opticom Technologies","isPartOf":{"@id":"https:\/\/opticomtech.com\/#website"},"primaryImageOfPage":{"@id":"https:\/\/opticomtech.com\/fr\/?post_type=product&p=4728#primaryimage"},"image":{"@id":"https:\/\/opticomtech.com\/fr\/?post_type=product&p=4728#primaryimage"},"thumbnailUrl":"https:\/\/opticomtech.com\/wp-content\/uploads\/2020\/10\/tvi-2101sv.jpg","datePublished":"2020-10-21T18:18:50+00:00","dateModified":"2023-02-14T19:53:36+00:00","breadcrumb":{"@id":"https:\/\/opticomtech.com\/fr\/?post_type=product&p=4728#breadcrumb"},"inLanguage":"fr-FR","potentialAction":[{"@type":"ReadAction","target":["https:\/\/opticomtech.com\/fr\/?post_type=product&p=4728"]}]},{"@type":"ImageObject","inLanguage":"fr-FR","@id":"https:\/\/opticomtech.com\/fr\/?post_type=product&p=4728#primaryimage","url":"https:\/\/opticomtech.com\/wp-content\/uploads\/2020\/10\/tvi-2101sv.jpg","contentUrl":"https:\/\/opticomtech.com\/wp-content\/uploads\/2020\/10\/tvi-2101sv.jpg","width":500,"height":500},{"@type":"BreadcrumbList","@id":"https:\/\/opticomtech.com\/fr\/?post_type=product&p=4728#breadcrumb","itemListElement":[{"@type":"ListItem","position":1,"name":"Home","item":"https:\/\/opticomtech.com\/"},{"@type":"ListItem","position":2,"name":"Boutique","item":"https:\/\/opticomtech.com\/fr\/?page_id=4536"},{"@type":"ListItem","position":3,"name":"TIV-2101SV"}]},{"@type":"WebSite","@id":"https:\/\/opticomtech.com\/#website","url":"https:\/\/opticomtech.com\/","name":"Opticom Technologies","description":"Industrial CCTV Specialists - Providing a Complete Line of Video Surveillance Products.","publisher":{"@id":"https:\/\/opticomtech.com\/#organization"},"potentialAction":[{"@type":"SearchAction","target":{"@type":"EntryPoint","urlTemplate":"https:\/\/opticomtech.com\/?s={search_term_string}"},"query-input":{"@type":"PropertyValueSpecification","valueRequired":true,"valueName":"search_term_string"}}],"inLanguage":"fr-FR"},{"@type":"Organization","@id":"https:\/\/opticomtech.com\/#organization","name":"Opticom Technologies","url":"https:\/\/opticomtech.com\/","logo":{"@type":"ImageObject","inLanguage":"fr-FR","@id":"https:\/\/opticomtech.com\/#\/schema\/logo\/image\/","url":"https:\/\/opticomtech.com\/wp-content\/uploads\/2020\/08\/cropped-opticom_logo_2020-silver.png","contentUrl":"https:\/\/opticomtech.com\/wp-content\/uploads\/2020\/08\/cropped-opticom_logo_2020-silver.png","width":441,"height":144,"caption":"Opticom Technologies"},"image":{"@id":"https:\/\/opticomtech.com\/#\/schema\/logo\/image\/"}}]}},"_links":{"self":[{"href":"https:\/\/opticomtech.com\/fr\/wp-json\/wp\/v2\/product\/4728","targetHints":{"allow":["GET"]}}],"collection":[{"href":"https:\/\/opticomtech.com\/fr\/wp-json\/wp\/v2\/product"}],"about":[{"href":"https:\/\/opticomtech.com\/fr\/wp-json\/wp\/v2\/types\/product"}],"wp:featuredmedia":[{"embeddable":true,"href":"https:\/\/opticomtech.com\/fr\/wp-json\/wp\/v2\/media\/4151"}],"wp:attachment":[{"href":"https:\/\/opticomtech.com\/fr\/wp-json\/wp\/v2\/media?parent=4728"}],"wp:term":[{"taxonomy":"product_brand","embeddable":true,"href":"https:\/\/opticomtech.com\/fr\/wp-json\/wp\/v2\/product_brand?post=4728"},{"taxonomy":"product_cat","embeddable":true,"href":"https:\/\/opticomtech.com\/fr\/wp-json\/wp\/v2\/product_cat?post=4728"},{"taxonomy":"product_tag","embeddable":true,"href":"https:\/\/opticomtech.com\/fr\/wp-json\/wp\/v2\/product_tag?post=4728"}],"curies":[{"name":"wp","href":"https:\/\/api.w.org\/{rel}","templated":true}]}}