{"id":4747,"date":"2020-11-11T20:13:03","date_gmt":"2020-11-11T20:13:03","guid":{"rendered":"https:\/\/opticomtech.com\/product\/vb-02-hd\/"},"modified":"2023-02-14T19:53:02","modified_gmt":"2023-02-14T19:53:02","slug":"vb-02-hd","status":"publish","type":"product","link":"https:\/\/opticomtech.com\/fr\/produit\/vb-02-hd\/","title":{"rendered":"VB-02-HD"},"content":{"rendered":"<h4>Baluns vid\u00e9o passifs \u00e0 1 canal<\/h4>\n<ul>\n<li>Connecteur BNC 6&Prime; c\u00e2bl\u00e9 pour une installation facile<\/li>\n<li>Transmettre la vid\u00e9o jusqu&rsquo;\u00e0 1 000 pieds sur CAT5<\/li>\n<li>\u00ab\u00a0HD\u00a0\u00bb supportera HDTVI, CVI, AHD, Analogique.<\/li>\n<li>Transmettre la vid\u00e9o sur un fil UTP \u00e0 faible co\u00fbt<\/li>\n<li>Un UTP (24-16AWG) par signal vid\u00e9o<\/li>\n<li>Transmission rentable, de point \u00e0 point<\/li>\n<li>Protection contre les surtensions int\u00e9gr\u00e9e<\/li>\n<li>Deux bornes \u00e0 vis pour UTP \/ BNC-M pour coaxial<\/li>\n<li>R\u00e9sistance de boucle DC 52 Ohms par 1,000 ft (18 ohms par 100m)<\/li>\n<li>Imp\u00e9dance d&rsquo;entr\u00e9e : 75 Ohms (BNC)<\/li>\n<li>Temp\u00e9rature de fonctionnement : 14\u00ba~122\u00ba F (-10\u00ba~50\u00ba C\u00ba)<\/li>\n<\/ul>\n","protected":false},"excerpt":{"rendered":"<p>Balun vid\u00e9o filaire, 2 packs, analogique, 960H, HDTVI<\/p>\n","protected":false},"featured_media":4252,"template":"","meta":[],"product_brand":[],"product_cat":[177],"product_tag":[],"class_list":{"0":"post-4747","1":"product","2":"type-product","3":"status-publish","4":"has-post-thumbnail","6":"product_cat-baluns-video","8":"first","9":"instock","10":"shipping-taxable","11":"product-type-simple"},"yoast_head":"<!-- This site is optimized with the Yoast SEO plugin v27.4 - https:\/\/yoast.com\/product\/yoast-seo-wordpress\/ -->\n<title>VB-02-HD - Opticom Technologies<\/title>\n<meta name=\"robots\" content=\"index, follow, max-snippet:-1, max-image-preview:large, max-video-preview:-1\" \/>\n<link rel=\"canonical\" href=\"https:\/\/opticomtech.com\/fr\/?post_type=product&p=4747\" \/>\n<meta property=\"og:locale\" content=\"fr_FR\" \/>\n<meta property=\"og:type\" content=\"article\" \/>\n<meta property=\"og:title\" content=\"VB-02-HD - Opticom Technologies\" \/>\n<meta property=\"og:description\" content=\"Balun vid\u00e9o filaire, 2 packs, analogique, 960H, HDTVI\" \/>\n<meta property=\"og:url\" content=\"https:\/\/opticomtech.com\/fr\/?post_type=product&amp;p=4747\" \/>\n<meta property=\"og:site_name\" content=\"Opticom Technologies\" \/>\n<meta property=\"article:modified_time\" content=\"2023-02-14T19:53:02+00:00\" \/>\n<meta property=\"og:image\" content=\"https:\/\/opticomtech.com\/wp-content\/uploads\/2020\/11\/VB-02.jpg\" \/>\n\t<meta property=\"og:image:width\" content=\"500\" \/>\n\t<meta property=\"og:image:height\" content=\"500\" \/>\n\t<meta property=\"og:image:type\" content=\"image\/jpeg\" \/>\n<meta name=\"twitter:card\" content=\"summary_large_image\" \/>\n<script type=\"application\/ld+json\" class=\"yoast-schema-graph\">{\"@context\":\"https:\\\/\\\/schema.org\",\"@graph\":[{\"@type\":\"WebPage\",\"@id\":\"https:\\\/\\\/opticomtech.com\\\/fr\\\/?post_type=product&p=4747\",\"url\":\"https:\\\/\\\/opticomtech.com\\\/fr\\\/?post_type=product&p=4747\",\"name\":\"VB-02-HD - Opticom Technologies\",\"isPartOf\":{\"@id\":\"https:\\\/\\\/opticomtech.com\\\/#website\"},\"primaryImageOfPage\":{\"@id\":\"https:\\\/\\\/opticomtech.com\\\/fr\\\/?post_type=product&p=4747#primaryimage\"},\"image\":{\"@id\":\"https:\\\/\\\/opticomtech.com\\\/fr\\\/?post_type=product&p=4747#primaryimage\"},\"thumbnailUrl\":\"https:\\\/\\\/opticomtech.com\\\/wp-content\\\/uploads\\\/2020\\\/11\\\/VB-02.jpg\",\"datePublished\":\"2020-11-11T20:13:03+00:00\",\"dateModified\":\"2023-02-14T19:53:02+00:00\",\"breadcrumb\":{\"@id\":\"https:\\\/\\\/opticomtech.com\\\/fr\\\/?post_type=product&p=4747#breadcrumb\"},\"inLanguage\":\"fr-FR\",\"potentialAction\":[{\"@type\":\"ReadAction\",\"target\":[\"https:\\\/\\\/opticomtech.com\\\/fr\\\/?post_type=product&p=4747\"]}]},{\"@type\":\"ImageObject\",\"inLanguage\":\"fr-FR\",\"@id\":\"https:\\\/\\\/opticomtech.com\\\/fr\\\/?post_type=product&p=4747#primaryimage\",\"url\":\"https:\\\/\\\/opticomtech.com\\\/wp-content\\\/uploads\\\/2020\\\/11\\\/VB-02.jpg\",\"contentUrl\":\"https:\\\/\\\/opticomtech.com\\\/wp-content\\\/uploads\\\/2020\\\/11\\\/VB-02.jpg\",\"width\":500,\"height\":500},{\"@type\":\"BreadcrumbList\",\"@id\":\"https:\\\/\\\/opticomtech.com\\\/fr\\\/?post_type=product&p=4747#breadcrumb\",\"itemListElement\":[{\"@type\":\"ListItem\",\"position\":1,\"name\":\"Home\",\"item\":\"https:\\\/\\\/opticomtech.com\\\/\"},{\"@type\":\"ListItem\",\"position\":2,\"name\":\"Boutique\",\"item\":\"https:\\\/\\\/opticomtech.com\\\/fr\\\/?page_id=4536\"},{\"@type\":\"ListItem\",\"position\":3,\"name\":\"VB-02-HD\"}]},{\"@type\":\"WebSite\",\"@id\":\"https:\\\/\\\/opticomtech.com\\\/#website\",\"url\":\"https:\\\/\\\/opticomtech.com\\\/\",\"name\":\"Opticom Technologies\",\"description\":\"Industrial CCTV Specialists - Providing a Complete Line of Video Surveillance Products.\",\"publisher\":{\"@id\":\"https:\\\/\\\/opticomtech.com\\\/#organization\"},\"potentialAction\":[{\"@type\":\"SearchAction\",\"target\":{\"@type\":\"EntryPoint\",\"urlTemplate\":\"https:\\\/\\\/opticomtech.com\\\/?s={search_term_string}\"},\"query-input\":{\"@type\":\"PropertyValueSpecification\",\"valueRequired\":true,\"valueName\":\"search_term_string\"}}],\"inLanguage\":\"fr-FR\"},{\"@type\":\"Organization\",\"@id\":\"https:\\\/\\\/opticomtech.com\\\/#organization\",\"name\":\"Opticom Technologies\",\"url\":\"https:\\\/\\\/opticomtech.com\\\/\",\"logo\":{\"@type\":\"ImageObject\",\"inLanguage\":\"fr-FR\",\"@id\":\"https:\\\/\\\/opticomtech.com\\\/#\\\/schema\\\/logo\\\/image\\\/\",\"url\":\"https:\\\/\\\/opticomtech.com\\\/wp-content\\\/uploads\\\/2020\\\/08\\\/cropped-opticom_logo_2020-silver.png\",\"contentUrl\":\"https:\\\/\\\/opticomtech.com\\\/wp-content\\\/uploads\\\/2020\\\/08\\\/cropped-opticom_logo_2020-silver.png\",\"width\":441,\"height\":144,\"caption\":\"Opticom Technologies\"},\"image\":{\"@id\":\"https:\\\/\\\/opticomtech.com\\\/#\\\/schema\\\/logo\\\/image\\\/\"}}]}<\/script>\n<!-- \/ Yoast SEO plugin. -->","yoast_head_json":{"title":"VB-02-HD - Opticom Technologies","robots":{"index":"index","follow":"follow","max-snippet":"max-snippet:-1","max-image-preview":"max-image-preview:large","max-video-preview":"max-video-preview:-1"},"canonical":"https:\/\/opticomtech.com\/fr\/?post_type=product&p=4747","og_locale":"fr_FR","og_type":"article","og_title":"VB-02-HD - Opticom Technologies","og_description":"Balun vid\u00e9o filaire, 2 packs, analogique, 960H, HDTVI","og_url":"https:\/\/opticomtech.com\/fr\/?post_type=product&p=4747","og_site_name":"Opticom Technologies","article_modified_time":"2023-02-14T19:53:02+00:00","og_image":[{"width":500,"height":500,"url":"https:\/\/opticomtech.com\/wp-content\/uploads\/2020\/11\/VB-02.jpg","type":"image\/jpeg"}],"twitter_card":"summary_large_image","schema":{"@context":"https:\/\/schema.org","@graph":[{"@type":"WebPage","@id":"https:\/\/opticomtech.com\/fr\/?post_type=product&p=4747","url":"https:\/\/opticomtech.com\/fr\/?post_type=product&p=4747","name":"VB-02-HD - Opticom Technologies","isPartOf":{"@id":"https:\/\/opticomtech.com\/#website"},"primaryImageOfPage":{"@id":"https:\/\/opticomtech.com\/fr\/?post_type=product&p=4747#primaryimage"},"image":{"@id":"https:\/\/opticomtech.com\/fr\/?post_type=product&p=4747#primaryimage"},"thumbnailUrl":"https:\/\/opticomtech.com\/wp-content\/uploads\/2020\/11\/VB-02.jpg","datePublished":"2020-11-11T20:13:03+00:00","dateModified":"2023-02-14T19:53:02+00:00","breadcrumb":{"@id":"https:\/\/opticomtech.com\/fr\/?post_type=product&p=4747#breadcrumb"},"inLanguage":"fr-FR","potentialAction":[{"@type":"ReadAction","target":["https:\/\/opticomtech.com\/fr\/?post_type=product&p=4747"]}]},{"@type":"ImageObject","inLanguage":"fr-FR","@id":"https:\/\/opticomtech.com\/fr\/?post_type=product&p=4747#primaryimage","url":"https:\/\/opticomtech.com\/wp-content\/uploads\/2020\/11\/VB-02.jpg","contentUrl":"https:\/\/opticomtech.com\/wp-content\/uploads\/2020\/11\/VB-02.jpg","width":500,"height":500},{"@type":"BreadcrumbList","@id":"https:\/\/opticomtech.com\/fr\/?post_type=product&p=4747#breadcrumb","itemListElement":[{"@type":"ListItem","position":1,"name":"Home","item":"https:\/\/opticomtech.com\/"},{"@type":"ListItem","position":2,"name":"Boutique","item":"https:\/\/opticomtech.com\/fr\/?page_id=4536"},{"@type":"ListItem","position":3,"name":"VB-02-HD"}]},{"@type":"WebSite","@id":"https:\/\/opticomtech.com\/#website","url":"https:\/\/opticomtech.com\/","name":"Opticom Technologies","description":"Industrial CCTV Specialists - Providing a Complete Line of Video Surveillance Products.","publisher":{"@id":"https:\/\/opticomtech.com\/#organization"},"potentialAction":[{"@type":"SearchAction","target":{"@type":"EntryPoint","urlTemplate":"https:\/\/opticomtech.com\/?s={search_term_string}"},"query-input":{"@type":"PropertyValueSpecification","valueRequired":true,"valueName":"search_term_string"}}],"inLanguage":"fr-FR"},{"@type":"Organization","@id":"https:\/\/opticomtech.com\/#organization","name":"Opticom Technologies","url":"https:\/\/opticomtech.com\/","logo":{"@type":"ImageObject","inLanguage":"fr-FR","@id":"https:\/\/opticomtech.com\/#\/schema\/logo\/image\/","url":"https:\/\/opticomtech.com\/wp-content\/uploads\/2020\/08\/cropped-opticom_logo_2020-silver.png","contentUrl":"https:\/\/opticomtech.com\/wp-content\/uploads\/2020\/08\/cropped-opticom_logo_2020-silver.png","width":441,"height":144,"caption":"Opticom Technologies"},"image":{"@id":"https:\/\/opticomtech.com\/#\/schema\/logo\/image\/"}}]}},"_links":{"self":[{"href":"https:\/\/opticomtech.com\/fr\/wp-json\/wp\/v2\/product\/4747","targetHints":{"allow":["GET"]}}],"collection":[{"href":"https:\/\/opticomtech.com\/fr\/wp-json\/wp\/v2\/product"}],"about":[{"href":"https:\/\/opticomtech.com\/fr\/wp-json\/wp\/v2\/types\/product"}],"wp:featuredmedia":[{"embeddable":true,"href":"https:\/\/opticomtech.com\/fr\/wp-json\/wp\/v2\/media\/4252"}],"wp:attachment":[{"href":"https:\/\/opticomtech.com\/fr\/wp-json\/wp\/v2\/media?parent=4747"}],"wp:term":[{"taxonomy":"product_brand","embeddable":true,"href":"https:\/\/opticomtech.com\/fr\/wp-json\/wp\/v2\/product_brand?post=4747"},{"taxonomy":"product_cat","embeddable":true,"href":"https:\/\/opticomtech.com\/fr\/wp-json\/wp\/v2\/product_cat?post=4747"},{"taxonomy":"product_tag","embeddable":true,"href":"https:\/\/opticomtech.com\/fr\/wp-json\/wp\/v2\/product_tag?post=4747"}],"curies":[{"name":"wp","href":"https:\/\/api.w.org\/{rel}","templated":true}]}}