{"id":4770,"date":"2021-04-02T15:59:28","date_gmt":"2021-04-02T15:59:28","guid":{"rendered":"https:\/\/opticomtech.com\/product\/opt-7mftd\/"},"modified":"2023-02-14T19:53:15","modified_gmt":"2023-02-14T19:53:15","slug":"opt-7mftd-2","status":"publish","type":"product","link":"https:\/\/opticomtech.com\/fr\/produit\/opt-7mftd-2\/","title":{"rendered":"OPT-7MFTD"},"content":{"rendered":"<p>La cam\u00e9ra COVID peut \u00e9galement authentifier un individu avec un logiciel de reconnaissance faciale si une base de donn\u00e9es de photos existe. Utilisant une technologie IA de tr\u00e8s haute pr\u00e9cision, la cam\u00e9ra est capable d&rsquo;effectuer une reconnaissance faciale en quelques millisecondes, ce qui permet aux utilisateurs de passer rapidement devant n&rsquo;importe quel point d&rsquo;acc\u00e8s.<br \/>\nNotre cam\u00e9ra, livr\u00e9e avec le logiciel et un support de montage, jouera un r\u00f4le essentiel dans la protection des travailleurs de premi\u00e8re ligne et du grand public.<\/p>\n","protected":false},"excerpt":{"rendered":"<p>Reconnaissance faciale et contr\u00f4le d&rsquo;acc\u00e8s.<\/p>\n","protected":false},"featured_media":4026,"template":"","meta":[],"product_brand":[],"product_cat":[192],"product_tag":[],"class_list":{"0":"post-4770","1":"product","2":"type-product","3":"status-publish","4":"has-post-thumbnail","6":"product_cat-camera-thermique","8":"first","9":"instock","10":"shipping-taxable","11":"product-type-simple"},"yoast_head":"<!-- This site is optimized with the Yoast SEO plugin v27.4 - https:\/\/yoast.com\/product\/yoast-seo-wordpress\/ -->\n<title>OPT-7MFTD - Opticom Technologies<\/title>\n<meta name=\"robots\" content=\"index, follow, max-snippet:-1, max-image-preview:large, max-video-preview:-1\" \/>\n<link rel=\"canonical\" href=\"https:\/\/opticomtech.com\/fr\/?post_type=product&p=4770\" \/>\n<meta property=\"og:locale\" content=\"fr_FR\" \/>\n<meta property=\"og:type\" content=\"article\" \/>\n<meta property=\"og:title\" content=\"OPT-7MFTD - Opticom Technologies\" \/>\n<meta property=\"og:description\" content=\"Reconnaissance faciale et contr\u00f4le d&#039;acc\u00e8s.\" \/>\n<meta property=\"og:url\" content=\"https:\/\/opticomtech.com\/fr\/?post_type=product&amp;p=4770\" \/>\n<meta property=\"og:site_name\" content=\"Opticom Technologies\" \/>\n<meta property=\"article:modified_time\" content=\"2023-02-14T19:53:15+00:00\" \/>\n<meta property=\"og:image\" content=\"https:\/\/opticomtech.com\/wp-content\/uploads\/2020\/09\/opt-7MFTD.jpg\" \/>\n\t<meta property=\"og:image:width\" content=\"500\" \/>\n\t<meta property=\"og:image:height\" content=\"500\" \/>\n\t<meta property=\"og:image:type\" content=\"image\/jpeg\" \/>\n<meta name=\"twitter:card\" content=\"summary_large_image\" \/>\n<script type=\"application\/ld+json\" class=\"yoast-schema-graph\">{\"@context\":\"https:\\\/\\\/schema.org\",\"@graph\":[{\"@type\":\"WebPage\",\"@id\":\"https:\\\/\\\/opticomtech.com\\\/fr\\\/?post_type=product&p=4770\",\"url\":\"https:\\\/\\\/opticomtech.com\\\/fr\\\/?post_type=product&p=4770\",\"name\":\"OPT-7MFTD - Opticom Technologies\",\"isPartOf\":{\"@id\":\"https:\\\/\\\/opticomtech.com\\\/#website\"},\"primaryImageOfPage\":{\"@id\":\"https:\\\/\\\/opticomtech.com\\\/fr\\\/?post_type=product&p=4770#primaryimage\"},\"image\":{\"@id\":\"https:\\\/\\\/opticomtech.com\\\/fr\\\/?post_type=product&p=4770#primaryimage\"},\"thumbnailUrl\":\"https:\\\/\\\/opticomtech.com\\\/wp-content\\\/uploads\\\/2020\\\/09\\\/opt-7MFTD.jpg\",\"datePublished\":\"2021-04-02T15:59:28+00:00\",\"dateModified\":\"2023-02-14T19:53:15+00:00\",\"breadcrumb\":{\"@id\":\"https:\\\/\\\/opticomtech.com\\\/fr\\\/?post_type=product&p=4770#breadcrumb\"},\"inLanguage\":\"fr-FR\",\"potentialAction\":[{\"@type\":\"ReadAction\",\"target\":[\"https:\\\/\\\/opticomtech.com\\\/fr\\\/?post_type=product&p=4770\"]}]},{\"@type\":\"ImageObject\",\"inLanguage\":\"fr-FR\",\"@id\":\"https:\\\/\\\/opticomtech.com\\\/fr\\\/?post_type=product&p=4770#primaryimage\",\"url\":\"https:\\\/\\\/opticomtech.com\\\/wp-content\\\/uploads\\\/2020\\\/09\\\/opt-7MFTD.jpg\",\"contentUrl\":\"https:\\\/\\\/opticomtech.com\\\/wp-content\\\/uploads\\\/2020\\\/09\\\/opt-7MFTD.jpg\",\"width\":500,\"height\":500},{\"@type\":\"BreadcrumbList\",\"@id\":\"https:\\\/\\\/opticomtech.com\\\/fr\\\/?post_type=product&p=4770#breadcrumb\",\"itemListElement\":[{\"@type\":\"ListItem\",\"position\":1,\"name\":\"Home\",\"item\":\"https:\\\/\\\/opticomtech.com\\\/\"},{\"@type\":\"ListItem\",\"position\":2,\"name\":\"Boutique\",\"item\":\"https:\\\/\\\/opticomtech.com\\\/fr\\\/?page_id=4536\"},{\"@type\":\"ListItem\",\"position\":3,\"name\":\"OPT-7MFTD\"}]},{\"@type\":\"WebSite\",\"@id\":\"https:\\\/\\\/opticomtech.com\\\/#website\",\"url\":\"https:\\\/\\\/opticomtech.com\\\/\",\"name\":\"Opticom Technologies\",\"description\":\"Industrial CCTV Specialists - Providing a Complete Line of Video Surveillance Products.\",\"publisher\":{\"@id\":\"https:\\\/\\\/opticomtech.com\\\/#organization\"},\"potentialAction\":[{\"@type\":\"SearchAction\",\"target\":{\"@type\":\"EntryPoint\",\"urlTemplate\":\"https:\\\/\\\/opticomtech.com\\\/?s={search_term_string}\"},\"query-input\":{\"@type\":\"PropertyValueSpecification\",\"valueRequired\":true,\"valueName\":\"search_term_string\"}}],\"inLanguage\":\"fr-FR\"},{\"@type\":\"Organization\",\"@id\":\"https:\\\/\\\/opticomtech.com\\\/#organization\",\"name\":\"Opticom Technologies\",\"url\":\"https:\\\/\\\/opticomtech.com\\\/\",\"logo\":{\"@type\":\"ImageObject\",\"inLanguage\":\"fr-FR\",\"@id\":\"https:\\\/\\\/opticomtech.com\\\/#\\\/schema\\\/logo\\\/image\\\/\",\"url\":\"https:\\\/\\\/opticomtech.com\\\/wp-content\\\/uploads\\\/2020\\\/08\\\/cropped-opticom_logo_2020-silver.png\",\"contentUrl\":\"https:\\\/\\\/opticomtech.com\\\/wp-content\\\/uploads\\\/2020\\\/08\\\/cropped-opticom_logo_2020-silver.png\",\"width\":441,\"height\":144,\"caption\":\"Opticom Technologies\"},\"image\":{\"@id\":\"https:\\\/\\\/opticomtech.com\\\/#\\\/schema\\\/logo\\\/image\\\/\"}}]}<\/script>\n<!-- \/ Yoast SEO plugin. -->","yoast_head_json":{"title":"OPT-7MFTD - Opticom Technologies","robots":{"index":"index","follow":"follow","max-snippet":"max-snippet:-1","max-image-preview":"max-image-preview:large","max-video-preview":"max-video-preview:-1"},"canonical":"https:\/\/opticomtech.com\/fr\/?post_type=product&p=4770","og_locale":"fr_FR","og_type":"article","og_title":"OPT-7MFTD - Opticom Technologies","og_description":"Reconnaissance faciale et contr\u00f4le d'acc\u00e8s.","og_url":"https:\/\/opticomtech.com\/fr\/?post_type=product&p=4770","og_site_name":"Opticom Technologies","article_modified_time":"2023-02-14T19:53:15+00:00","og_image":[{"width":500,"height":500,"url":"https:\/\/opticomtech.com\/wp-content\/uploads\/2020\/09\/opt-7MFTD.jpg","type":"image\/jpeg"}],"twitter_card":"summary_large_image","schema":{"@context":"https:\/\/schema.org","@graph":[{"@type":"WebPage","@id":"https:\/\/opticomtech.com\/fr\/?post_type=product&p=4770","url":"https:\/\/opticomtech.com\/fr\/?post_type=product&p=4770","name":"OPT-7MFTD - Opticom Technologies","isPartOf":{"@id":"https:\/\/opticomtech.com\/#website"},"primaryImageOfPage":{"@id":"https:\/\/opticomtech.com\/fr\/?post_type=product&p=4770#primaryimage"},"image":{"@id":"https:\/\/opticomtech.com\/fr\/?post_type=product&p=4770#primaryimage"},"thumbnailUrl":"https:\/\/opticomtech.com\/wp-content\/uploads\/2020\/09\/opt-7MFTD.jpg","datePublished":"2021-04-02T15:59:28+00:00","dateModified":"2023-02-14T19:53:15+00:00","breadcrumb":{"@id":"https:\/\/opticomtech.com\/fr\/?post_type=product&p=4770#breadcrumb"},"inLanguage":"fr-FR","potentialAction":[{"@type":"ReadAction","target":["https:\/\/opticomtech.com\/fr\/?post_type=product&p=4770"]}]},{"@type":"ImageObject","inLanguage":"fr-FR","@id":"https:\/\/opticomtech.com\/fr\/?post_type=product&p=4770#primaryimage","url":"https:\/\/opticomtech.com\/wp-content\/uploads\/2020\/09\/opt-7MFTD.jpg","contentUrl":"https:\/\/opticomtech.com\/wp-content\/uploads\/2020\/09\/opt-7MFTD.jpg","width":500,"height":500},{"@type":"BreadcrumbList","@id":"https:\/\/opticomtech.com\/fr\/?post_type=product&p=4770#breadcrumb","itemListElement":[{"@type":"ListItem","position":1,"name":"Home","item":"https:\/\/opticomtech.com\/"},{"@type":"ListItem","position":2,"name":"Boutique","item":"https:\/\/opticomtech.com\/fr\/?page_id=4536"},{"@type":"ListItem","position":3,"name":"OPT-7MFTD"}]},{"@type":"WebSite","@id":"https:\/\/opticomtech.com\/#website","url":"https:\/\/opticomtech.com\/","name":"Opticom Technologies","description":"Industrial CCTV Specialists - Providing a Complete Line of Video Surveillance Products.","publisher":{"@id":"https:\/\/opticomtech.com\/#organization"},"potentialAction":[{"@type":"SearchAction","target":{"@type":"EntryPoint","urlTemplate":"https:\/\/opticomtech.com\/?s={search_term_string}"},"query-input":{"@type":"PropertyValueSpecification","valueRequired":true,"valueName":"search_term_string"}}],"inLanguage":"fr-FR"},{"@type":"Organization","@id":"https:\/\/opticomtech.com\/#organization","name":"Opticom Technologies","url":"https:\/\/opticomtech.com\/","logo":{"@type":"ImageObject","inLanguage":"fr-FR","@id":"https:\/\/opticomtech.com\/#\/schema\/logo\/image\/","url":"https:\/\/opticomtech.com\/wp-content\/uploads\/2020\/08\/cropped-opticom_logo_2020-silver.png","contentUrl":"https:\/\/opticomtech.com\/wp-content\/uploads\/2020\/08\/cropped-opticom_logo_2020-silver.png","width":441,"height":144,"caption":"Opticom Technologies"},"image":{"@id":"https:\/\/opticomtech.com\/#\/schema\/logo\/image\/"}}]}},"_links":{"self":[{"href":"https:\/\/opticomtech.com\/fr\/wp-json\/wp\/v2\/product\/4770","targetHints":{"allow":["GET"]}}],"collection":[{"href":"https:\/\/opticomtech.com\/fr\/wp-json\/wp\/v2\/product"}],"about":[{"href":"https:\/\/opticomtech.com\/fr\/wp-json\/wp\/v2\/types\/product"}],"wp:featuredmedia":[{"embeddable":true,"href":"https:\/\/opticomtech.com\/fr\/wp-json\/wp\/v2\/media\/4026"}],"wp:attachment":[{"href":"https:\/\/opticomtech.com\/fr\/wp-json\/wp\/v2\/media?parent=4770"}],"wp:term":[{"taxonomy":"product_brand","embeddable":true,"href":"https:\/\/opticomtech.com\/fr\/wp-json\/wp\/v2\/product_brand?post=4770"},{"taxonomy":"product_cat","embeddable":true,"href":"https:\/\/opticomtech.com\/fr\/wp-json\/wp\/v2\/product_cat?post=4770"},{"taxonomy":"product_tag","embeddable":true,"href":"https:\/\/opticomtech.com\/fr\/wp-json\/wp\/v2\/product_tag?post=4770"}],"curies":[{"name":"wp","href":"https:\/\/api.w.org\/{rel}","templated":true}]}}