{"id":4792,"date":"2023-01-17T17:30:51","date_gmt":"2023-01-17T17:30:51","guid":{"rendered":"https:\/\/opticomtech.com\/product\/qs4-8\/"},"modified":"2025-02-10T23:40:21","modified_gmt":"2025-02-10T23:40:21","slug":"qs4-8","status":"publish","type":"product","link":"https:\/\/opticomtech.com\/fr\/produit\/qs4-8\/","title":{"rendered":"QS4-8"},"content":{"rendered":"<h4>S\u00e9parateur double page quadruple<\/h4>\n<ul>\n<li>Partage de l&rsquo;\u00e9cran sur le moniteur 4 ou 8 cam\u00e9ras \u00e0 la fois<\/li>\n<li>2 sorties vid\u00e9o<\/li>\n<li>Entr\u00e9e audio \u00e0 4 canaux<\/li>\n<li>Qualit\u00e9 d&rsquo;image r\u00e9glable par canal<\/li>\n<li>Fonction de zoom<\/li>\n<li>Fonction d&rsquo;arr\u00eat sur image multicanal<\/li>\n<li>Alarme de d\u00e9tection de mouvement<\/li>\n<li>Alarme de perte d&rsquo;image<\/li>\n<li>T\u00e9l\u00e9commande IR<\/li>\n<\/ul>\n","protected":false},"excerpt":{"rendered":"<p>Processeur vid\u00e9o CVBS analogique double page quadruple<\/p>\n","protected":false},"featured_media":7741,"template":"","meta":[],"product_brand":[],"product_cat":[180],"product_tag":[],"class_list":{"0":"post-4792","1":"product","2":"type-product","3":"status-publish","4":"has-post-thumbnail","6":"product_cat-distributeurs-amplificateurs-video","8":"first","9":"instock","10":"shipping-taxable","11":"product-type-simple"},"yoast_head":"<!-- This site is optimized with the Yoast SEO plugin v27.4 - https:\/\/yoast.com\/product\/yoast-seo-wordpress\/ -->\n<title>QS4-8 - Opticom Technologies<\/title>\n<meta name=\"robots\" content=\"index, follow, max-snippet:-1, max-image-preview:large, max-video-preview:-1\" \/>\n<link rel=\"canonical\" href=\"https:\/\/opticomtech.com\/fr\/produit\/qs4-8\/\" \/>\n<meta property=\"og:locale\" content=\"fr_FR\" \/>\n<meta property=\"og:type\" content=\"article\" \/>\n<meta property=\"og:title\" content=\"QS4-8 - Opticom Technologies\" \/>\n<meta property=\"og:description\" content=\"Processeur vid\u00e9o CVBS analogique double page quadruple\" \/>\n<meta property=\"og:url\" content=\"https:\/\/opticomtech.com\/fr\/produit\/qs4-8\/\" \/>\n<meta property=\"og:site_name\" content=\"Opticom Technologies\" \/>\n<meta property=\"article:modified_time\" content=\"2025-02-10T23:40:21+00:00\" \/>\n<meta property=\"og:image\" content=\"https:\/\/opticomtech.com\/wp-content\/uploads\/2023\/01\/QS4-8-1.png\" \/>\n\t<meta property=\"og:image:width\" content=\"300\" \/>\n\t<meta property=\"og:image:height\" content=\"300\" \/>\n\t<meta property=\"og:image:type\" content=\"image\/png\" \/>\n<meta name=\"twitter:card\" content=\"summary_large_image\" \/>\n<script type=\"application\/ld+json\" class=\"yoast-schema-graph\">{\"@context\":\"https:\\\/\\\/schema.org\",\"@graph\":[{\"@type\":\"WebPage\",\"@id\":\"https:\\\/\\\/opticomtech.com\\\/fr\\\/produit\\\/qs4-8\\\/\",\"url\":\"https:\\\/\\\/opticomtech.com\\\/fr\\\/produit\\\/qs4-8\\\/\",\"name\":\"QS4-8 - Opticom Technologies\",\"isPartOf\":{\"@id\":\"https:\\\/\\\/opticomtech.com\\\/#website\"},\"primaryImageOfPage\":{\"@id\":\"https:\\\/\\\/opticomtech.com\\\/fr\\\/produit\\\/qs4-8\\\/#primaryimage\"},\"image\":{\"@id\":\"https:\\\/\\\/opticomtech.com\\\/fr\\\/produit\\\/qs4-8\\\/#primaryimage\"},\"thumbnailUrl\":\"https:\\\/\\\/opticomtech.com\\\/wp-content\\\/uploads\\\/2023\\\/01\\\/QS4-8-1.png\",\"datePublished\":\"2023-01-17T17:30:51+00:00\",\"dateModified\":\"2025-02-10T23:40:21+00:00\",\"breadcrumb\":{\"@id\":\"https:\\\/\\\/opticomtech.com\\\/fr\\\/produit\\\/qs4-8\\\/#breadcrumb\"},\"inLanguage\":\"fr-FR\",\"potentialAction\":[{\"@type\":\"ReadAction\",\"target\":[\"https:\\\/\\\/opticomtech.com\\\/fr\\\/produit\\\/qs4-8\\\/\"]}]},{\"@type\":\"ImageObject\",\"inLanguage\":\"fr-FR\",\"@id\":\"https:\\\/\\\/opticomtech.com\\\/fr\\\/produit\\\/qs4-8\\\/#primaryimage\",\"url\":\"https:\\\/\\\/opticomtech.com\\\/wp-content\\\/uploads\\\/2023\\\/01\\\/QS4-8-1.png\",\"contentUrl\":\"https:\\\/\\\/opticomtech.com\\\/wp-content\\\/uploads\\\/2023\\\/01\\\/QS4-8-1.png\",\"width\":300,\"height\":300},{\"@type\":\"BreadcrumbList\",\"@id\":\"https:\\\/\\\/opticomtech.com\\\/fr\\\/produit\\\/qs4-8\\\/#breadcrumb\",\"itemListElement\":[{\"@type\":\"ListItem\",\"position\":1,\"name\":\"Home\",\"item\":\"https:\\\/\\\/opticomtech.com\\\/\"},{\"@type\":\"ListItem\",\"position\":2,\"name\":\"Boutique\",\"item\":\"https:\\\/\\\/opticomtech.com\\\/fr\\\/?page_id=4536\"},{\"@type\":\"ListItem\",\"position\":3,\"name\":\"QS4-8\"}]},{\"@type\":\"WebSite\",\"@id\":\"https:\\\/\\\/opticomtech.com\\\/#website\",\"url\":\"https:\\\/\\\/opticomtech.com\\\/\",\"name\":\"Opticom Technologies\",\"description\":\"Industrial CCTV Specialists - Providing a Complete Line of Video Surveillance Products.\",\"publisher\":{\"@id\":\"https:\\\/\\\/opticomtech.com\\\/#organization\"},\"potentialAction\":[{\"@type\":\"SearchAction\",\"target\":{\"@type\":\"EntryPoint\",\"urlTemplate\":\"https:\\\/\\\/opticomtech.com\\\/?s={search_term_string}\"},\"query-input\":{\"@type\":\"PropertyValueSpecification\",\"valueRequired\":true,\"valueName\":\"search_term_string\"}}],\"inLanguage\":\"fr-FR\"},{\"@type\":\"Organization\",\"@id\":\"https:\\\/\\\/opticomtech.com\\\/#organization\",\"name\":\"Opticom Technologies\",\"url\":\"https:\\\/\\\/opticomtech.com\\\/\",\"logo\":{\"@type\":\"ImageObject\",\"inLanguage\":\"fr-FR\",\"@id\":\"https:\\\/\\\/opticomtech.com\\\/#\\\/schema\\\/logo\\\/image\\\/\",\"url\":\"https:\\\/\\\/opticomtech.com\\\/wp-content\\\/uploads\\\/2020\\\/08\\\/cropped-opticom_logo_2020-silver.png\",\"contentUrl\":\"https:\\\/\\\/opticomtech.com\\\/wp-content\\\/uploads\\\/2020\\\/08\\\/cropped-opticom_logo_2020-silver.png\",\"width\":441,\"height\":144,\"caption\":\"Opticom Technologies\"},\"image\":{\"@id\":\"https:\\\/\\\/opticomtech.com\\\/#\\\/schema\\\/logo\\\/image\\\/\"}}]}<\/script>\n<!-- \/ Yoast SEO plugin. -->","yoast_head_json":{"title":"QS4-8 - Opticom Technologies","robots":{"index":"index","follow":"follow","max-snippet":"max-snippet:-1","max-image-preview":"max-image-preview:large","max-video-preview":"max-video-preview:-1"},"canonical":"https:\/\/opticomtech.com\/fr\/produit\/qs4-8\/","og_locale":"fr_FR","og_type":"article","og_title":"QS4-8 - Opticom Technologies","og_description":"Processeur vid\u00e9o CVBS analogique double page quadruple","og_url":"https:\/\/opticomtech.com\/fr\/produit\/qs4-8\/","og_site_name":"Opticom Technologies","article_modified_time":"2025-02-10T23:40:21+00:00","og_image":[{"width":300,"height":300,"url":"https:\/\/opticomtech.com\/wp-content\/uploads\/2023\/01\/QS4-8-1.png","type":"image\/png"}],"twitter_card":"summary_large_image","schema":{"@context":"https:\/\/schema.org","@graph":[{"@type":"WebPage","@id":"https:\/\/opticomtech.com\/fr\/produit\/qs4-8\/","url":"https:\/\/opticomtech.com\/fr\/produit\/qs4-8\/","name":"QS4-8 - Opticom Technologies","isPartOf":{"@id":"https:\/\/opticomtech.com\/#website"},"primaryImageOfPage":{"@id":"https:\/\/opticomtech.com\/fr\/produit\/qs4-8\/#primaryimage"},"image":{"@id":"https:\/\/opticomtech.com\/fr\/produit\/qs4-8\/#primaryimage"},"thumbnailUrl":"https:\/\/opticomtech.com\/wp-content\/uploads\/2023\/01\/QS4-8-1.png","datePublished":"2023-01-17T17:30:51+00:00","dateModified":"2025-02-10T23:40:21+00:00","breadcrumb":{"@id":"https:\/\/opticomtech.com\/fr\/produit\/qs4-8\/#breadcrumb"},"inLanguage":"fr-FR","potentialAction":[{"@type":"ReadAction","target":["https:\/\/opticomtech.com\/fr\/produit\/qs4-8\/"]}]},{"@type":"ImageObject","inLanguage":"fr-FR","@id":"https:\/\/opticomtech.com\/fr\/produit\/qs4-8\/#primaryimage","url":"https:\/\/opticomtech.com\/wp-content\/uploads\/2023\/01\/QS4-8-1.png","contentUrl":"https:\/\/opticomtech.com\/wp-content\/uploads\/2023\/01\/QS4-8-1.png","width":300,"height":300},{"@type":"BreadcrumbList","@id":"https:\/\/opticomtech.com\/fr\/produit\/qs4-8\/#breadcrumb","itemListElement":[{"@type":"ListItem","position":1,"name":"Home","item":"https:\/\/opticomtech.com\/"},{"@type":"ListItem","position":2,"name":"Boutique","item":"https:\/\/opticomtech.com\/fr\/?page_id=4536"},{"@type":"ListItem","position":3,"name":"QS4-8"}]},{"@type":"WebSite","@id":"https:\/\/opticomtech.com\/#website","url":"https:\/\/opticomtech.com\/","name":"Opticom Technologies","description":"Industrial CCTV Specialists - Providing a Complete Line of Video Surveillance Products.","publisher":{"@id":"https:\/\/opticomtech.com\/#organization"},"potentialAction":[{"@type":"SearchAction","target":{"@type":"EntryPoint","urlTemplate":"https:\/\/opticomtech.com\/?s={search_term_string}"},"query-input":{"@type":"PropertyValueSpecification","valueRequired":true,"valueName":"search_term_string"}}],"inLanguage":"fr-FR"},{"@type":"Organization","@id":"https:\/\/opticomtech.com\/#organization","name":"Opticom Technologies","url":"https:\/\/opticomtech.com\/","logo":{"@type":"ImageObject","inLanguage":"fr-FR","@id":"https:\/\/opticomtech.com\/#\/schema\/logo\/image\/","url":"https:\/\/opticomtech.com\/wp-content\/uploads\/2020\/08\/cropped-opticom_logo_2020-silver.png","contentUrl":"https:\/\/opticomtech.com\/wp-content\/uploads\/2020\/08\/cropped-opticom_logo_2020-silver.png","width":441,"height":144,"caption":"Opticom Technologies"},"image":{"@id":"https:\/\/opticomtech.com\/#\/schema\/logo\/image\/"}}]}},"_links":{"self":[{"href":"https:\/\/opticomtech.com\/fr\/wp-json\/wp\/v2\/product\/4792","targetHints":{"allow":["GET"]}}],"collection":[{"href":"https:\/\/opticomtech.com\/fr\/wp-json\/wp\/v2\/product"}],"about":[{"href":"https:\/\/opticomtech.com\/fr\/wp-json\/wp\/v2\/types\/product"}],"wp:featuredmedia":[{"embeddable":true,"href":"https:\/\/opticomtech.com\/fr\/wp-json\/wp\/v2\/media\/7741"}],"wp:attachment":[{"href":"https:\/\/opticomtech.com\/fr\/wp-json\/wp\/v2\/media?parent=4792"}],"wp:term":[{"taxonomy":"product_brand","embeddable":true,"href":"https:\/\/opticomtech.com\/fr\/wp-json\/wp\/v2\/product_brand?post=4792"},{"taxonomy":"product_cat","embeddable":true,"href":"https:\/\/opticomtech.com\/fr\/wp-json\/wp\/v2\/product_cat?post=4792"},{"taxonomy":"product_tag","embeddable":true,"href":"https:\/\/opticomtech.com\/fr\/wp-json\/wp\/v2\/product_tag?post=4792"}],"curies":[{"name":"wp","href":"https:\/\/api.w.org\/{rel}","templated":true}]}}