{"id":6764,"date":"2024-05-08T20:02:03","date_gmt":"2024-05-08T20:02:03","guid":{"rendered":"https:\/\/opticomtech.com\/?post_type=product&#038;p=6764"},"modified":"2024-05-08T20:11:36","modified_gmt":"2024-05-08T20:11:36","slug":"mib-4131sv3-copy","status":"publish","type":"product","link":"https:\/\/opticomtech.com\/fr\/produit\/mib-4131sv3-copy\/","title":{"rendered":"MIB-5131SV4"},"content":{"rendered":"<ul>\n<li>5 m\u00e9gapixels<\/li>\n<li>Objectif fixe de 2,8 mm<\/li>\n<li>Smart IR \/ 100 ft.<\/li>\n<li>Compression H.265+ \/ H265 \/ H.264+ \/ H.264 \/ MJPEG<\/li>\n<li>Poe et alimentation 12V DC<\/li>\n<\/ul>\n","protected":false},"excerpt":{"rendered":"<p>Cam\u00e9ra Bullet \u00e0 objectif fixe 5MP pour r\u00e9seaux IP<\/p>\n","protected":false},"featured_media":8267,"template":"","meta":[],"product_brand":[],"product_cat":[176],"product_tag":[],"class_list":{"0":"post-6764","1":"product","2":"type-product","3":"status-publish","4":"has-post-thumbnail","6":"product_cat-cameras-a-balles","8":"first","9":"instock","10":"shipping-taxable","11":"product-type-simple"},"yoast_head":"<!-- This site is optimized with the Yoast SEO plugin v27.4 - https:\/\/yoast.com\/product\/yoast-seo-wordpress\/ -->\n<title>MIB-5131SV4 - Opticom Technologies<\/title>\n<meta name=\"robots\" content=\"index, follow, max-snippet:-1, max-image-preview:large, max-video-preview:-1\" \/>\n<link rel=\"canonical\" href=\"https:\/\/opticomtech.com\/fr\/?post_type=product&p=6764\" \/>\n<meta property=\"og:locale\" content=\"fr_FR\" \/>\n<meta property=\"og:type\" content=\"article\" \/>\n<meta property=\"og:title\" content=\"MIB-5131SV4 - Opticom Technologies\" \/>\n<meta property=\"og:description\" content=\"Cam\u00e9ra Bullet \u00e0 objectif fixe 5MP pour r\u00e9seaux IP\" \/>\n<meta property=\"og:url\" content=\"https:\/\/opticomtech.com\/fr\/?post_type=product&amp;p=6764\" \/>\n<meta property=\"og:site_name\" content=\"Opticom Technologies\" \/>\n<meta property=\"article:modified_time\" content=\"2024-05-08T20:11:36+00:00\" \/>\n<meta property=\"og:image\" content=\"https:\/\/opticomtech.com\/wp-content\/uploads\/2020\/10\/MIB-4131SV3-1.png\" \/>\n\t<meta property=\"og:image:width\" content=\"500\" \/>\n\t<meta property=\"og:image:height\" content=\"500\" \/>\n\t<meta property=\"og:image:type\" content=\"image\/png\" \/>\n<meta name=\"twitter:card\" content=\"summary_large_image\" \/>\n<script type=\"application\/ld+json\" class=\"yoast-schema-graph\">{\"@context\":\"https:\\\/\\\/schema.org\",\"@graph\":[{\"@type\":\"WebPage\",\"@id\":\"https:\\\/\\\/opticomtech.com\\\/fr\\\/?post_type=product&p=6764\",\"url\":\"https:\\\/\\\/opticomtech.com\\\/fr\\\/?post_type=product&p=6764\",\"name\":\"MIB-5131SV4 - Opticom Technologies\",\"isPartOf\":{\"@id\":\"https:\\\/\\\/opticomtech.com\\\/#website\"},\"primaryImageOfPage\":{\"@id\":\"https:\\\/\\\/opticomtech.com\\\/fr\\\/?post_type=product&p=6764#primaryimage\"},\"image\":{\"@id\":\"https:\\\/\\\/opticomtech.com\\\/fr\\\/?post_type=product&p=6764#primaryimage\"},\"thumbnailUrl\":\"https:\\\/\\\/opticomtech.com\\\/wp-content\\\/uploads\\\/2025\\\/03\\\/05.png\",\"datePublished\":\"2024-05-08T20:02:03+00:00\",\"dateModified\":\"2024-05-08T20:11:36+00:00\",\"breadcrumb\":{\"@id\":\"https:\\\/\\\/opticomtech.com\\\/fr\\\/?post_type=product&p=6764#breadcrumb\"},\"inLanguage\":\"fr-FR\",\"potentialAction\":[{\"@type\":\"ReadAction\",\"target\":[\"https:\\\/\\\/opticomtech.com\\\/fr\\\/?post_type=product&p=6764\"]}]},{\"@type\":\"ImageObject\",\"inLanguage\":\"fr-FR\",\"@id\":\"https:\\\/\\\/opticomtech.com\\\/fr\\\/?post_type=product&p=6764#primaryimage\",\"url\":\"https:\\\/\\\/opticomtech.com\\\/wp-content\\\/uploads\\\/2025\\\/03\\\/05.png\",\"contentUrl\":\"https:\\\/\\\/opticomtech.com\\\/wp-content\\\/uploads\\\/2025\\\/03\\\/05.png\",\"width\":300,\"height\":300},{\"@type\":\"BreadcrumbList\",\"@id\":\"https:\\\/\\\/opticomtech.com\\\/fr\\\/?post_type=product&p=6764#breadcrumb\",\"itemListElement\":[{\"@type\":\"ListItem\",\"position\":1,\"name\":\"Home\",\"item\":\"https:\\\/\\\/opticomtech.com\\\/\"},{\"@type\":\"ListItem\",\"position\":2,\"name\":\"Boutique\",\"item\":\"https:\\\/\\\/opticomtech.com\\\/fr\\\/?page_id=4536\"},{\"@type\":\"ListItem\",\"position\":3,\"name\":\"MIB-5131SV4\"}]},{\"@type\":\"WebSite\",\"@id\":\"https:\\\/\\\/opticomtech.com\\\/#website\",\"url\":\"https:\\\/\\\/opticomtech.com\\\/\",\"name\":\"Opticom Technologies\",\"description\":\"Industrial CCTV Specialists - Providing a Complete Line of Video Surveillance Products.\",\"publisher\":{\"@id\":\"https:\\\/\\\/opticomtech.com\\\/#organization\"},\"potentialAction\":[{\"@type\":\"SearchAction\",\"target\":{\"@type\":\"EntryPoint\",\"urlTemplate\":\"https:\\\/\\\/opticomtech.com\\\/?s={search_term_string}\"},\"query-input\":{\"@type\":\"PropertyValueSpecification\",\"valueRequired\":true,\"valueName\":\"search_term_string\"}}],\"inLanguage\":\"fr-FR\"},{\"@type\":\"Organization\",\"@id\":\"https:\\\/\\\/opticomtech.com\\\/#organization\",\"name\":\"Opticom Technologies\",\"url\":\"https:\\\/\\\/opticomtech.com\\\/\",\"logo\":{\"@type\":\"ImageObject\",\"inLanguage\":\"fr-FR\",\"@id\":\"https:\\\/\\\/opticomtech.com\\\/#\\\/schema\\\/logo\\\/image\\\/\",\"url\":\"https:\\\/\\\/opticomtech.com\\\/wp-content\\\/uploads\\\/2020\\\/08\\\/cropped-opticom_logo_2020-silver.png\",\"contentUrl\":\"https:\\\/\\\/opticomtech.com\\\/wp-content\\\/uploads\\\/2020\\\/08\\\/cropped-opticom_logo_2020-silver.png\",\"width\":441,\"height\":144,\"caption\":\"Opticom Technologies\"},\"image\":{\"@id\":\"https:\\\/\\\/opticomtech.com\\\/#\\\/schema\\\/logo\\\/image\\\/\"}}]}<\/script>\n<!-- \/ Yoast SEO plugin. -->","yoast_head_json":{"title":"MIB-5131SV4 - Opticom Technologies","robots":{"index":"index","follow":"follow","max-snippet":"max-snippet:-1","max-image-preview":"max-image-preview:large","max-video-preview":"max-video-preview:-1"},"canonical":"https:\/\/opticomtech.com\/fr\/?post_type=product&p=6764","og_locale":"fr_FR","og_type":"article","og_title":"MIB-5131SV4 - Opticom Technologies","og_description":"Cam\u00e9ra Bullet \u00e0 objectif fixe 5MP pour r\u00e9seaux IP","og_url":"https:\/\/opticomtech.com\/fr\/?post_type=product&p=6764","og_site_name":"Opticom Technologies","article_modified_time":"2024-05-08T20:11:36+00:00","og_image":[{"width":500,"height":500,"url":"https:\/\/opticomtech.com\/wp-content\/uploads\/2020\/10\/MIB-4131SV3-1.png","type":"image\/png"}],"twitter_card":"summary_large_image","schema":{"@context":"https:\/\/schema.org","@graph":[{"@type":"WebPage","@id":"https:\/\/opticomtech.com\/fr\/?post_type=product&p=6764","url":"https:\/\/opticomtech.com\/fr\/?post_type=product&p=6764","name":"MIB-5131SV4 - Opticom Technologies","isPartOf":{"@id":"https:\/\/opticomtech.com\/#website"},"primaryImageOfPage":{"@id":"https:\/\/opticomtech.com\/fr\/?post_type=product&p=6764#primaryimage"},"image":{"@id":"https:\/\/opticomtech.com\/fr\/?post_type=product&p=6764#primaryimage"},"thumbnailUrl":"https:\/\/opticomtech.com\/wp-content\/uploads\/2025\/03\/05.png","datePublished":"2024-05-08T20:02:03+00:00","dateModified":"2024-05-08T20:11:36+00:00","breadcrumb":{"@id":"https:\/\/opticomtech.com\/fr\/?post_type=product&p=6764#breadcrumb"},"inLanguage":"fr-FR","potentialAction":[{"@type":"ReadAction","target":["https:\/\/opticomtech.com\/fr\/?post_type=product&p=6764"]}]},{"@type":"ImageObject","inLanguage":"fr-FR","@id":"https:\/\/opticomtech.com\/fr\/?post_type=product&p=6764#primaryimage","url":"https:\/\/opticomtech.com\/wp-content\/uploads\/2025\/03\/05.png","contentUrl":"https:\/\/opticomtech.com\/wp-content\/uploads\/2025\/03\/05.png","width":300,"height":300},{"@type":"BreadcrumbList","@id":"https:\/\/opticomtech.com\/fr\/?post_type=product&p=6764#breadcrumb","itemListElement":[{"@type":"ListItem","position":1,"name":"Home","item":"https:\/\/opticomtech.com\/"},{"@type":"ListItem","position":2,"name":"Boutique","item":"https:\/\/opticomtech.com\/fr\/?page_id=4536"},{"@type":"ListItem","position":3,"name":"MIB-5131SV4"}]},{"@type":"WebSite","@id":"https:\/\/opticomtech.com\/#website","url":"https:\/\/opticomtech.com\/","name":"Opticom Technologies","description":"Industrial CCTV Specialists - Providing a Complete Line of Video Surveillance Products.","publisher":{"@id":"https:\/\/opticomtech.com\/#organization"},"potentialAction":[{"@type":"SearchAction","target":{"@type":"EntryPoint","urlTemplate":"https:\/\/opticomtech.com\/?s={search_term_string}"},"query-input":{"@type":"PropertyValueSpecification","valueRequired":true,"valueName":"search_term_string"}}],"inLanguage":"fr-FR"},{"@type":"Organization","@id":"https:\/\/opticomtech.com\/#organization","name":"Opticom Technologies","url":"https:\/\/opticomtech.com\/","logo":{"@type":"ImageObject","inLanguage":"fr-FR","@id":"https:\/\/opticomtech.com\/#\/schema\/logo\/image\/","url":"https:\/\/opticomtech.com\/wp-content\/uploads\/2020\/08\/cropped-opticom_logo_2020-silver.png","contentUrl":"https:\/\/opticomtech.com\/wp-content\/uploads\/2020\/08\/cropped-opticom_logo_2020-silver.png","width":441,"height":144,"caption":"Opticom Technologies"},"image":{"@id":"https:\/\/opticomtech.com\/#\/schema\/logo\/image\/"}}]}},"_links":{"self":[{"href":"https:\/\/opticomtech.com\/fr\/wp-json\/wp\/v2\/product\/6764","targetHints":{"allow":["GET"]}}],"collection":[{"href":"https:\/\/opticomtech.com\/fr\/wp-json\/wp\/v2\/product"}],"about":[{"href":"https:\/\/opticomtech.com\/fr\/wp-json\/wp\/v2\/types\/product"}],"wp:featuredmedia":[{"embeddable":true,"href":"https:\/\/opticomtech.com\/fr\/wp-json\/wp\/v2\/media\/8267"}],"wp:attachment":[{"href":"https:\/\/opticomtech.com\/fr\/wp-json\/wp\/v2\/media?parent=6764"}],"wp:term":[{"taxonomy":"product_brand","embeddable":true,"href":"https:\/\/opticomtech.com\/fr\/wp-json\/wp\/v2\/product_brand?post=6764"},{"taxonomy":"product_cat","embeddable":true,"href":"https:\/\/opticomtech.com\/fr\/wp-json\/wp\/v2\/product_cat?post=6764"},{"taxonomy":"product_tag","embeddable":true,"href":"https:\/\/opticomtech.com\/fr\/wp-json\/wp\/v2\/product_tag?post=6764"}],"curies":[{"name":"wp","href":"https:\/\/api.w.org\/{rel}","templated":true}]}}